{"id":2315,"date":"2017-09-21T11:26:07","date_gmt":"2017-09-21T11:26:07","guid":{"rendered":"https:\/\/srp.es\/en\/?page_id=2315"},"modified":"2024-11-29T11:42:53","modified_gmt":"2024-11-29T09:42:53","slug":"success-stories-2","status":"publish","type":"page","link":"https:\/\/srp.es\/en\/success-stories-2\/","title":{"rendered":"Success Stories"},"content":{"rendered":"<p>[vc_row fullwidth=&#8221;yes&#8221; el_class=&#8221;cabecera&#8221;][vc_column][vc_row_inner][vc_column_inner el_class=&#8221;ancho100-l caja-overflow&#8221; width=&#8221;1\/2&#8243;]<img loading=\"lazy\" decoding=\"async\" width=\"863\" height=\"600\" src=\"https:\/\/srp.es\/wp-content\/uploads\/2017\/07\/cab-casos-de-exito.jpg\" class=\"fullwidth-image attachment-\" alt=\"casos-de-exito\" srcset=\"https:\/\/srp.es\/wp-content\/uploads\/2017\/07\/cab-casos-de-exito.jpg 863w, https:\/\/srp.es\/wp-content\/uploads\/2017\/07\/cab-casos-de-exito-300x209.jpg 300w, https:\/\/srp.es\/wp-content\/uploads\/2017\/07\/cab-casos-de-exito-768x534.jpg 768w\" sizes=\"(max-width: 863px) 100vw, 863px\" \/>[vc_empty_space el_class=&#8221;spacer-bottom&#8221;][\/vc_column_inner][vc_column_inner el_class=&#8221;caja-cab ancho100-l&#8221; width=&#8221;1\/2&#8243;]<h1 class=\" text-left   \" style=\" margin-bottom: px; \">Success Stories<\/h1>[\/vc_column_inner][\/vc_row_inner][\/vc_column][\/vc_row][vc_row fullwidth=&#8221;yes&#8221;][vc_column width=&#8221;1\/2&#8243; el_class=&#8221;ancho100-l&#8221;][vc_row_inner][vc_column_inner]<h2 class=\" text-left   \" style=\" margin-bottom: px; \">Our Portfolio<\/h2>[vc_column_text]<\/p>\n<ul>\n<li><strong>Consolidated Companies:<\/strong> We foster the growth of Asturian companies by the participation in the share capital or by the concession of subordinated loans..<\/li>\n<li><strong>Entrepreneurs:<\/strong> SRP funs micro-companies and small innovative and technological companies by the concession of subordinated loans.<\/li>\n<\/ul>\n<p>[\/vc_column_text][vc_empty_space el_class=&#8221;spacer-bottom&#8221;][\/vc_column_inner][\/vc_row_inner][vc_row_inner][vc_column_inner]<h3 class=\" text-left heading-underlined  black\" style=\" margin-bottom: px; \">Consolidated companies<\/h3>[\/vc_column_inner][\/vc_row_inner][vc_row_inner el_class=&#8221;caja-borde&#8221;][vc_column_inner width=&#8221;1\/4&#8243;][vc_column_text]<a href=\"https:\/\/srp.es\/empresas\/empresas-consolidadas\/soluciones-industriales-haux\/\"><img loading=\"lazy\" decoding=\"async\" class=\"alignnone wp-image-12339 size-full\" src=\"https:\/\/srp.es\/wp-content\/uploads\/2024\/10\/Logo-Haux-BN.jpg\" alt=\"\" width=\"140\" height=\"100\" \/><\/a>[\/vc_column_text][\/vc_column_inner][vc_column_inner width=&#8221;1\/4&#8243;][vc_column_text]<a href=\"https:\/\/srp.es\/empresas\/empresas-consolidadas\/bioquochem\/\" target=\"_blank\" rel=\"noopener noreferrer\"><img loading=\"lazy\" decoding=\"async\" class=\"size-full wp-image-8899 alignnone\" src=\"https:\/\/srp.es\/wp-content\/uploads\/2022\/06\/Logo-Bioquochem-nuevo-web-baja.jpg\" alt=\"\" width=\"150\" height=\"100\" \/><\/a>[\/vc_column_text][\/vc_column_inner][vc_column_inner width=&#8221;1\/4&#8243;][vc_column_text]<a href=\"https:\/\/srp.es\/empresas\/empresas-consolidadas\/iberastur-industry-and-heat-consortia\/\" target=\"_blank\" rel=\"noopener noreferrer\"><img loading=\"lazy\" decoding=\"async\" class=\"aligncenter wp-image-9596 size-full\" src=\"https:\/\/srp.es\/wp-content\/uploads\/2023\/02\/LOGO-IBERASTUR-web.jpg\" alt=\"Logo Iberastur\" width=\"150\" height=\"100\" \/><\/a>[\/vc_column_text][\/vc_column_inner][vc_column_inner width=&#8221;1\/4&#8243;][vc_column_text]<a href=\"https:\/\/srp.es\/empresas\/empresas-consolidadas\/autecnia\/\"><img loading=\"lazy\" decoding=\"async\" class=\"alignnone wp-image-11700 size-full\" src=\"https:\/\/srp.es\/wp-content\/uploads\/2024\/05\/Logo-Autecnia-BN-web.jpg\" alt=\"Autecnia\" width=\"150\" height=\"100\" \/><\/a>[\/vc_column_text][\/vc_column_inner][\/vc_row_inner][vc_row_inner el_class=&#8221;caja-borde&#8221;][vc_column_inner width=&#8221;1\/4&#8243;][vc_column_text]<a href=\"https:\/\/srp.es\/proa-sur-s-l\/\" target=\"_blank\" rel=\"noopener noreferrer\"><img loading=\"lazy\" decoding=\"async\" class=\"alignnone size-full wp-image-3910\" src=\"https:\/\/srp.es\/wp-content\/uploads\/2018\/07\/Logo-Proasur-BN-2.jpg\" alt=\"\" width=\"150\" height=\"100\" \/><\/a>[\/vc_column_text][\/vc_column_inner][vc_column_inner width=&#8221;1\/4&#8243;][vc_column_text]<a href=\"https:\/\/srp.es\/empresas\/empresas-consolidadas\/global-smm-2009\/\"><img loading=\"lazy\" decoding=\"async\" class=\"wp-image-5848 size-full alignnone\" src=\"https:\/\/srp.es\/wp-content\/uploads\/2020\/11\/Logo-Fuensanta-web-150x100-bis-2.jpg\" alt=\"Fuensanta\" width=\"150\" height=\"100\" \/><\/a>[\/vc_column_text][\/vc_column_inner][vc_column_inner width=&#8221;1\/4&#8243;][vc_column_text]<a href=\"https:\/\/srp.es\/empresas\/empresas-consolidadas\/agr-catalysts-recovery\/\" target=\"_blank\" rel=\"noopener noreferrer\"><img loading=\"lazy\" decoding=\"async\" class=\"wp-image-5850 size-full alignnone\" src=\"https:\/\/srp.es\/wp-content\/uploads\/2020\/11\/Logo-AGRCR.jpg\" alt=\"AGR logo\" width=\"150\" height=\"100\" \/><\/a>[\/vc_column_text][\/vc_column_inner][vc_column_inner width=&#8221;1\/4&#8243;][vc_column_text]<a href=\"https:\/\/srp.es\/empresas\/empresas-consolidadas\/artesanos-cerveceros-de-asturias-s-l\/\" target=\"_blank\" rel=\"noopener noreferrer\"><img loading=\"lazy\" decoding=\"async\" class=\"alignnone size-full wp-image-3998\" src=\"https:\/\/srp.es\/wp-content\/uploads\/2017\/10\/Logo-Ordum-Artesanos-cerveceros-web.png\" alt=\"\" width=\"150\" height=\"100\" \/><\/a>[\/vc_column_text][\/vc_column_inner][\/vc_row_inner][vc_row_inner el_class=&#8221;not-fluid&#8221;][vc_column_inner]<div class=\"more-bottom text-center\"><a class=\"btn   btn-primary  primary-typo\" target=\"_blank\" style=\"margin-bottom: px; margin-top: px;\" href=\"https:\/\/srp.es\/en\/companies\/#consolidated-companies\"> View all the companies<\/a><\/div>[\/vc_column_inner][\/vc_row_inner][vc_row_inner el_class=&#8221;not-fluid&#8221;][vc_column_inner]<h3 class=\" text-left heading-underlined  black\" style=\" margin-bottom: px; \">Entrepreneurs<\/h3>[\/vc_column_inner][\/vc_row_inner][vc_row_inner el_class=&#8221;caja-borde&#8221;][vc_column_inner width=&#8221;1\/4&#8243;][vc_column_text]<a href=\"https:\/\/srp.es\/empresas\/emprendedores\/okticket\/\" target=\"_blank\" rel=\"noopener noreferrer\"><img loading=\"lazy\" decoding=\"async\" class=\"wp-image-6108 size-full alignnone\" src=\"https:\/\/srp.es\/wp-content\/uploads\/2020\/12\/Logo-Okticket-web-SRP.png\" alt=\"Logo Okticket\" width=\"150\" height=\"100\" \/><\/a>[\/vc_column_text][\/vc_column_inner][vc_column_inner width=&#8221;1\/4&#8243;][vc_column_text]<a href=\"https:\/\/srp.es\/empresas\/emprendedores\/cinelenses\/\" target=\"_blank\" rel=\"noopener noreferrer\"><img loading=\"lazy\" decoding=\"async\" class=\"alignnone wp-image-8104 size-full\" src=\"https:\/\/srp.es\/wp-content\/uploads\/2021\/12\/Logo-CineLenses-baja.png\" alt=\"\" width=\"150\" height=\"100\" \/><\/a>[\/vc_column_text][\/vc_column_inner][vc_column_inner width=&#8221;1\/4&#8243;][vc_column_text]<a href=\"https:\/\/srp.es\/empresas\/emprendedores\/plexigrid\/\" target=\"_blank\" rel=\"noopener noreferrer\"><img loading=\"lazy\" decoding=\"async\" class=\"alignnone wp-image-8926 size-full\" src=\"https:\/\/srp.es\/wp-content\/uploads\/2022\/06\/Logo-Plexigrid.png\" alt=\"Logo Plexigrid\" width=\"150\" height=\"100\" \/><\/a>[\/vc_column_text][\/vc_column_inner][vc_column_inner width=&#8221;1\/4&#8243;][vc_column_text]<a href=\"https:\/\/srp.es\/empresas\/emprendedores\/flame-analytics\/\"><img loading=\"lazy\" decoding=\"async\" class=\"alignnone wp-image-11902 size-full\" src=\"https:\/\/srp.es\/wp-content\/uploads\/2024\/06\/Logo-flame-2024-web-BN.jpg\" alt=\"Logo flame 2024 web BN\" width=\"150\" height=\"100\" \/><\/a>[\/vc_column_text][\/vc_column_inner][\/vc_row_inner][vc_row_inner el_class=&#8221;caja-borde&#8221;][vc_column_inner width=&#8221;1\/4&#8243;][vc_column_text]<a href=\"https:\/\/srp.es\/empresas\/emprendedores\/gestion-e-innovacion-en-eficiencia-energetica\/\" target=\"_black\" rel=\"noopener noreferrer\"><img loading=\"lazy\" decoding=\"async\" class=\"alignnone wp-image-715 size-full\" src=\"https:\/\/srp.es\/wp-content\/uploads\/2017\/08\/Gessine.jpg\" alt=\"Gessine\" width=\"150\" height=\"102\" \/><\/a>[\/vc_column_text][\/vc_column_inner][vc_column_inner width=&#8221;1\/4&#8243;][vc_column_text]<a href=\"https:\/\/srp.es\/empresas\/emprendedores\/big-health-data-consulting-s-l\/\" target=\"_blank\" rel=\"noopener noreferrer\"><img loading=\"lazy\" decoding=\"async\" class=\"alignnone size-full wp-image-3986\" src=\"https:\/\/srp.es\/wp-content\/uploads\/2017\/10\/Big-Health-Data.png\" alt=\"\" width=\"150\" height=\"100\" \/><\/a>[\/vc_column_text][\/vc_column_inner][vc_column_inner width=&#8221;1\/4&#8243;][vc_column_text]<a href=\"https:\/\/srp.es\/empresas\/emprendedores\/metodo-r-cosmeticos-s-l\/\" target=\"_blank\" rel=\"noopener noreferrer\"><img loading=\"lazy\" decoding=\"async\" class=\"alignnone wp-image-8973 size-full\" src=\"https:\/\/srp.es\/wp-content\/uploads\/2022\/07\/Logo-M\u00e9todo-R.png\" alt=\"Logo M\u00e9todo R\" width=\"150\" height=\"100\" \/><\/a>[\/vc_column_text][\/vc_column_inner][vc_column_inner width=&#8221;1\/4&#8243;][vc_column_text]<a href=\"https:\/\/srp.es\/empresas\/emprendedores\/atiko-venues\/\" target=\"_blank\" rel=\"noopener noreferrer\"><img loading=\"lazy\" decoding=\"async\" class=\"wp-image-8198 size-full alignnone\" src=\"https:\/\/srp.es\/wp-content\/uploads\/2022\/02\/Logo-HolaPlace-BN.png\" alt=\"\" width=\"150\" height=\"100\" \/><\/a>[\/vc_column_text][\/vc_column_inner][\/vc_row_inner][vc_row_inner el_class=&#8221;not-fluid&#8221;][vc_column_inner]<div class=\"more-bottom text-center\"><a class=\"btn   btn-primary  primary-typo\" target=\"_blank\" style=\"margin-bottom: px; margin-top: px;\" href=\"https:\/\/srp.es\/en\/companies\/#entrepreneurs\"> View all the companies<\/a><\/div>[\/vc_column_inner][\/vc_row_inner][\/vc_column][vc_column width=&#8221;1\/2&#8243; el_class=&#8221;caja-testimoniales txt-center sin-carousel ancho100-l&#8221;]\n\n\n<div class=\"no-carrousel carousel-testimonials\">\n\n\n\t    \n        \n            <div id=\"post-6004\" class=\"testimonial-content\">\t\t\n                <div class=\"testimonial-avatar\">\n                    <img loading=\"lazy\" decoding=\"async\" width=\"113\" height=\"113\" src=\"https:\/\/srp.es\/wp-content\/uploads\/2020\/11\/carlota-y-rocio.png\" class=\"img-circle attachment-full\" alt=\"Carlota Abello Fern\u00e1ndez y Roc\u00edo Cachero Crespo Socias fundadoras de Dogram Ingenier\u00eda de Documentaci\u00f3n Tridimensional, S.L.\" \/>                    \n                <\/div>\n                <h5 class=\"testimonial-quote-cite\">Carlota Abello Fern\u00e1ndez y Roc\u00edo Cachero Crespo (en la foto)<\/h5>\n\t\t\t\t<h6 class=\"testimonial-quote-cite\">Socias fundadoras de Dogram Ingenier\u00eda de Documentaci\u00f3n Tridimensional, S.L.<\/h6>\n               \n                <p class=\"testimonial-quote-text additional-heading\">\u201cEl respaldo de la SRP nos ha permitido consolidar el crecimiento que est\u00e1bamos logrando fruto del trabajo con grandes ingenier\u00edas y talleres metalmec\u00e1nicos tanto en Espa\u00f1a como a nivel internacional.\u201d<\/p>\n                \n            <\/div>\n         \n        \n            <div id=\"post-6003\" class=\"testimonial-content\">\t\t\n                <div class=\"testimonial-avatar\">\n                    <img loading=\"lazy\" decoding=\"async\" width=\"113\" height=\"113\" src=\"https:\/\/srp.es\/wp-content\/uploads\/2020\/11\/marco-antonio-fernandez.png\" class=\"img-circle attachment-full\" alt=\"Marco Antonio Fern\u00e1ndez Alonso CEO \u2013 Director General de Esnova Racks, S.A.\" \/>                    \n                <\/div>\n                <h5 class=\"testimonial-quote-cite\">Marco Antonio Fern\u00e1ndez Alonso<\/h5>\n\t\t\t\t<h6 class=\"testimonial-quote-cite\">CEO \u2013 Director General de Esnova Racks, S.A.<\/h6>\n               \n                <p class=\"testimonial-quote-text additional-heading\">\u201cLa ayuda y colaboraci\u00f3n de la SRP en el desarrollo del plan estrat\u00e9gico de Esnova Racks ha sido de vital importancia; no solo nos ha ayudado a mantener cierta estabilidad financiera, sino que tambi\u00e9n nos ha dotado de una gran fortaleza para consolidarnos como una de las empresas l\u00edder en nuestro sector.\u201d<\/p>\n                \n            <\/div>\n         \n        \n            <div id=\"post-5909\" class=\"testimonial-content\">\t\t\n                <div class=\"testimonial-avatar\">\n                    <img loading=\"lazy\" decoding=\"async\" width=\"113\" height=\"113\" src=\"https:\/\/srp.es\/wp-content\/uploads\/2017\/08\/david-martinez-adn.png\" class=\"img-circle attachment-full\" alt=\"david-martinez\" \/>                    \n                <\/div>\n                <h5 class=\"testimonial-quote-cite\">Abel Rionda Rodr\u00edguez y David Mart\u00ednez \u00c1lvarez (en la foto)<\/h5>\n\t\t\t\t<h6 class=\"testimonial-quote-cite\">Socios fundadores de ADN Context-aware Mobile Solutions, S.L.<\/h6>\n               \n                <p class=\"testimonial-quote-text additional-heading\">\u201cEl apoyo de la SRP ha sido sin duda fundamental para poder sacar adelante a ADN, pues no solo ha permitido soportar econ\u00f3micamente el largo y duro proceso de desarrollo del proyecto, sino que ha dado una imagen a la empresa muy importante de cara a terceros.\u201d<\/p>\n                \n            <\/div>\n      \n<\/div>\n[\/vc_column][\/vc_row]<\/p>\n","protected":false},"excerpt":{"rendered":"<p>[vc_row fullwidth=&#8221;yes&#8221; el_class=&#8221;cabecera&#8221;][vc_column][vc_row_inner][vc_column_inner el_class=&#8221;ancho100-l caja-overflow&#8221; width=&#8221;1\/2&#8243;][vc_empty_space el_class=&#8221;spacer-bottom&#8221;][\/vc_column_inner][vc_column_inner el_class=&#8221;caja-cab ancho100-l&#8221; width=&#8221;1\/2&#8243;][\/vc_column_inner][\/vc_row_inner][\/vc_column][\/vc_row][vc_row fullwidth=&#8221;yes&#8221;][vc_column width=&#8221;1\/2&#8243; el_class=&#8221;ancho100-l&#8221;][vc_row_inner][vc_column_inner][vc_column_text] Consolidated Companies: We foster the growth of Asturian companies by the participation in the share capital or by the concession of subordinated loans.. Entrepreneurs: SRP funs micro-companies and small innovative and technological companies by the concession of subordinated loans. [\/vc_column_text][vc_empty_space el_class=&#8221;spacer-bottom&#8221;][\/vc_column_inner][\/vc_row_inner][vc_row_inner][vc_column_inner][\/vc_column_inner][\/vc_row_inner][vc_row_inner el_class=&#8221;caja-borde&#8221;][vc_column_inner [&hellip;]<\/p>\n","protected":false},"author":1,"featured_media":0,"parent":0,"menu_order":0,"comment_status":"closed","ping_status":"closed","template":"page-fullwidth.php","meta":{"_acf_changed":false,"footnotes":""},"categories":[],"class_list":["post-2315","page","type-page","status-publish","hentry"],"acf":[],"yoast_head":"<!-- This site is optimized with the Yoast SEO plugin v23.7 - https:\/\/yoast.com\/wordpress\/plugins\/seo\/ -->\n<title>Success Stories - SRP<\/title>\n<meta name=\"description\" content=\"Financiaci\u00f3n p\u00fablico-privada para pymes y emprendedores en Asturias.\" \/>\n<meta name=\"robots\" content=\"index, follow, max-snippet:-1, max-image-preview:large, max-video-preview:-1\" \/>\n<link rel=\"canonical\" href=\"https:\/\/srp.es\/en\/success-stories-2\/\" \/>\n<meta property=\"og:locale\" content=\"en_US\" \/>\n<meta property=\"og:type\" content=\"article\" \/>\n<meta property=\"og:title\" content=\"Success Stories - SRP\" \/>\n<meta property=\"og:description\" content=\"Financiaci\u00f3n p\u00fablico-privada para pymes y emprendedores en Asturias.\" \/>\n<meta property=\"og:url\" content=\"https:\/\/srp.es\/en\/success-stories-2\/\" \/>\n<meta property=\"og:site_name\" content=\"SRP\" \/>\n<meta property=\"article:publisher\" content=\"https:\/\/www.facebook.com\/SRPAsturias\" \/>\n<meta property=\"article:modified_time\" content=\"2024-11-29T09:42:53+00:00\" \/>\n<meta property=\"og:image\" content=\"https:\/\/srp.es\/wp-content\/uploads\/2024\/10\/Logo-Haux-BN.jpg\" \/>\n<meta name=\"twitter:card\" content=\"summary_large_image\" \/>\n<meta name=\"twitter:site\" content=\"@SRPAsturias\" \/>\n<meta name=\"twitter:label1\" content=\"Est. reading time\" \/>\n\t<meta name=\"twitter:data1\" content=\"4 minutes\" \/>\n<script type=\"application\/ld+json\" class=\"yoast-schema-graph\">{\"@context\":\"https:\/\/schema.org\",\"@graph\":[{\"@type\":\"WebPage\",\"@id\":\"https:\/\/srp.es\/en\/success-stories-2\/\",\"url\":\"https:\/\/srp.es\/en\/success-stories-2\/\",\"name\":\"Success Stories - SRP\",\"isPartOf\":{\"@id\":\"https:\/\/srp.es\/#website\"},\"primaryImageOfPage\":{\"@id\":\"https:\/\/srp.es\/en\/success-stories-2\/#primaryimage\"},\"image\":{\"@id\":\"https:\/\/srp.es\/en\/success-stories-2\/#primaryimage\"},\"thumbnailUrl\":\"https:\/\/srp.es\/wp-content\/uploads\/2024\/10\/Logo-Haux-BN.jpg\",\"datePublished\":\"2017-09-21T11:26:07+00:00\",\"dateModified\":\"2024-11-29T09:42:53+00:00\",\"description\":\"Financiaci\u00f3n p\u00fablico-privada para pymes y emprendedores en Asturias.\",\"breadcrumb\":{\"@id\":\"https:\/\/srp.es\/en\/success-stories-2\/#breadcrumb\"},\"inLanguage\":\"en-US\",\"potentialAction\":[{\"@type\":\"ReadAction\",\"target\":[\"https:\/\/srp.es\/en\/success-stories-2\/\"]}]},{\"@type\":\"ImageObject\",\"inLanguage\":\"en-US\",\"@id\":\"https:\/\/srp.es\/en\/success-stories-2\/#primaryimage\",\"url\":\"https:\/\/srp.es\/wp-content\/uploads\/2024\/10\/Logo-Haux-BN.jpg\",\"contentUrl\":\"https:\/\/srp.es\/wp-content\/uploads\/2024\/10\/Logo-Haux-BN.jpg\"},{\"@type\":\"BreadcrumbList\",\"@id\":\"https:\/\/srp.es\/en\/success-stories-2\/#breadcrumb\",\"itemListElement\":[{\"@type\":\"ListItem\",\"position\":1,\"name\":\"Portada\",\"item\":\"https:\/\/srp.es\/en\/\"},{\"@type\":\"ListItem\",\"position\":2,\"name\":\"Success Stories\"}]},{\"@type\":\"WebSite\",\"@id\":\"https:\/\/srp.es\/#website\",\"url\":\"https:\/\/srp.es\/\",\"name\":\"SRP\",\"description\":\"\",\"publisher\":{\"@id\":\"https:\/\/srp.es\/#organization\"},\"potentialAction\":[{\"@type\":\"SearchAction\",\"target\":{\"@type\":\"EntryPoint\",\"urlTemplate\":\"https:\/\/srp.es\/?s={search_term_string}\"},\"query-input\":{\"@type\":\"PropertyValueSpecification\",\"valueRequired\":true,\"valueName\":\"search_term_string\"}}],\"inLanguage\":\"en-US\"},{\"@type\":\"Organization\",\"@id\":\"https:\/\/srp.es\/#organization\",\"name\":\"SRP - Sociedad Regional de Promoci\u00f3n del Principado de Asturias, S.A.\",\"url\":\"https:\/\/srp.es\/\",\"logo\":{\"@type\":\"ImageObject\",\"inLanguage\":\"en-US\",\"@id\":\"https:\/\/srp.es\/#\/schema\/logo\/image\/\",\"url\":\"https:\/\/srp.es\/wp-content\/uploads\/2018\/01\/logo-firma.jpg\",\"contentUrl\":\"https:\/\/srp.es\/wp-content\/uploads\/2018\/01\/logo-firma.jpg\",\"width\":99,\"height\":46,\"caption\":\"SRP - Sociedad Regional de Promoci\u00f3n del Principado de Asturias, S.A.\"},\"image\":{\"@id\":\"https:\/\/srp.es\/#\/schema\/logo\/image\/\"},\"sameAs\":[\"https:\/\/www.facebook.com\/SRPAsturias\",\"https:\/\/x.com\/SRPAsturias\",\"https:\/\/www.linkedin.com\/company\/958056\/admin\/\"]}]}<\/script>\n<!-- \/ Yoast SEO plugin. -->","yoast_head_json":{"title":"Success Stories - SRP","description":"Financiaci\u00f3n p\u00fablico-privada para pymes y emprendedores en Asturias.","robots":{"index":"index","follow":"follow","max-snippet":"max-snippet:-1","max-image-preview":"max-image-preview:large","max-video-preview":"max-video-preview:-1"},"canonical":"https:\/\/srp.es\/en\/success-stories-2\/","og_locale":"en_US","og_type":"article","og_title":"Success Stories - SRP","og_description":"Financiaci\u00f3n p\u00fablico-privada para pymes y emprendedores en Asturias.","og_url":"https:\/\/srp.es\/en\/success-stories-2\/","og_site_name":"SRP","article_publisher":"https:\/\/www.facebook.com\/SRPAsturias","article_modified_time":"2024-11-29T09:42:53+00:00","og_image":[{"url":"https:\/\/srp.es\/wp-content\/uploads\/2024\/10\/Logo-Haux-BN.jpg"}],"twitter_card":"summary_large_image","twitter_site":"@SRPAsturias","twitter_misc":{"Est. reading time":"4 minutes"},"schema":{"@context":"https:\/\/schema.org","@graph":[{"@type":"WebPage","@id":"https:\/\/srp.es\/en\/success-stories-2\/","url":"https:\/\/srp.es\/en\/success-stories-2\/","name":"Success Stories - SRP","isPartOf":{"@id":"https:\/\/srp.es\/#website"},"primaryImageOfPage":{"@id":"https:\/\/srp.es\/en\/success-stories-2\/#primaryimage"},"image":{"@id":"https:\/\/srp.es\/en\/success-stories-2\/#primaryimage"},"thumbnailUrl":"https:\/\/srp.es\/wp-content\/uploads\/2024\/10\/Logo-Haux-BN.jpg","datePublished":"2017-09-21T11:26:07+00:00","dateModified":"2024-11-29T09:42:53+00:00","description":"Financiaci\u00f3n p\u00fablico-privada para pymes y emprendedores en Asturias.","breadcrumb":{"@id":"https:\/\/srp.es\/en\/success-stories-2\/#breadcrumb"},"inLanguage":"en-US","potentialAction":[{"@type":"ReadAction","target":["https:\/\/srp.es\/en\/success-stories-2\/"]}]},{"@type":"ImageObject","inLanguage":"en-US","@id":"https:\/\/srp.es\/en\/success-stories-2\/#primaryimage","url":"https:\/\/srp.es\/wp-content\/uploads\/2024\/10\/Logo-Haux-BN.jpg","contentUrl":"https:\/\/srp.es\/wp-content\/uploads\/2024\/10\/Logo-Haux-BN.jpg"},{"@type":"BreadcrumbList","@id":"https:\/\/srp.es\/en\/success-stories-2\/#breadcrumb","itemListElement":[{"@type":"ListItem","position":1,"name":"Portada","item":"https:\/\/srp.es\/en\/"},{"@type":"ListItem","position":2,"name":"Success Stories"}]},{"@type":"WebSite","@id":"https:\/\/srp.es\/#website","url":"https:\/\/srp.es\/","name":"SRP","description":"","publisher":{"@id":"https:\/\/srp.es\/#organization"},"potentialAction":[{"@type":"SearchAction","target":{"@type":"EntryPoint","urlTemplate":"https:\/\/srp.es\/?s={search_term_string}"},"query-input":{"@type":"PropertyValueSpecification","valueRequired":true,"valueName":"search_term_string"}}],"inLanguage":"en-US"},{"@type":"Organization","@id":"https:\/\/srp.es\/#organization","name":"SRP - Sociedad Regional de Promoci\u00f3n del Principado de Asturias, S.A.","url":"https:\/\/srp.es\/","logo":{"@type":"ImageObject","inLanguage":"en-US","@id":"https:\/\/srp.es\/#\/schema\/logo\/image\/","url":"https:\/\/srp.es\/wp-content\/uploads\/2018\/01\/logo-firma.jpg","contentUrl":"https:\/\/srp.es\/wp-content\/uploads\/2018\/01\/logo-firma.jpg","width":99,"height":46,"caption":"SRP - Sociedad Regional de Promoci\u00f3n del Principado de Asturias, S.A."},"image":{"@id":"https:\/\/srp.es\/#\/schema\/logo\/image\/"},"sameAs":["https:\/\/www.facebook.com\/SRPAsturias","https:\/\/x.com\/SRPAsturias","https:\/\/www.linkedin.com\/company\/958056\/admin\/"]}]}},"_links":{"self":[{"href":"https:\/\/srp.es\/en\/wp-json\/wp\/v2\/pages\/2315"}],"collection":[{"href":"https:\/\/srp.es\/en\/wp-json\/wp\/v2\/pages"}],"about":[{"href":"https:\/\/srp.es\/en\/wp-json\/wp\/v2\/types\/page"}],"author":[{"embeddable":true,"href":"https:\/\/srp.es\/en\/wp-json\/wp\/v2\/users\/1"}],"replies":[{"embeddable":true,"href":"https:\/\/srp.es\/en\/wp-json\/wp\/v2\/comments?post=2315"}],"version-history":[{"count":57,"href":"https:\/\/srp.es\/en\/wp-json\/wp\/v2\/pages\/2315\/revisions"}],"predecessor-version":[{"id":12480,"href":"https:\/\/srp.es\/en\/wp-json\/wp\/v2\/pages\/2315\/revisions\/12480"}],"wp:attachment":[{"href":"https:\/\/srp.es\/en\/wp-json\/wp\/v2\/media?parent=2315"}],"wp:term":[{"taxonomy":"category","embeddable":true,"href":"https:\/\/srp.es\/en\/wp-json\/wp\/v2\/categories?post=2315"}],"curies":[{"name":"wp","href":"https:\/\/api.w.org\/{rel}","templated":true}]}}