{"id":2323,"date":"2017-09-21T11:28:16","date_gmt":"2017-09-21T11:28:16","guid":{"rendered":"https:\/\/srp.es\/en\/?page_id=2323"},"modified":"2021-08-25T11:49:04","modified_gmt":"2021-08-25T09:49:04","slug":"average-payment-period","status":"publish","type":"page","link":"https:\/\/srp.es\/en\/average-payment-period\/","title":{"rendered":"Average Payment Period"},"content":{"rendered":"<p>[vc_row fullwidth=&#8221;yes&#8221; el_class=&#8221;cabecera&#8221;][vc_column][vc_row_inner][vc_column_inner el_class=&#8221;ancho100-l caja-overflow&#8221; width=&#8221;5\/12&#8243;]<img loading=\"lazy\" decoding=\"async\" width=\"725\" height=\"748\" src=\"https:\/\/srp.es\/wp-content\/uploads\/2017\/08\/cab-periodomediodepago.jpg\" class=\"fullwidth-image attachment-\" alt=\"periodomediodepago\" srcset=\"https:\/\/srp.es\/wp-content\/uploads\/2017\/08\/cab-periodomediodepago.jpg 725w, https:\/\/srp.es\/wp-content\/uploads\/2017\/08\/cab-periodomediodepago-291x300.jpg 291w\" sizes=\"(max-width: 725px) 100vw, 725px\" \/>[\/vc_column_inner][vc_column_inner el_class=&#8221;caja-cab ancho100-l&#8221; width=&#8221;7\/12&#8243;]<h1 class=\" text-left   \" style=\" margin-bottom: px; \">Periodo medio de pago<\/h1>[vc_column_text]En cumplimiento de la Disposici\u00f3n Adicional primera de la Ley Org\u00e1nica 9\/2013, de 20 de diciembre, de control de la deuda comercial en el sector p\u00fablico en relaci\u00f3n con la Disposici\u00f3n Transitoria \u00fanica del Real Decreto 635\/2014, de 25 de julio, Sociedad Regional de Promoci\u00f3n del Principado de Asturias, S.A. (SRP) publica los ratios del periodo medio de pago mensual a proveedores.[\/vc_column_text][vc_column_text el_class=&#8221;doc lista_tipo1&#8243;]<\/p>\n<p><a href=\"https:\/\/srp.es\/periodo-medio-de-pago\/\" target=\"_blank\" rel=\"noopener noreferrer\"><strong>Link a Periodo Medio de Pago<\/strong><\/a><\/p>\n<p>[\/vc_column_text][\/vc_column_inner][\/vc_row_inner][\/vc_column][\/vc_row]<\/p>\n","protected":false},"excerpt":{"rendered":"<p>[vc_row fullwidth=&#8221;yes&#8221; el_class=&#8221;cabecera&#8221;][vc_column][vc_row_inner][vc_column_inner el_class=&#8221;ancho100-l caja-overflow&#8221; width=&#8221;5\/12&#8243;][\/vc_column_inner][vc_column_inner el_class=&#8221;caja-cab ancho100-l&#8221; width=&#8221;7\/12&#8243;][vc_column_text]En cumplimiento de la Disposici\u00f3n Adicional primera de la Ley Org\u00e1nica 9\/2013, de 20 de diciembre, de control de la deuda comercial en el sector p\u00fablico en relaci\u00f3n con la Disposici\u00f3n Transitoria \u00fanica del Real Decreto 635\/2014, de 25 de julio, Sociedad Regional de Promoci\u00f3n del Principado [&hellip;]<\/p>\n","protected":false},"author":1,"featured_media":0,"parent":0,"menu_order":0,"comment_status":"closed","ping_status":"closed","template":"page-fullwidth.php","meta":{"_acf_changed":false,"footnotes":""},"categories":[],"class_list":["post-2323","page","type-page","status-publish","hentry"],"acf":[],"yoast_head":"<!-- This site is optimized with the Yoast SEO plugin v23.7 - https:\/\/yoast.com\/wordpress\/plugins\/seo\/ -->\n<title>Average Payment Period - SRP<\/title>\n<meta name=\"description\" content=\"Financiaci\u00f3n p\u00fablico-privada para pymes y emprendedores en Asturias.\" \/>\n<meta name=\"robots\" content=\"index, follow, max-snippet:-1, max-image-preview:large, max-video-preview:-1\" \/>\n<link rel=\"canonical\" href=\"https:\/\/srp.es\/en\/periodo-medio-de-pago\/\" \/>\n<meta property=\"og:locale\" content=\"en_US\" \/>\n<meta property=\"og:type\" content=\"article\" \/>\n<meta property=\"og:title\" content=\"Average Payment Period - SRP\" \/>\n<meta property=\"og:description\" content=\"Financiaci\u00f3n p\u00fablico-privada para pymes y emprendedores en Asturias.\" \/>\n<meta property=\"og:url\" content=\"https:\/\/srp.es\/periodo-medio-de-pago\/\" \/>\n<meta property=\"og:site_name\" content=\"SRP\" \/>\n<meta property=\"article:publisher\" content=\"https:\/\/www.facebook.com\/SRPAsturias\" \/>\n<meta property=\"article:modified_time\" content=\"2021-08-25T09:49:04+00:00\" \/>\n<meta name=\"twitter:card\" content=\"summary_large_image\" \/>\n<meta name=\"twitter:site\" content=\"@SRPAsturias\" \/>\n<meta name=\"twitter:label1\" content=\"Est. reading time\" \/>\n\t<meta name=\"twitter:data1\" content=\"1 minute\" \/>\n<script type=\"application\/ld+json\" class=\"yoast-schema-graph\">{\"@context\":\"https:\/\/schema.org\",\"@graph\":[{\"@type\":\"WebPage\",\"@id\":\"https:\/\/srp.es\/periodo-medio-de-pago\/\",\"url\":\"https:\/\/srp.es\/periodo-medio-de-pago\/\",\"name\":\"Average Payment Period - SRP\",\"isPartOf\":{\"@id\":\"https:\/\/srp.es\/#website\"},\"datePublished\":\"2017-09-21T11:28:16+00:00\",\"dateModified\":\"2021-08-25T09:49:04+00:00\",\"description\":\"Financiaci\u00f3n p\u00fablico-privada para pymes y emprendedores en Asturias.\",\"breadcrumb\":{\"@id\":\"https:\/\/srp.es\/periodo-medio-de-pago\/#breadcrumb\"},\"inLanguage\":\"en-US\",\"potentialAction\":[{\"@type\":\"ReadAction\",\"target\":[\"https:\/\/srp.es\/periodo-medio-de-pago\/\"]}]},{\"@type\":\"BreadcrumbList\",\"@id\":\"https:\/\/srp.es\/periodo-medio-de-pago\/#breadcrumb\",\"itemListElement\":[{\"@type\":\"ListItem\",\"position\":1,\"name\":\"Portada\",\"item\":\"https:\/\/srp.es\/en\/\"},{\"@type\":\"ListItem\",\"position\":2,\"name\":\"Average Payment Period\"}]},{\"@type\":\"WebSite\",\"@id\":\"https:\/\/srp.es\/#website\",\"url\":\"https:\/\/srp.es\/\",\"name\":\"SRP\",\"description\":\"\",\"publisher\":{\"@id\":\"https:\/\/srp.es\/#organization\"},\"potentialAction\":[{\"@type\":\"SearchAction\",\"target\":{\"@type\":\"EntryPoint\",\"urlTemplate\":\"https:\/\/srp.es\/?s={search_term_string}\"},\"query-input\":{\"@type\":\"PropertyValueSpecification\",\"valueRequired\":true,\"valueName\":\"search_term_string\"}}],\"inLanguage\":\"en-US\"},{\"@type\":\"Organization\",\"@id\":\"https:\/\/srp.es\/#organization\",\"name\":\"SRP - Sociedad Regional de Promoci\u00f3n del Principado de Asturias, S.A.\",\"url\":\"https:\/\/srp.es\/\",\"logo\":{\"@type\":\"ImageObject\",\"inLanguage\":\"en-US\",\"@id\":\"https:\/\/srp.es\/#\/schema\/logo\/image\/\",\"url\":\"https:\/\/srp.es\/wp-content\/uploads\/2018\/01\/logo-firma.jpg\",\"contentUrl\":\"https:\/\/srp.es\/wp-content\/uploads\/2018\/01\/logo-firma.jpg\",\"width\":99,\"height\":46,\"caption\":\"SRP - Sociedad Regional de Promoci\u00f3n del Principado de Asturias, S.A.\"},\"image\":{\"@id\":\"https:\/\/srp.es\/#\/schema\/logo\/image\/\"},\"sameAs\":[\"https:\/\/www.facebook.com\/SRPAsturias\",\"https:\/\/x.com\/SRPAsturias\",\"https:\/\/www.linkedin.com\/company\/958056\/admin\/\"]}]}<\/script>\n<!-- \/ Yoast SEO plugin. -->","yoast_head_json":{"title":"Average Payment Period - SRP","description":"Financiaci\u00f3n p\u00fablico-privada para pymes y emprendedores en Asturias.","robots":{"index":"index","follow":"follow","max-snippet":"max-snippet:-1","max-image-preview":"max-image-preview:large","max-video-preview":"max-video-preview:-1"},"canonical":"https:\/\/srp.es\/en\/periodo-medio-de-pago\/","og_locale":"en_US","og_type":"article","og_title":"Average Payment Period - SRP","og_description":"Financiaci\u00f3n p\u00fablico-privada para pymes y emprendedores en Asturias.","og_url":"https:\/\/srp.es\/periodo-medio-de-pago\/","og_site_name":"SRP","article_publisher":"https:\/\/www.facebook.com\/SRPAsturias","article_modified_time":"2021-08-25T09:49:04+00:00","twitter_card":"summary_large_image","twitter_site":"@SRPAsturias","twitter_misc":{"Est. reading time":"1 minute"},"schema":{"@context":"https:\/\/schema.org","@graph":[{"@type":"WebPage","@id":"https:\/\/srp.es\/periodo-medio-de-pago\/","url":"https:\/\/srp.es\/periodo-medio-de-pago\/","name":"Average Payment Period - SRP","isPartOf":{"@id":"https:\/\/srp.es\/#website"},"datePublished":"2017-09-21T11:28:16+00:00","dateModified":"2021-08-25T09:49:04+00:00","description":"Financiaci\u00f3n p\u00fablico-privada para pymes y emprendedores en Asturias.","breadcrumb":{"@id":"https:\/\/srp.es\/periodo-medio-de-pago\/#breadcrumb"},"inLanguage":"en-US","potentialAction":[{"@type":"ReadAction","target":["https:\/\/srp.es\/periodo-medio-de-pago\/"]}]},{"@type":"BreadcrumbList","@id":"https:\/\/srp.es\/periodo-medio-de-pago\/#breadcrumb","itemListElement":[{"@type":"ListItem","position":1,"name":"Portada","item":"https:\/\/srp.es\/en\/"},{"@type":"ListItem","position":2,"name":"Average Payment Period"}]},{"@type":"WebSite","@id":"https:\/\/srp.es\/#website","url":"https:\/\/srp.es\/","name":"SRP","description":"","publisher":{"@id":"https:\/\/srp.es\/#organization"},"potentialAction":[{"@type":"SearchAction","target":{"@type":"EntryPoint","urlTemplate":"https:\/\/srp.es\/?s={search_term_string}"},"query-input":{"@type":"PropertyValueSpecification","valueRequired":true,"valueName":"search_term_string"}}],"inLanguage":"en-US"},{"@type":"Organization","@id":"https:\/\/srp.es\/#organization","name":"SRP - Sociedad Regional de Promoci\u00f3n del Principado de Asturias, S.A.","url":"https:\/\/srp.es\/","logo":{"@type":"ImageObject","inLanguage":"en-US","@id":"https:\/\/srp.es\/#\/schema\/logo\/image\/","url":"https:\/\/srp.es\/wp-content\/uploads\/2018\/01\/logo-firma.jpg","contentUrl":"https:\/\/srp.es\/wp-content\/uploads\/2018\/01\/logo-firma.jpg","width":99,"height":46,"caption":"SRP - Sociedad Regional de Promoci\u00f3n del Principado de Asturias, S.A."},"image":{"@id":"https:\/\/srp.es\/#\/schema\/logo\/image\/"},"sameAs":["https:\/\/www.facebook.com\/SRPAsturias","https:\/\/x.com\/SRPAsturias","https:\/\/www.linkedin.com\/company\/958056\/admin\/"]}]}},"_links":{"self":[{"href":"https:\/\/srp.es\/en\/wp-json\/wp\/v2\/pages\/2323"}],"collection":[{"href":"https:\/\/srp.es\/en\/wp-json\/wp\/v2\/pages"}],"about":[{"href":"https:\/\/srp.es\/en\/wp-json\/wp\/v2\/types\/page"}],"author":[{"embeddable":true,"href":"https:\/\/srp.es\/en\/wp-json\/wp\/v2\/users\/1"}],"replies":[{"embeddable":true,"href":"https:\/\/srp.es\/en\/wp-json\/wp\/v2\/comments?post=2323"}],"version-history":[{"count":10,"href":"https:\/\/srp.es\/en\/wp-json\/wp\/v2\/pages\/2323\/revisions"}],"predecessor-version":[{"id":7488,"href":"https:\/\/srp.es\/en\/wp-json\/wp\/v2\/pages\/2323\/revisions\/7488"}],"wp:attachment":[{"href":"https:\/\/srp.es\/en\/wp-json\/wp\/v2\/media?parent=2323"}],"wp:term":[{"taxonomy":"category","embeddable":true,"href":"https:\/\/srp.es\/en\/wp-json\/wp\/v2\/categories?post=2323"}],"curies":[{"name":"wp","href":"https:\/\/api.w.org\/{rel}","templated":true}]}}