{"id":2325,"date":"2017-09-21T11:28:56","date_gmt":"2017-09-21T11:28:56","guid":{"rendered":"https:\/\/srp.es\/en\/?page_id=2325"},"modified":"2017-09-22T08:48:41","modified_gmt":"2017-09-22T08:48:41","slug":"profile-of-the-contracting-entity","status":"publish","type":"page","link":"https:\/\/srp.es\/en\/profile-of-the-contracting-entity\/","title":{"rendered":"Profile of the Contracting Entity"},"content":{"rendered":"<p>[vc_row fullwidth=&#8221;yes&#8221; el_class=&#8221;cabecera&#8221;][vc_column][vc_row_inner][vc_column_inner el_class=&#8221;ancho100-l caja-overflow&#8221; width=&#8221;5\/12&#8243;]<img loading=\"lazy\" decoding=\"async\" width=\"725\" height=\"748\" src=\"https:\/\/srp.es\/wp-content\/uploads\/2017\/08\/cab-perfilContratante.jpg\" class=\"fullwidth-image attachment-\" alt=\"perfil del contratante\" srcset=\"https:\/\/srp.es\/wp-content\/uploads\/2017\/08\/cab-perfilContratante.jpg 725w, https:\/\/srp.es\/wp-content\/uploads\/2017\/08\/cab-perfilContratante-291x300.jpg 291w\" sizes=\"(max-width: 725px) 100vw, 725px\" \/>[\/vc_column_inner][vc_column_inner el_class=&#8221;caja-cab ancho100-l&#8221; width=&#8221;7\/12&#8243;]<h1 class=\" text-left   \" style=\" margin-bottom: px; \">Perfil del contratante<\/h1>[vc_column_text]Instrucciones que deben regir la adjudicaci\u00f3n de contratos no sujetos a regulaci\u00f3n armonizada de la Sociedad Regional de Promoci\u00f3n del Principado de Asturias, S.A. (SRP), de acuerdo con lo establecido en el texto refundido de la Ley de Contratos del Sector P\u00fablico, Real Decreto Legislativo 3\/2011, de 14 de noviembre. Instrucciones para contratar.<br \/>\n[\/vc_column_text][vc_column_text]<\/p>\n<div class=\"tmn-6\">\n<p><img loading=\"lazy\" decoding=\"async\" class=\"alignnone size-medium wp-image-874\" src=\"https:\/\/srp.es\/wp-content\/uploads\/2017\/08\/descargar-300x225.jpg\" alt=\"Descargar\" width=\"300\" height=\"225\" \/><\/p>\n<p class=\"btn-ico tipo_descarga\"><a class=\"btn btn-primary primary-typo\" title=\"Descargar\" href=\"https:\/\/srp.es\/wp-content\/uploads\/2017\/08\/Instrucciones-para-contratar-SRP.pdf\" target=\"_black\">Descargar Instrucciones<\/a><\/p>\n<\/div>\n<div class=\"tmn-6 ultimo\">\n<p><img loading=\"lazy\" decoding=\"async\" class=\"alignnone size-full wp-image-875\" src=\"https:\/\/srp.es\/wp-content\/uploads\/2017\/08\/licitaciones.jpg\" alt=\"Licitaciones\" width=\"230\" height=\"285\" \/><\/p>\n<p class=\"btn-ico\"><a class=\"btn btn-primary primary-typo\" title=\"Licitaciones\" href=\"https:\/\/srp.es\/licitaciones\">Licitaciones<\/a><\/p>\n<\/div>\n<p>[\/vc_column_text][\/vc_column_inner][\/vc_row_inner][\/vc_column][\/vc_row]<\/p>\n","protected":false},"excerpt":{"rendered":"<p>[vc_row fullwidth=&#8221;yes&#8221; el_class=&#8221;cabecera&#8221;][vc_column][vc_row_inner][vc_column_inner el_class=&#8221;ancho100-l caja-overflow&#8221; width=&#8221;5\/12&#8243;][\/vc_column_inner][vc_column_inner el_class=&#8221;caja-cab ancho100-l&#8221; width=&#8221;7\/12&#8243;][vc_column_text]Instrucciones que deben regir la adjudicaci\u00f3n de contratos no sujetos a regulaci\u00f3n armonizada de la Sociedad Regional de Promoci\u00f3n del Principado de Asturias, S.A. (SRP), de acuerdo con lo establecido en el texto refundido de la Ley de Contratos del Sector P\u00fablico, Real Decreto Legislativo 3\/2011, de [&hellip;]<\/p>\n","protected":false},"author":1,"featured_media":0,"parent":0,"menu_order":0,"comment_status":"closed","ping_status":"closed","template":"page-fullwidth.php","meta":{"_acf_changed":false,"footnotes":""},"categories":[],"class_list":["post-2325","page","type-page","status-publish","hentry"],"acf":[],"yoast_head":"<!-- This site is optimized with the Yoast SEO plugin v23.7 - https:\/\/yoast.com\/wordpress\/plugins\/seo\/ -->\n<title>Profile of the Contracting Entity - SRP<\/title>\n<meta name=\"description\" content=\"Financiaci\u00f3n p\u00fablico-privada para pymes y emprendedores en Asturias.\" \/>\n<meta name=\"robots\" content=\"index, follow, max-snippet:-1, max-image-preview:large, max-video-preview:-1\" \/>\n<link rel=\"canonical\" href=\"https:\/\/srp.es\/en\/perfil-del-contratante\/\" \/>\n<meta property=\"og:locale\" content=\"en_US\" \/>\n<meta property=\"og:type\" content=\"article\" \/>\n<meta property=\"og:title\" content=\"Profile of the Contracting Entity - SRP\" \/>\n<meta property=\"og:description\" content=\"Financiaci\u00f3n p\u00fablico-privada para pymes y emprendedores en Asturias.\" \/>\n<meta property=\"og:url\" content=\"https:\/\/srp.es\/perfil-del-contratante\/\" \/>\n<meta property=\"og:site_name\" content=\"SRP\" \/>\n<meta property=\"article:publisher\" content=\"https:\/\/www.facebook.com\/SRPAsturias\" \/>\n<meta property=\"article:modified_time\" content=\"2017-09-22T08:48:41+00:00\" \/>\n<meta property=\"og:image\" content=\"https:\/\/srp.es\/wp-content\/uploads\/2017\/08\/descargar-300x225.jpg\" \/>\n<meta name=\"twitter:card\" content=\"summary_large_image\" \/>\n<meta name=\"twitter:site\" content=\"@SRPAsturias\" \/>\n<meta name=\"twitter:label1\" content=\"Est. reading time\" \/>\n\t<meta name=\"twitter:data1\" content=\"1 minute\" \/>\n<script type=\"application\/ld+json\" class=\"yoast-schema-graph\">{\"@context\":\"https:\/\/schema.org\",\"@graph\":[{\"@type\":\"WebPage\",\"@id\":\"https:\/\/srp.es\/perfil-del-contratante\/\",\"url\":\"https:\/\/srp.es\/perfil-del-contratante\/\",\"name\":\"Profile of the Contracting Entity - SRP\",\"isPartOf\":{\"@id\":\"https:\/\/srp.es\/#website\"},\"primaryImageOfPage\":{\"@id\":\"https:\/\/srp.es\/perfil-del-contratante\/#primaryimage\"},\"image\":{\"@id\":\"https:\/\/srp.es\/perfil-del-contratante\/#primaryimage\"},\"thumbnailUrl\":\"https:\/\/srp.es\/wp-content\/uploads\/2017\/08\/descargar-300x225.jpg\",\"datePublished\":\"2017-09-21T11:28:56+00:00\",\"dateModified\":\"2017-09-22T08:48:41+00:00\",\"description\":\"Financiaci\u00f3n p\u00fablico-privada para pymes y emprendedores en Asturias.\",\"breadcrumb\":{\"@id\":\"https:\/\/srp.es\/perfil-del-contratante\/#breadcrumb\"},\"inLanguage\":\"en-US\",\"potentialAction\":[{\"@type\":\"ReadAction\",\"target\":[\"https:\/\/srp.es\/perfil-del-contratante\/\"]}]},{\"@type\":\"ImageObject\",\"inLanguage\":\"en-US\",\"@id\":\"https:\/\/srp.es\/perfil-del-contratante\/#primaryimage\",\"url\":\"https:\/\/srp.es\/wp-content\/uploads\/2017\/08\/descargar-300x225.jpg\",\"contentUrl\":\"https:\/\/srp.es\/wp-content\/uploads\/2017\/08\/descargar-300x225.jpg\"},{\"@type\":\"BreadcrumbList\",\"@id\":\"https:\/\/srp.es\/perfil-del-contratante\/#breadcrumb\",\"itemListElement\":[{\"@type\":\"ListItem\",\"position\":1,\"name\":\"Portada\",\"item\":\"https:\/\/srp.es\/en\/\"},{\"@type\":\"ListItem\",\"position\":2,\"name\":\"Profile of the Contracting Entity\"}]},{\"@type\":\"WebSite\",\"@id\":\"https:\/\/srp.es\/#website\",\"url\":\"https:\/\/srp.es\/\",\"name\":\"SRP\",\"description\":\"\",\"publisher\":{\"@id\":\"https:\/\/srp.es\/#organization\"},\"potentialAction\":[{\"@type\":\"SearchAction\",\"target\":{\"@type\":\"EntryPoint\",\"urlTemplate\":\"https:\/\/srp.es\/?s={search_term_string}\"},\"query-input\":{\"@type\":\"PropertyValueSpecification\",\"valueRequired\":true,\"valueName\":\"search_term_string\"}}],\"inLanguage\":\"en-US\"},{\"@type\":\"Organization\",\"@id\":\"https:\/\/srp.es\/#organization\",\"name\":\"SRP - Sociedad Regional de Promoci\u00f3n del Principado de Asturias, S.A.\",\"url\":\"https:\/\/srp.es\/\",\"logo\":{\"@type\":\"ImageObject\",\"inLanguage\":\"en-US\",\"@id\":\"https:\/\/srp.es\/#\/schema\/logo\/image\/\",\"url\":\"https:\/\/srp.es\/wp-content\/uploads\/2018\/01\/logo-firma.jpg\",\"contentUrl\":\"https:\/\/srp.es\/wp-content\/uploads\/2018\/01\/logo-firma.jpg\",\"width\":99,\"height\":46,\"caption\":\"SRP - Sociedad Regional de Promoci\u00f3n del Principado de Asturias, S.A.\"},\"image\":{\"@id\":\"https:\/\/srp.es\/#\/schema\/logo\/image\/\"},\"sameAs\":[\"https:\/\/www.facebook.com\/SRPAsturias\",\"https:\/\/x.com\/SRPAsturias\",\"https:\/\/www.linkedin.com\/company\/958056\/admin\/\"]}]}<\/script>\n<!-- \/ Yoast SEO plugin. -->","yoast_head_json":{"title":"Profile of the Contracting Entity - SRP","description":"Financiaci\u00f3n p\u00fablico-privada para pymes y emprendedores en Asturias.","robots":{"index":"index","follow":"follow","max-snippet":"max-snippet:-1","max-image-preview":"max-image-preview:large","max-video-preview":"max-video-preview:-1"},"canonical":"https:\/\/srp.es\/en\/perfil-del-contratante\/","og_locale":"en_US","og_type":"article","og_title":"Profile of the Contracting Entity - SRP","og_description":"Financiaci\u00f3n p\u00fablico-privada para pymes y emprendedores en Asturias.","og_url":"https:\/\/srp.es\/perfil-del-contratante\/","og_site_name":"SRP","article_publisher":"https:\/\/www.facebook.com\/SRPAsturias","article_modified_time":"2017-09-22T08:48:41+00:00","og_image":[{"url":"https:\/\/srp.es\/wp-content\/uploads\/2017\/08\/descargar-300x225.jpg"}],"twitter_card":"summary_large_image","twitter_site":"@SRPAsturias","twitter_misc":{"Est. reading time":"1 minute"},"schema":{"@context":"https:\/\/schema.org","@graph":[{"@type":"WebPage","@id":"https:\/\/srp.es\/perfil-del-contratante\/","url":"https:\/\/srp.es\/perfil-del-contratante\/","name":"Profile of the Contracting Entity - SRP","isPartOf":{"@id":"https:\/\/srp.es\/#website"},"primaryImageOfPage":{"@id":"https:\/\/srp.es\/perfil-del-contratante\/#primaryimage"},"image":{"@id":"https:\/\/srp.es\/perfil-del-contratante\/#primaryimage"},"thumbnailUrl":"https:\/\/srp.es\/wp-content\/uploads\/2017\/08\/descargar-300x225.jpg","datePublished":"2017-09-21T11:28:56+00:00","dateModified":"2017-09-22T08:48:41+00:00","description":"Financiaci\u00f3n p\u00fablico-privada para pymes y emprendedores en Asturias.","breadcrumb":{"@id":"https:\/\/srp.es\/perfil-del-contratante\/#breadcrumb"},"inLanguage":"en-US","potentialAction":[{"@type":"ReadAction","target":["https:\/\/srp.es\/perfil-del-contratante\/"]}]},{"@type":"ImageObject","inLanguage":"en-US","@id":"https:\/\/srp.es\/perfil-del-contratante\/#primaryimage","url":"https:\/\/srp.es\/wp-content\/uploads\/2017\/08\/descargar-300x225.jpg","contentUrl":"https:\/\/srp.es\/wp-content\/uploads\/2017\/08\/descargar-300x225.jpg"},{"@type":"BreadcrumbList","@id":"https:\/\/srp.es\/perfil-del-contratante\/#breadcrumb","itemListElement":[{"@type":"ListItem","position":1,"name":"Portada","item":"https:\/\/srp.es\/en\/"},{"@type":"ListItem","position":2,"name":"Profile of the Contracting Entity"}]},{"@type":"WebSite","@id":"https:\/\/srp.es\/#website","url":"https:\/\/srp.es\/","name":"SRP","description":"","publisher":{"@id":"https:\/\/srp.es\/#organization"},"potentialAction":[{"@type":"SearchAction","target":{"@type":"EntryPoint","urlTemplate":"https:\/\/srp.es\/?s={search_term_string}"},"query-input":{"@type":"PropertyValueSpecification","valueRequired":true,"valueName":"search_term_string"}}],"inLanguage":"en-US"},{"@type":"Organization","@id":"https:\/\/srp.es\/#organization","name":"SRP - Sociedad Regional de Promoci\u00f3n del Principado de Asturias, S.A.","url":"https:\/\/srp.es\/","logo":{"@type":"ImageObject","inLanguage":"en-US","@id":"https:\/\/srp.es\/#\/schema\/logo\/image\/","url":"https:\/\/srp.es\/wp-content\/uploads\/2018\/01\/logo-firma.jpg","contentUrl":"https:\/\/srp.es\/wp-content\/uploads\/2018\/01\/logo-firma.jpg","width":99,"height":46,"caption":"SRP - Sociedad Regional de Promoci\u00f3n del Principado de Asturias, S.A."},"image":{"@id":"https:\/\/srp.es\/#\/schema\/logo\/image\/"},"sameAs":["https:\/\/www.facebook.com\/SRPAsturias","https:\/\/x.com\/SRPAsturias","https:\/\/www.linkedin.com\/company\/958056\/admin\/"]}]}},"_links":{"self":[{"href":"https:\/\/srp.es\/en\/wp-json\/wp\/v2\/pages\/2325"}],"collection":[{"href":"https:\/\/srp.es\/en\/wp-json\/wp\/v2\/pages"}],"about":[{"href":"https:\/\/srp.es\/en\/wp-json\/wp\/v2\/types\/page"}],"author":[{"embeddable":true,"href":"https:\/\/srp.es\/en\/wp-json\/wp\/v2\/users\/1"}],"replies":[{"embeddable":true,"href":"https:\/\/srp.es\/en\/wp-json\/wp\/v2\/comments?post=2325"}],"version-history":[{"count":4,"href":"https:\/\/srp.es\/en\/wp-json\/wp\/v2\/pages\/2325\/revisions"}],"predecessor-version":[{"id":2445,"href":"https:\/\/srp.es\/en\/wp-json\/wp\/v2\/pages\/2325\/revisions\/2445"}],"wp:attachment":[{"href":"https:\/\/srp.es\/en\/wp-json\/wp\/v2\/media?parent=2325"}],"wp:term":[{"taxonomy":"category","embeddable":true,"href":"https:\/\/srp.es\/en\/wp-json\/wp\/v2\/categories?post=2325"}],"curies":[{"name":"wp","href":"https:\/\/api.w.org\/{rel}","templated":true}]}}