{"id":2329,"date":"2017-09-21T11:31:05","date_gmt":"2017-09-21T11:31:05","guid":{"rendered":"https:\/\/srp.es\/en\/?page_id=2329"},"modified":"2022-11-08T15:07:08","modified_gmt":"2022-11-08T13:07:08","slug":"informacion-institucional-y-organizativa","status":"publish","type":"page","link":"https:\/\/srp.es\/en\/transparency\/informacion-institucional-y-organizativa\/","title":{"rendered":"Informaci\u00f3n institucional y organizativa"},"content":{"rendered":"<p>[vc_row fullwidth=&#8221;yes&#8221; el_class=&#8221;cabecera&#8221;][vc_column][vc_row_inner][vc_column_inner el_class=&#8221;ancho100-l caja-overflow&#8221; width=&#8221;1\/2&#8243;]<img loading=\"lazy\" decoding=\"async\" width=\"863\" height=\"498\" src=\"https:\/\/srp.es\/wp-content\/uploads\/2017\/07\/cab-transparencia.jpg\" class=\"fullwidth-image attachment-\" alt=\"Transparencia\" srcset=\"https:\/\/srp.es\/wp-content\/uploads\/2017\/07\/cab-transparencia.jpg 863w, https:\/\/srp.es\/wp-content\/uploads\/2017\/07\/cab-transparencia-300x173.jpg 300w, https:\/\/srp.es\/wp-content\/uploads\/2017\/07\/cab-transparencia-768x443.jpg 768w\" sizes=\"(max-width: 863px) 100vw, 863px\" \/>[\/vc_column_inner][vc_column_inner el_class=&#8221;caja-cab ancho100-l&#8221; width=&#8221;1\/2&#8243;]<h1 class=\" text-left   \" style=\" margin-bottom: px; \">Transparencia<\/h1>[\/vc_column_inner][\/vc_row_inner][\/vc_column][\/vc_row][vc_row fullwidth=&#8221;yes&#8221; el_id=&#8221;ancla&#8221;][vc_column width=&#8221;1\/3&#8243; el_class=&#8221;ancho100-m&#8221;][vc_row_inner][vc_column_inner][vc_widget_sidebar sidebar_id=&#8221;left-sidebar&#8221;][\/vc_column_inner][\/vc_row_inner][\/vc_column][vc_column width=&#8221;2\/3&#8243; el_class=&#8221;ancho100-m&#8221;][vc_row_inner el_class=&#8221;caja-tipo1&#8243;][vc_column_inner][vc_column_text el_class=&#8221;txt-dest tipo1&#8243;]<\/p>\n<h2><strong>Transparencia<\/strong><br \/>\nInformaci\u00f3n institucional y organizativa<\/h2>\n<p>[\/vc_column_text][vc_column_text]Seg\u00fan el art\u00edculo 6.1. de la Ley 19\/2013, de 9 de diciembre, de Transparencia, Acceso a la Informaci\u00f3n P\u00fablica y Buen Gobierno, y el art\u00edculo 6 de la Ley del Principado de Asturias 8\/2018, de 14 de septiembre, de Transparencia, Buen Gobierno y Grupos de Inter\u00e9s, ponemos a su disposici\u00f3n la siguiente informaci\u00f3n:[\/vc_column_text][vc_column_text el_class=&#8221;lista_enlace&#8221;]<\/p>\n<ul>\n<li><a class=\"animacionAncla\" href=\"#funciones\">Funciones<\/a><\/li>\n<li><a class=\"animacionAncla\" href=\"#principal-normativa-de-aplicacion\">Principal normativa de aplicaci\u00f3n<\/a><\/li>\n<li><a class=\"animacionAncla\" href=\"#estructura-organizativa\">Estructura organizativa<\/a><\/li>\n<\/ul>\n<p>[\/vc_column_text][\/vc_column_inner][\/vc_row_inner][vc_row_inner][vc_column_inner][vc_empty_space el_class=&#8221;border-bottom&#8221;][vc_empty_space el_class=&#8221;spacer-bottom&#8221;][\/vc_column_inner][\/vc_row_inner][vc_row_inner el_class=&#8221;caja-tipo1&#8243; el_id=&#8221;funciones&#8221;][vc_column_inner]<h3 class=\"tipo2 text-left   \" style=\" margin-bottom: px; \">Funciones<\/h3>[vc_column_text]La Sociedad Regional de Promoci\u00f3n del Principado de Asturias, S.A. (SRP) es una sociedad participada mayoritariamente por la Comunidad Aut\u00f3noma del Principado de Asturias, que opera en el mercado del capital riesgo y que act\u00faa como organismo de promoci\u00f3n econ\u00f3mica desde 1984.<\/p>\n<p>Su actividad consiste en impulsar el desarrollo de proyectos de inversi\u00f3n ejecutados por empresas asturianas (de nueva constituci\u00f3n o ya existentes), o empresas que se vayan a implantar en la regi\u00f3n, mediante los siguientes instrumentos:<\/p>\n<ul>\n<li>Participaci\u00f3n en el capital social: participaci\u00f3n de manera temporal y minoritaria, en el capital social de nuevas iniciativas empresariales y\/o ampliaci\u00f3n de las ya existentes.<\/li>\n<li>Apoyo financiero a proyectos empresariales: mediante la concesi\u00f3n de pr\u00e9stamos, principalmente participativos, a proyectos innovadores y en especial aquellos caracterizados como de base tecnol\u00f3gica, as\u00ed como para la internacionalizaci\u00f3n de la empresa.<\/li>\n<\/ul>\n<p>La SRP se cre\u00f3 por Decreto 19\/1984, de 8 de marzo, sobre constituci\u00f3n de la Sociedad Regional de Promoci\u00f3n del Principado de Asturias (BOPA n\u00ba 58, de 9 de marzo de 1984).<\/p>\n<p>El objeto social de la SRP es el siguiente:<\/p>\n<ol>\n<li>La promoci\u00f3n de inversiones en la regi\u00f3n, participando en el capital de sociedades a constituir o ya existentes.<\/li>\n<li>La captaci\u00f3n de recursos ajenos para canalizarlos hacia las empresas en que esta sociedad participe, as\u00ed como el concierto de cr\u00e9ditos de todo tipo y la negociaci\u00f3n de empr\u00e9stitos.<\/li>\n<li>El otorgamiento de pr\u00e9stamos y avales a las empresas, especialmente a las participadas.<\/li>\n<li>La prestaci\u00f3n de servicios a empresas, bien actuando de forma directa o mediante la promoci\u00f3n y participaci\u00f3n en sociedades de servicios.<\/li>\n<li>El estudio y desarrollo de infraestructuras y equipamientos que hagan posible una mejor oferta de Asturias a la hora de implantar<br \/>\nproyectos empresariales para la misma, mediante la colaboraci\u00f3n, a trav\u00e9s de los conciertos o convenios necesarios para ello, con la administraci\u00f3n local, auton\u00f3mica o estatal, organismos aut\u00f3nomos y toda clase de sociedades de naturaleza mercantil.<\/li>\n<li>La disposici\u00f3n de un fondo de documentaci\u00f3n que incluya: inventario de recursos naturales, medios de comercializaci\u00f3n, suelo industrial existente y disponible, caracter\u00edsticas de la mano de obra y cualquier otro dato que interese a los inversores en la regi\u00f3n.<\/li>\n<li>La difusi\u00f3n nacional e internacional de Asturias y de sus empresas, al objeto de favorecer la atracci\u00f3n de inversiones empresariales hacia la regi\u00f3n y de promover su apertura a nuevos mercados, bien directamente o mediante la contrataci\u00f3n externa de aquellos servicios que sean necesarios para la consecuci\u00f3n de este fin.<\/li>\n<li>La informaci\u00f3n de los beneficios y ventajas que la administraci\u00f3n ofrece en la actualidad para el fomento en la inversi\u00f3n en la regi\u00f3n y la calificaci\u00f3n de los proyectos con respecto a las ayudas oficiales y la promoci\u00f3n de la asistencia a ferias nacionales e internacionales.<\/li>\n<li>La promoci\u00f3n, contrataci\u00f3n y\/o participaci\u00f3n en la realizaci\u00f3n de estudios y trabajos dirigidos a favorecer la viabilidad o mejora de las empresas o sectores econ\u00f3micos regionales as\u00ed como estudios de asesoramiento para la promoci\u00f3n y desarrollo de un tejido empresarial m\u00e1s competitivo en la regi\u00f3n.<\/li>\n<li>La colaboraci\u00f3n al desarrollo tecnol\u00f3gico de las empresas de la regi\u00f3n del Principado de Asturias mediante actuaciones directas o concertadas con los agentes implicados en esta actividad.<\/li>\n<li>La realizaci\u00f3n de cuantas actividades de difusi\u00f3n sean necesarias en aras a potenciar el desarrollo econ\u00f3mico, a trav\u00e9s de la realizaci\u00f3n de cursos, seminarios, jornadas de estudios y cuantas otras actividades de car\u00e1cter formativo que se consideren necesarias.<\/li>\n<li>La realizaci\u00f3n de cuantas actuaciones que tengan relaci\u00f3n directa o indirecta con las anteriores y que sean necesarias para el desarrollo de los sectores industriales y de servicios regionales.<\/li>\n<\/ol>\n<p>[\/vc_column_text][\/vc_column_inner][\/vc_row_inner][vc_row_inner][vc_column_inner][vc_empty_space el_class=&#8221;border-bottom&#8221;][vc_empty_space el_class=&#8221;spacer-bottom&#8221;][\/vc_column_inner][\/vc_row_inner][vc_row_inner el_class=&#8221;caja-tipo1&#8243; el_id=&#8221;principal-normativa-de-aplicacion&#8221;][vc_column_inner]<h3 class=\"tipo2 text-left   \" style=\" margin-bottom: px; \">Principal normativa de aplicaci\u00f3n<\/h3>[vc_column_text el_class=&#8221;doc lista_tipo1&#8243;]<\/p>\n<ul>\n<li>Decreto de constituci\u00f3n de la SRP <a href=\"https:\/\/srp.es\/wp-content\/uploads\/2017\/08\/decreto-de-constitucion-de-la-srp.pdf\" target=\"_blank\" rel=\"noopener noreferrer\">Descargar<\/a><\/li>\n<li>Ley de Sociedades de Capital<\/li>\n<li>Ley de Contratos del Sector P\u00fablico<\/li>\n<li>Ley de Protecci\u00f3n de Datos y Garant\u00eda de los Derechos Digitales<\/li>\n<li>Ley de Transparencia, Acceso a la Informaci\u00f3n P\u00fablica y Buen Gobierno<\/li>\n<li>Ley del Principado de Asturias de Transparencia, Buen Gobierno y Grupos de Inter\u00e9s<\/li>\n<\/ul>\n<p>[\/vc_column_text][\/vc_column_inner][\/vc_row_inner][vc_row_inner][vc_column_inner][vc_empty_space el_class=&#8221;border-bottom&#8221;][vc_empty_space el_class=&#8221;spacer-bottom&#8221;][\/vc_column_inner][\/vc_row_inner][vc_row_inner el_class=&#8221;caja-tipo1&#8243; el_id=&#8221;estructura-organizativa&#8221;][vc_column_inner]<h3 class=\"tipo2 text-left   \" style=\" margin-bottom: px; \">Estructura organizativa<\/h3><h4 class=\"tipo2 text-left   \" style=\" margin-bottom: px; \">Junta de Accionistas<\/h4>[vc_column_text]<\/p>\n<ul>\n<li>Principado de Asturias: 62,47%<\/li>\n<li>Unicaja Banco, S.A.: 29,33%<\/li>\n<li>EDP Espa\u00f1a, S.A.U.: 2,72%<\/li>\n<li>Masaveu Industria, S.L: 1,29%<\/li>\n<li>Caja Rural de Asturias, S.C.C.: 1,16%<\/li>\n<li>Banco de Sabadell, S.A.: 1,02%<\/li>\n<li>Otros accionistas: 2,01%<\/li>\n<\/ul>\n<p>[\/vc_column_text][vc_empty_space el_class=&#8221;spacer-bottom&#8221;]<h4 class=\"tipo2 text-left   \" style=\" margin-bottom: px; \">Consejo de administraci\u00f3n<\/h4>[vc_column_text]<\/p>\n<ul>\n<li>D\u00aa. Eva Pando Iglesias, Presidenta y Consejera delegada\u00a0<a href=\"https:\/\/srp.es\/wp-content\/uploads\/2019\/02\/Curriculum-Vitae-Eva-Pando.pdf\" target=\"_blank\" rel=\"noopener noreferrer\"><strong>(CV descargable)<\/strong><\/a>\n<ul>\n<li><strong><a href=\"https:\/\/www.asturias.es\/portal\/site\/webasturias\/menuitem.297078393242c573c8e36c30f2300030\/?vgnextoid=00de0496b90b0310VgnVCM1000002f030003RCRD&amp;vgnextchannel=dad56fc85c97d210VgnVCM1000002f030003RCRD&amp;i18n.http.lang=es\" target=\"_blank\" rel=\"noopener noreferrer\">Agenda de la Presidenta de la SRP<\/a><\/strong><\/li>\n<li><strong><a href=\"https:\/\/www.jgpa.es\/publicaciones-oficiales\" target=\"_blank\" rel=\"noopener noreferrer\">Intervenciones en la Junta General de la Presidenta de la SRP<\/a><\/strong><\/li>\n<li><a href=\"https:\/\/srp.es\/wp-content\/uploads\/2019\/07\/Certificado-Eva-Pando.pdf\" target=\"_blank\" rel=\"noopener noreferrer\"><strong>Certificado de presentaci\u00f3n de declaraciones<\/strong><\/a><\/li>\n<\/ul>\n<\/li>\n<li>D. Enrique Fern\u00e1ndez Rodr\u00edguez, Consejero de Industria, Empleo y Promoci\u00f3n Econ\u00f3mica del Gobierno del Principado de Asturias, Vicepresidente\u00a0<strong><a href=\"https:\/\/www.asturias.es\/portal\/site\/webasturias\/menuitem.134a75eee0b539ae2d57e704f2300030\/?vgnextoid=0ee5ad643d05e010VgnVCM100000b0030a0aRCRD&amp;vgnextchannel=8b6b090dc76ed210VgnVCM1000002f030003RCRD&amp;i18n.http.lang=es\" target=\"_blank\" rel=\"noopener noreferrer\">(CV)<\/a><\/strong><\/li>\n<li>Norte\u00f1a Patrimonial, S.L.U., representada por D. Pablo Castellano Rodr\u00edguez<\/li>\n<li>Pe\u00f1a Rueda, S.L.U., representada por D\u00aa Mar\u00eda Jes\u00fas Seoane Garc\u00eda<\/li>\n<li>Administradora Valtenas, S.L.U., representada por D. Jos\u00e9 Marcos Fern\u00e1ndez L\u00f3pez<\/li>\n<li>EDP Espa\u00f1a, S.A.U., representada por D. Marcos E. Antu\u00f1a Egocheaga<\/li>\n<li>Masaveu Industria, S.L., representada por D. Julio Pel\u00e1ez Gonz\u00e1lez<\/li>\n<li>Banco de Sabadell, S.A., representada por D. Pablo Gerardo Junceda Moreno<\/li>\n<li>Caja Rural de Asturias, S.C.C., representada por D. Antonio Romero Casado<\/li>\n<li>D. Iv\u00e1n Aitor Lucas del Amo, Director General de Innovaci\u00f3n, Investigaci\u00f3n y Transformaci\u00f3n Digital del Gobierno del Principado de Asturias<\/li>\n<li>D\u00aa Belarmina D\u00edaz Aguado, Directora General de Miner\u00eda y Energ\u00eda\u00a0del Gobierno del Principado de Asturias<\/li>\n<li>D. Juan Carlos Aguilera Folgueiras, Director General de Industria del Gobierno del Principado de Asturias<\/li>\n<li>D. Fernando Prendes Fern\u00e1ndez Heres, Director General de Planificaci\u00f3n, Infraestructuras Agrarias y Montes del Gobierno del Principado de Asturias<\/li>\n<li>D. Pedro Fern\u00e1ndez-Raigoso Casta\u00f1o, Director General de Empleo y Formaci\u00f3n del Gobierno del Principado de Asturias<\/li>\n<li>D. \u00c1ngel Rodr\u00edguez Vallina, Director General de Asturgar<\/li>\n<\/ul>\n<p>[\/vc_column_text][\/vc_column_inner][\/vc_row_inner][vc_row_inner][vc_column_inner][vc_empty_space el_class=&#8221;border-bottom&#8221;][vc_empty_space el_class=&#8221;spacer-bottom&#8221;][\/vc_column_inner][\/vc_row_inner][\/vc_column][\/vc_row]<\/p>\n","protected":false},"excerpt":{"rendered":"<p>[vc_row fullwidth=&#8221;yes&#8221; el_class=&#8221;cabecera&#8221;][vc_column][vc_row_inner][vc_column_inner el_class=&#8221;ancho100-l caja-overflow&#8221; width=&#8221;1\/2&#8243;][\/vc_column_inner][vc_column_inner el_class=&#8221;caja-cab ancho100-l&#8221; width=&#8221;1\/2&#8243;][\/vc_column_inner][\/vc_row_inner][\/vc_column][\/vc_row][vc_row fullwidth=&#8221;yes&#8221; el_id=&#8221;ancla&#8221;][vc_column width=&#8221;1\/3&#8243; el_class=&#8221;ancho100-m&#8221;][vc_row_inner][vc_column_inner][vc_widget_sidebar sidebar_id=&#8221;left-sidebar&#8221;][\/vc_column_inner][\/vc_row_inner][\/vc_column][vc_column width=&#8221;2\/3&#8243; el_class=&#8221;ancho100-m&#8221;][vc_row_inner el_class=&#8221;caja-tipo1&#8243;][vc_column_inner][vc_column_text el_class=&#8221;txt-dest tipo1&#8243;] Transparencia Informaci\u00f3n institucional y organizativa [\/vc_column_text][vc_column_text]Seg\u00fan el art\u00edculo 6.1. de la Ley 19\/2013, de 9 de diciembre, de Transparencia, Acceso a la Informaci\u00f3n P\u00fablica y Buen Gobierno, y el art\u00edculo 6 de la Ley del Principado [&hellip;]<\/p>\n","protected":false},"author":1,"featured_media":0,"parent":2319,"menu_order":0,"comment_status":"closed","ping_status":"closed","template":"page-fullwidth.php","meta":{"_acf_changed":false,"footnotes":""},"categories":[],"class_list":["post-2329","page","type-page","status-publish","hentry"],"acf":[],"yoast_head":"<!-- This site is optimized with the Yoast SEO plugin v23.7 - https:\/\/yoast.com\/wordpress\/plugins\/seo\/ -->\n<title>Informaci\u00f3n institucional y organizativa - SRP<\/title>\n<meta name=\"description\" content=\"Financiaci\u00f3n p\u00fablico-privada para pymes y emprendedores en Asturias.\" \/>\n<meta name=\"robots\" content=\"index, follow, max-snippet:-1, max-image-preview:large, max-video-preview:-1\" \/>\n<link rel=\"canonical\" href=\"https:\/\/srp.es\/en\/transparency\/informacion-institucional-y-organizativa\/\" \/>\n<meta property=\"og:locale\" content=\"en_US\" \/>\n<meta property=\"og:type\" content=\"article\" \/>\n<meta property=\"og:title\" content=\"Informaci\u00f3n institucional y organizativa - SRP\" \/>\n<meta property=\"og:description\" content=\"Financiaci\u00f3n p\u00fablico-privada para pymes y emprendedores en Asturias.\" \/>\n<meta property=\"og:url\" content=\"https:\/\/srp.es\/en\/transparency\/informacion-institucional-y-organizativa\/\" \/>\n<meta property=\"og:site_name\" content=\"SRP\" \/>\n<meta property=\"article:publisher\" content=\"https:\/\/www.facebook.com\/SRPAsturias\" \/>\n<meta property=\"article:modified_time\" content=\"2022-11-08T13:07:08+00:00\" \/>\n<meta name=\"twitter:card\" content=\"summary_large_image\" \/>\n<meta name=\"twitter:site\" content=\"@SRPAsturias\" \/>\n<meta name=\"twitter:label1\" content=\"Est. reading time\" \/>\n\t<meta name=\"twitter:data1\" content=\"7 minutes\" \/>\n<script type=\"application\/ld+json\" class=\"yoast-schema-graph\">{\"@context\":\"https:\/\/schema.org\",\"@graph\":[{\"@type\":\"WebPage\",\"@id\":\"https:\/\/srp.es\/en\/transparency\/informacion-institucional-y-organizativa\/\",\"url\":\"https:\/\/srp.es\/en\/transparency\/informacion-institucional-y-organizativa\/\",\"name\":\"Informaci\u00f3n institucional y organizativa - SRP\",\"isPartOf\":{\"@id\":\"https:\/\/srp.es\/#website\"},\"datePublished\":\"2017-09-21T11:31:05+00:00\",\"dateModified\":\"2022-11-08T13:07:08+00:00\",\"description\":\"Financiaci\u00f3n p\u00fablico-privada para pymes y emprendedores en Asturias.\",\"breadcrumb\":{\"@id\":\"https:\/\/srp.es\/en\/transparency\/informacion-institucional-y-organizativa\/#breadcrumb\"},\"inLanguage\":\"en-US\",\"potentialAction\":[{\"@type\":\"ReadAction\",\"target\":[\"https:\/\/srp.es\/en\/transparency\/informacion-institucional-y-organizativa\/\"]}]},{\"@type\":\"BreadcrumbList\",\"@id\":\"https:\/\/srp.es\/en\/transparency\/informacion-institucional-y-organizativa\/#breadcrumb\",\"itemListElement\":[{\"@type\":\"ListItem\",\"position\":1,\"name\":\"Portada\",\"item\":\"https:\/\/srp.es\/en\/\"},{\"@type\":\"ListItem\",\"position\":2,\"name\":\"Transparency\",\"item\":\"https:\/\/srp.es\/transparencia\/\"},{\"@type\":\"ListItem\",\"position\":3,\"name\":\"Informaci\u00f3n institucional y organizativa\"}]},{\"@type\":\"WebSite\",\"@id\":\"https:\/\/srp.es\/#website\",\"url\":\"https:\/\/srp.es\/\",\"name\":\"SRP\",\"description\":\"\",\"publisher\":{\"@id\":\"https:\/\/srp.es\/#organization\"},\"potentialAction\":[{\"@type\":\"SearchAction\",\"target\":{\"@type\":\"EntryPoint\",\"urlTemplate\":\"https:\/\/srp.es\/?s={search_term_string}\"},\"query-input\":{\"@type\":\"PropertyValueSpecification\",\"valueRequired\":true,\"valueName\":\"search_term_string\"}}],\"inLanguage\":\"en-US\"},{\"@type\":\"Organization\",\"@id\":\"https:\/\/srp.es\/#organization\",\"name\":\"SRP - Sociedad Regional de Promoci\u00f3n del Principado de Asturias, S.A.\",\"url\":\"https:\/\/srp.es\/\",\"logo\":{\"@type\":\"ImageObject\",\"inLanguage\":\"en-US\",\"@id\":\"https:\/\/srp.es\/#\/schema\/logo\/image\/\",\"url\":\"https:\/\/srp.es\/wp-content\/uploads\/2018\/01\/logo-firma.jpg\",\"contentUrl\":\"https:\/\/srp.es\/wp-content\/uploads\/2018\/01\/logo-firma.jpg\",\"width\":99,\"height\":46,\"caption\":\"SRP - Sociedad Regional de Promoci\u00f3n del Principado de Asturias, S.A.\"},\"image\":{\"@id\":\"https:\/\/srp.es\/#\/schema\/logo\/image\/\"},\"sameAs\":[\"https:\/\/www.facebook.com\/SRPAsturias\",\"https:\/\/x.com\/SRPAsturias\",\"https:\/\/www.linkedin.com\/company\/958056\/admin\/\"]}]}<\/script>\n<!-- \/ Yoast SEO plugin. -->","yoast_head_json":{"title":"Informaci\u00f3n institucional y organizativa - SRP","description":"Financiaci\u00f3n p\u00fablico-privada para pymes y emprendedores en Asturias.","robots":{"index":"index","follow":"follow","max-snippet":"max-snippet:-1","max-image-preview":"max-image-preview:large","max-video-preview":"max-video-preview:-1"},"canonical":"https:\/\/srp.es\/en\/transparency\/informacion-institucional-y-organizativa\/","og_locale":"en_US","og_type":"article","og_title":"Informaci\u00f3n institucional y organizativa - SRP","og_description":"Financiaci\u00f3n p\u00fablico-privada para pymes y emprendedores en Asturias.","og_url":"https:\/\/srp.es\/en\/transparency\/informacion-institucional-y-organizativa\/","og_site_name":"SRP","article_publisher":"https:\/\/www.facebook.com\/SRPAsturias","article_modified_time":"2022-11-08T13:07:08+00:00","twitter_card":"summary_large_image","twitter_site":"@SRPAsturias","twitter_misc":{"Est. reading time":"7 minutes"},"schema":{"@context":"https:\/\/schema.org","@graph":[{"@type":"WebPage","@id":"https:\/\/srp.es\/en\/transparency\/informacion-institucional-y-organizativa\/","url":"https:\/\/srp.es\/en\/transparency\/informacion-institucional-y-organizativa\/","name":"Informaci\u00f3n institucional y organizativa - SRP","isPartOf":{"@id":"https:\/\/srp.es\/#website"},"datePublished":"2017-09-21T11:31:05+00:00","dateModified":"2022-11-08T13:07:08+00:00","description":"Financiaci\u00f3n p\u00fablico-privada para pymes y emprendedores en Asturias.","breadcrumb":{"@id":"https:\/\/srp.es\/en\/transparency\/informacion-institucional-y-organizativa\/#breadcrumb"},"inLanguage":"en-US","potentialAction":[{"@type":"ReadAction","target":["https:\/\/srp.es\/en\/transparency\/informacion-institucional-y-organizativa\/"]}]},{"@type":"BreadcrumbList","@id":"https:\/\/srp.es\/en\/transparency\/informacion-institucional-y-organizativa\/#breadcrumb","itemListElement":[{"@type":"ListItem","position":1,"name":"Portada","item":"https:\/\/srp.es\/en\/"},{"@type":"ListItem","position":2,"name":"Transparency","item":"https:\/\/srp.es\/transparencia\/"},{"@type":"ListItem","position":3,"name":"Informaci\u00f3n institucional y organizativa"}]},{"@type":"WebSite","@id":"https:\/\/srp.es\/#website","url":"https:\/\/srp.es\/","name":"SRP","description":"","publisher":{"@id":"https:\/\/srp.es\/#organization"},"potentialAction":[{"@type":"SearchAction","target":{"@type":"EntryPoint","urlTemplate":"https:\/\/srp.es\/?s={search_term_string}"},"query-input":{"@type":"PropertyValueSpecification","valueRequired":true,"valueName":"search_term_string"}}],"inLanguage":"en-US"},{"@type":"Organization","@id":"https:\/\/srp.es\/#organization","name":"SRP - Sociedad Regional de Promoci\u00f3n del Principado de Asturias, S.A.","url":"https:\/\/srp.es\/","logo":{"@type":"ImageObject","inLanguage":"en-US","@id":"https:\/\/srp.es\/#\/schema\/logo\/image\/","url":"https:\/\/srp.es\/wp-content\/uploads\/2018\/01\/logo-firma.jpg","contentUrl":"https:\/\/srp.es\/wp-content\/uploads\/2018\/01\/logo-firma.jpg","width":99,"height":46,"caption":"SRP - Sociedad Regional de Promoci\u00f3n del Principado de Asturias, S.A."},"image":{"@id":"https:\/\/srp.es\/#\/schema\/logo\/image\/"},"sameAs":["https:\/\/www.facebook.com\/SRPAsturias","https:\/\/x.com\/SRPAsturias","https:\/\/www.linkedin.com\/company\/958056\/admin\/"]}]}},"_links":{"self":[{"href":"https:\/\/srp.es\/en\/wp-json\/wp\/v2\/pages\/2329"}],"collection":[{"href":"https:\/\/srp.es\/en\/wp-json\/wp\/v2\/pages"}],"about":[{"href":"https:\/\/srp.es\/en\/wp-json\/wp\/v2\/types\/page"}],"author":[{"embeddable":true,"href":"https:\/\/srp.es\/en\/wp-json\/wp\/v2\/users\/1"}],"replies":[{"embeddable":true,"href":"https:\/\/srp.es\/en\/wp-json\/wp\/v2\/comments?post=2329"}],"version-history":[{"count":12,"href":"https:\/\/srp.es\/en\/wp-json\/wp\/v2\/pages\/2329\/revisions"}],"predecessor-version":[{"id":9265,"href":"https:\/\/srp.es\/en\/wp-json\/wp\/v2\/pages\/2329\/revisions\/9265"}],"up":[{"embeddable":true,"href":"https:\/\/srp.es\/en\/wp-json\/wp\/v2\/pages\/2319"}],"wp:attachment":[{"href":"https:\/\/srp.es\/en\/wp-json\/wp\/v2\/media?parent=2329"}],"wp:term":[{"taxonomy":"category","embeddable":true,"href":"https:\/\/srp.es\/en\/wp-json\/wp\/v2\/categories?post=2329"}],"curies":[{"name":"wp","href":"https:\/\/api.w.org\/{rel}","templated":true}]}}