{"id":2331,"date":"2017-09-21T11:31:33","date_gmt":"2017-09-21T11:31:33","guid":{"rendered":"https:\/\/srp.es\/en\/?page_id=2331"},"modified":"2017-09-21T11:31:33","modified_gmt":"2017-09-21T11:31:33","slug":"informacion-economica","status":"publish","type":"page","link":"https:\/\/srp.es\/en\/transparency\/informacion-economica\/","title":{"rendered":"Informaci\u00f3n econ\u00f3mica"},"content":{"rendered":"<p>[vc_row fullwidth=&#8221;yes&#8221; el_class=&#8221;cabecera&#8221;][vc_column][vc_row_inner][vc_column_inner el_class=&#8221;ancho100-l caja-overflow&#8221; width=&#8221;1\/2&#8243;]<img loading=\"lazy\" decoding=\"async\" width=\"863\" height=\"600\" src=\"https:\/\/srp.es\/wp-content\/uploads\/2017\/07\/cab-licitaciones.jpg\" class=\"fullwidth-image attachment-\" alt=\"licitaciones\" srcset=\"https:\/\/srp.es\/wp-content\/uploads\/2017\/07\/cab-licitaciones.jpg 863w, https:\/\/srp.es\/wp-content\/uploads\/2017\/07\/cab-licitaciones-300x209.jpg 300w, https:\/\/srp.es\/wp-content\/uploads\/2017\/07\/cab-licitaciones-768x534.jpg 768w\" sizes=\"(max-width: 863px) 100vw, 863px\" \/>[\/vc_column_inner][vc_column_inner el_class=&#8221;caja-cab ancho100-l&#8221; width=&#8221;1\/2&#8243;]<h1 class=\" text-left   \" style=\" margin-bottom: px; \">Transparencia<\/h1>[\/vc_column_inner][\/vc_row_inner][\/vc_column][\/vc_row][vc_row fullwidth=&#8221;yes&#8221; el_id=&#8221;ancla&#8221;][vc_column width=&#8221;1\/3&#8243; el_class=&#8221;ancho100-m&#8221;][vc_row_inner][vc_column_inner][vc_widget_sidebar sidebar_id=&#8221;left-sidebar&#8221;][\/vc_column_inner][\/vc_row_inner][\/vc_column][vc_column width=&#8221;2\/3&#8243; el_class=&#8221;ancho100-m&#8221;][vc_row_inner el_class=&#8221;caja-tipo1&#8243;][vc_column_inner][vc_column_text el_class=&#8221;txt-dest tipo1&#8243;]<\/p>\n<h2><strong>Transparencia<\/strong><br \/>\nInformaci\u00f3n econ\u00f3mica<\/h2>\n<p>[\/vc_column_text][\/vc_column_inner][\/vc_row_inner][vc_row_inner][vc_column_inner][vc_column_text]Seg\u00fan el art\u00edculo 8.1 de la Ley de transparencia, la SRP debe hacer p\u00fablica la informaci\u00f3n relativa a los actos de gesti\u00f3n administrativa con repercusi\u00f3n econ\u00f3mica o presupuestaria, y, en concreto, la siguiente:[\/vc_column_text][\/vc_column_inner][\/vc_row_inner][vc_row_inner][vc_column_inner width=&#8221;1\/2&#8243;][vc_column_text el_class=&#8221;ver-mas lista_tipo1&#8243;]<\/p>\n<ul>\n<li>Contrataci\u00f3n y datos estad\u00edsticos<br \/>\n<a href=\"https:\/\/srp.es\/transparencia\/informacion-economica\/contratacion-y-datos-estadisticos\/\">Ver m\u00e1s<\/a><\/li>\n<li>Convenios de colaboraci\u00f3n vigentes<br \/>\n<a href=\"https:\/\/srp.es\/transparencia\/informacion-economica\/convenios-de-colaboracion-vigentes\/\">Ver m\u00e1s<\/a><\/li>\n<li>Cuentas anuales auditadas<br \/>\n<a href=\"https:\/\/srp.es\/transparencia\/informacion-economica\/cuentas-anuales-auditadas\/\" target=\"_blank\" rel=\"noopener\">Ver m\u00e1s<\/a><\/li>\n<li>Retribuci\u00f3n del Consejo de Administraci\u00f3n<br \/>\n<a href=\"https:\/\/srp.es\/transparencia\/informacion-economica\/retribucion-del-consejo-de-administracion\/\">Ver m\u00e1s<\/a><\/li>\n<\/ul>\n<p>[\/vc_column_text][\/vc_column_inner][vc_column_inner width=&#8221;1\/2&#8243;][vc_column_text el_class=&#8221;doc lista_tipo1&#8243;]<\/p>\n<ul>\n<li>Presupuesto SRP\u00a0<a href=\"https:\/\/srp.es\/wp-content\/uploads\/2017\/08\/Presupuesto-2016_2017-SRP.xls\" target=\"_blank\" rel=\"noopener noreferrer\">Descargar<\/a><\/li>\n<li>Estado de ejecuci\u00f3n<a href=\"https:\/\/srp.es\/wp-content\/uploads\/2015\/12\/Presupuesto-SRP-y-estado-de-ejecucion.xls\" target=\"_blank\" rel=\"noopener\">Descargar<\/a><\/li>\n<\/ul>\n<p>[\/vc_column_text][\/vc_column_inner][\/vc_row_inner][\/vc_column][\/vc_row]<\/p>\n","protected":false},"excerpt":{"rendered":"<p>[vc_row fullwidth=&#8221;yes&#8221; el_class=&#8221;cabecera&#8221;][vc_column][vc_row_inner][vc_column_inner el_class=&#8221;ancho100-l caja-overflow&#8221; width=&#8221;1\/2&#8243;][\/vc_column_inner][vc_column_inner el_class=&#8221;caja-cab ancho100-l&#8221; width=&#8221;1\/2&#8243;][\/vc_column_inner][\/vc_row_inner][\/vc_column][\/vc_row][vc_row fullwidth=&#8221;yes&#8221; el_id=&#8221;ancla&#8221;][vc_column width=&#8221;1\/3&#8243; el_class=&#8221;ancho100-m&#8221;][vc_row_inner][vc_column_inner][vc_widget_sidebar sidebar_id=&#8221;left-sidebar&#8221;][\/vc_column_inner][\/vc_row_inner][\/vc_column][vc_column width=&#8221;2\/3&#8243; el_class=&#8221;ancho100-m&#8221;][vc_row_inner el_class=&#8221;caja-tipo1&#8243;][vc_column_inner][vc_column_text el_class=&#8221;txt-dest tipo1&#8243;] Transparencia Informaci\u00f3n econ\u00f3mica [\/vc_column_text][\/vc_column_inner][\/vc_row_inner][vc_row_inner][vc_column_inner][vc_column_text]Seg\u00fan el art\u00edculo 8.1 de la Ley de transparencia, la SRP debe hacer p\u00fablica la informaci\u00f3n relativa a los actos de gesti\u00f3n administrativa con repercusi\u00f3n econ\u00f3mica o presupuestaria, y, en concreto, la siguiente:[\/vc_column_text][\/vc_column_inner][\/vc_row_inner][vc_row_inner][vc_column_inner [&hellip;]<\/p>\n","protected":false},"author":1,"featured_media":0,"parent":2319,"menu_order":0,"comment_status":"closed","ping_status":"closed","template":"page-fullwidth.php","meta":{"_acf_changed":false,"footnotes":""},"categories":[],"class_list":["post-2331","page","type-page","status-publish","hentry"],"acf":[],"yoast_head":"<!-- This site is optimized with the Yoast SEO plugin v23.7 - https:\/\/yoast.com\/wordpress\/plugins\/seo\/ -->\n<title>Informaci\u00f3n econ\u00f3mica - SRP<\/title>\n<meta name=\"description\" content=\"Financiaci\u00f3n p\u00fablico-privada para pymes y emprendedores en Asturias.\" \/>\n<meta name=\"robots\" content=\"index, follow, max-snippet:-1, max-image-preview:large, max-video-preview:-1\" \/>\n<link rel=\"canonical\" href=\"https:\/\/srp.es\/en\/transparencia\/informacion-economica\/\" \/>\n<meta property=\"og:locale\" content=\"en_US\" \/>\n<meta property=\"og:type\" content=\"article\" \/>\n<meta property=\"og:title\" content=\"Informaci\u00f3n econ\u00f3mica - SRP\" \/>\n<meta property=\"og:description\" content=\"Financiaci\u00f3n p\u00fablico-privada para pymes y emprendedores en Asturias.\" \/>\n<meta property=\"og:url\" content=\"https:\/\/srp.es\/transparencia\/informacion-economica\/\" \/>\n<meta property=\"og:site_name\" content=\"SRP\" \/>\n<meta property=\"article:publisher\" content=\"https:\/\/www.facebook.com\/SRPAsturias\" \/>\n<meta name=\"twitter:card\" content=\"summary_large_image\" \/>\n<meta name=\"twitter:site\" content=\"@SRPAsturias\" \/>\n<meta name=\"twitter:label1\" content=\"Est. reading time\" \/>\n\t<meta name=\"twitter:data1\" content=\"1 minute\" \/>\n<script type=\"application\/ld+json\" class=\"yoast-schema-graph\">{\"@context\":\"https:\/\/schema.org\",\"@graph\":[{\"@type\":\"WebPage\",\"@id\":\"https:\/\/srp.es\/transparencia\/informacion-economica\/\",\"url\":\"https:\/\/srp.es\/transparencia\/informacion-economica\/\",\"name\":\"Informaci\u00f3n econ\u00f3mica - SRP\",\"isPartOf\":{\"@id\":\"https:\/\/srp.es\/#website\"},\"datePublished\":\"2017-09-21T11:31:33+00:00\",\"dateModified\":\"2017-09-21T11:31:33+00:00\",\"description\":\"Financiaci\u00f3n p\u00fablico-privada para pymes y emprendedores en Asturias.\",\"breadcrumb\":{\"@id\":\"https:\/\/srp.es\/transparencia\/informacion-economica\/#breadcrumb\"},\"inLanguage\":\"en-US\",\"potentialAction\":[{\"@type\":\"ReadAction\",\"target\":[\"https:\/\/srp.es\/transparencia\/informacion-economica\/\"]}]},{\"@type\":\"BreadcrumbList\",\"@id\":\"https:\/\/srp.es\/transparencia\/informacion-economica\/#breadcrumb\",\"itemListElement\":[{\"@type\":\"ListItem\",\"position\":1,\"name\":\"Portada\",\"item\":\"https:\/\/srp.es\/en\/\"},{\"@type\":\"ListItem\",\"position\":2,\"name\":\"Transparency\",\"item\":\"https:\/\/srp.es\/transparencia\/\"},{\"@type\":\"ListItem\",\"position\":3,\"name\":\"Informaci\u00f3n econ\u00f3mica\"}]},{\"@type\":\"WebSite\",\"@id\":\"https:\/\/srp.es\/#website\",\"url\":\"https:\/\/srp.es\/\",\"name\":\"SRP\",\"description\":\"\",\"publisher\":{\"@id\":\"https:\/\/srp.es\/#organization\"},\"potentialAction\":[{\"@type\":\"SearchAction\",\"target\":{\"@type\":\"EntryPoint\",\"urlTemplate\":\"https:\/\/srp.es\/?s={search_term_string}\"},\"query-input\":{\"@type\":\"PropertyValueSpecification\",\"valueRequired\":true,\"valueName\":\"search_term_string\"}}],\"inLanguage\":\"en-US\"},{\"@type\":\"Organization\",\"@id\":\"https:\/\/srp.es\/#organization\",\"name\":\"SRP - Sociedad Regional de Promoci\u00f3n del Principado de Asturias, S.A.\",\"url\":\"https:\/\/srp.es\/\",\"logo\":{\"@type\":\"ImageObject\",\"inLanguage\":\"en-US\",\"@id\":\"https:\/\/srp.es\/#\/schema\/logo\/image\/\",\"url\":\"https:\/\/srp.es\/wp-content\/uploads\/2018\/01\/logo-firma.jpg\",\"contentUrl\":\"https:\/\/srp.es\/wp-content\/uploads\/2018\/01\/logo-firma.jpg\",\"width\":99,\"height\":46,\"caption\":\"SRP - Sociedad Regional de Promoci\u00f3n del Principado de Asturias, S.A.\"},\"image\":{\"@id\":\"https:\/\/srp.es\/#\/schema\/logo\/image\/\"},\"sameAs\":[\"https:\/\/www.facebook.com\/SRPAsturias\",\"https:\/\/x.com\/SRPAsturias\",\"https:\/\/www.linkedin.com\/company\/958056\/admin\/\"]}]}<\/script>\n<!-- \/ Yoast SEO plugin. -->","yoast_head_json":{"title":"Informaci\u00f3n econ\u00f3mica - SRP","description":"Financiaci\u00f3n p\u00fablico-privada para pymes y emprendedores en Asturias.","robots":{"index":"index","follow":"follow","max-snippet":"max-snippet:-1","max-image-preview":"max-image-preview:large","max-video-preview":"max-video-preview:-1"},"canonical":"https:\/\/srp.es\/en\/transparencia\/informacion-economica\/","og_locale":"en_US","og_type":"article","og_title":"Informaci\u00f3n econ\u00f3mica - SRP","og_description":"Financiaci\u00f3n p\u00fablico-privada para pymes y emprendedores en Asturias.","og_url":"https:\/\/srp.es\/transparencia\/informacion-economica\/","og_site_name":"SRP","article_publisher":"https:\/\/www.facebook.com\/SRPAsturias","twitter_card":"summary_large_image","twitter_site":"@SRPAsturias","twitter_misc":{"Est. reading time":"1 minute"},"schema":{"@context":"https:\/\/schema.org","@graph":[{"@type":"WebPage","@id":"https:\/\/srp.es\/transparencia\/informacion-economica\/","url":"https:\/\/srp.es\/transparencia\/informacion-economica\/","name":"Informaci\u00f3n econ\u00f3mica - SRP","isPartOf":{"@id":"https:\/\/srp.es\/#website"},"datePublished":"2017-09-21T11:31:33+00:00","dateModified":"2017-09-21T11:31:33+00:00","description":"Financiaci\u00f3n p\u00fablico-privada para pymes y emprendedores en Asturias.","breadcrumb":{"@id":"https:\/\/srp.es\/transparencia\/informacion-economica\/#breadcrumb"},"inLanguage":"en-US","potentialAction":[{"@type":"ReadAction","target":["https:\/\/srp.es\/transparencia\/informacion-economica\/"]}]},{"@type":"BreadcrumbList","@id":"https:\/\/srp.es\/transparencia\/informacion-economica\/#breadcrumb","itemListElement":[{"@type":"ListItem","position":1,"name":"Portada","item":"https:\/\/srp.es\/en\/"},{"@type":"ListItem","position":2,"name":"Transparency","item":"https:\/\/srp.es\/transparencia\/"},{"@type":"ListItem","position":3,"name":"Informaci\u00f3n econ\u00f3mica"}]},{"@type":"WebSite","@id":"https:\/\/srp.es\/#website","url":"https:\/\/srp.es\/","name":"SRP","description":"","publisher":{"@id":"https:\/\/srp.es\/#organization"},"potentialAction":[{"@type":"SearchAction","target":{"@type":"EntryPoint","urlTemplate":"https:\/\/srp.es\/?s={search_term_string}"},"query-input":{"@type":"PropertyValueSpecification","valueRequired":true,"valueName":"search_term_string"}}],"inLanguage":"en-US"},{"@type":"Organization","@id":"https:\/\/srp.es\/#organization","name":"SRP - Sociedad Regional de Promoci\u00f3n del Principado de Asturias, S.A.","url":"https:\/\/srp.es\/","logo":{"@type":"ImageObject","inLanguage":"en-US","@id":"https:\/\/srp.es\/#\/schema\/logo\/image\/","url":"https:\/\/srp.es\/wp-content\/uploads\/2018\/01\/logo-firma.jpg","contentUrl":"https:\/\/srp.es\/wp-content\/uploads\/2018\/01\/logo-firma.jpg","width":99,"height":46,"caption":"SRP - Sociedad Regional de Promoci\u00f3n del Principado de Asturias, S.A."},"image":{"@id":"https:\/\/srp.es\/#\/schema\/logo\/image\/"},"sameAs":["https:\/\/www.facebook.com\/SRPAsturias","https:\/\/x.com\/SRPAsturias","https:\/\/www.linkedin.com\/company\/958056\/admin\/"]}]}},"_links":{"self":[{"href":"https:\/\/srp.es\/en\/wp-json\/wp\/v2\/pages\/2331"}],"collection":[{"href":"https:\/\/srp.es\/en\/wp-json\/wp\/v2\/pages"}],"about":[{"href":"https:\/\/srp.es\/en\/wp-json\/wp\/v2\/types\/page"}],"author":[{"embeddable":true,"href":"https:\/\/srp.es\/en\/wp-json\/wp\/v2\/users\/1"}],"replies":[{"embeddable":true,"href":"https:\/\/srp.es\/en\/wp-json\/wp\/v2\/comments?post=2331"}],"version-history":[{"count":1,"href":"https:\/\/srp.es\/en\/wp-json\/wp\/v2\/pages\/2331\/revisions"}],"predecessor-version":[{"id":2332,"href":"https:\/\/srp.es\/en\/wp-json\/wp\/v2\/pages\/2331\/revisions\/2332"}],"up":[{"embeddable":true,"href":"https:\/\/srp.es\/en\/wp-json\/wp\/v2\/pages\/2319"}],"wp:attachment":[{"href":"https:\/\/srp.es\/en\/wp-json\/wp\/v2\/media?parent=2331"}],"wp:term":[{"taxonomy":"category","embeddable":true,"href":"https:\/\/srp.es\/en\/wp-json\/wp\/v2\/categories?post=2331"}],"curies":[{"name":"wp","href":"https:\/\/api.w.org\/{rel}","templated":true}]}}