{"id":2347,"date":"2017-09-21T11:37:16","date_gmt":"2017-09-21T11:37:16","guid":{"rendered":"https:\/\/srp.es\/en\/?page_id=2347"},"modified":"2017-09-21T11:37:16","modified_gmt":"2017-09-21T11:37:16","slug":"solicitud-de-informacion","status":"publish","type":"page","link":"https:\/\/srp.es\/en\/solicitud-de-informacion\/","title":{"rendered":"Solicitud de informaci\u00f3n"},"content":{"rendered":"<p>[vc_row fullwidth=&#8221;yes&#8221; el_class=&#8221;cabecera&#8221;][vc_column][vc_row_inner][vc_column_inner el_class=&#8221;ancho100-l caja-overflow&#8221; width=&#8221;1\/2&#8243;]<img loading=\"lazy\" decoding=\"async\" width=\"863\" height=\"600\" src=\"https:\/\/srp.es\/wp-content\/uploads\/2017\/07\/cab-licitaciones.jpg\" class=\"fullwidth-image attachment-\" alt=\"licitaciones\" srcset=\"https:\/\/srp.es\/wp-content\/uploads\/2017\/07\/cab-licitaciones.jpg 863w, https:\/\/srp.es\/wp-content\/uploads\/2017\/07\/cab-licitaciones-300x209.jpg 300w, https:\/\/srp.es\/wp-content\/uploads\/2017\/07\/cab-licitaciones-768x534.jpg 768w\" sizes=\"(max-width: 863px) 100vw, 863px\" \/>[\/vc_column_inner][vc_column_inner el_class=&#8221;caja-cab ancho100-l&#8221; width=&#8221;1\/2&#8243;]<h1 class=\" text-left   \" style=\" margin-bottom: px; \">Transparencia<\/h1>[\/vc_column_inner][\/vc_row_inner][\/vc_column][\/vc_row][vc_row fullwidth=&#8221;yes&#8221; el_id=&#8221;ancla&#8221;][vc_column width=&#8221;1\/3&#8243; el_class=&#8221;ancho100-m&#8221;][vc_row_inner][vc_column_inner][vc_widget_sidebar sidebar_id=&#8221;left-sidebar&#8221;][\/vc_column_inner][\/vc_row_inner][\/vc_column][vc_column width=&#8221;2\/3&#8243; el_class=&#8221;ancho100-m&#8221;][vc_row_inner el_class=&#8221;caja-tipo1&#8243;][vc_column_inner][vc_column_text el_class=&#8221;txt-dest tipo1&#8243;]<\/p>\n<h2><strong>Transparencia<\/strong><br \/>\nSolicitud de informaci\u00f3n<\/h2>\n<p>[\/vc_column_text][\/vc_column_inner][\/vc_row_inner][vc_row_inner][vc_column_inner]<h3 class=\" text-left   \" style=\" margin-bottom: px; \"><strong>Buz\u00f3n de transparencia<\/strong><\/h3>[vc_column_text]\n<div class=\"wpcf7 no-js\" id=\"wpcf7-f867-o1\" lang=\"es-ES\" dir=\"ltr\">\n<div class=\"screen-reader-response\"><p role=\"status\" aria-live=\"polite\" aria-atomic=\"true\"><\/p> <ul><\/ul><\/div>\n<form action=\"\/en\/wp-json\/wp\/v2\/pages\/2347#wpcf7-f867-o1\" method=\"post\" class=\"wpcf7-form init wpcf7-acceptance-as-validation\" aria-label=\"Formulario de contacto\" novalidate=\"novalidate\" data-status=\"init\">\n<div style=\"display: none;\">\n<input type=\"hidden\" name=\"_wpcf7\" value=\"867\" \/>\n<input type=\"hidden\" name=\"_wpcf7_version\" value=\"5.9.8\" \/>\n<input type=\"hidden\" name=\"_wpcf7_locale\" value=\"es_ES\" \/>\n<input type=\"hidden\" name=\"_wpcf7_unit_tag\" value=\"wpcf7-f867-o1\" \/>\n<input type=\"hidden\" name=\"_wpcf7_container_post\" value=\"0\" \/>\n<input type=\"hidden\" name=\"_wpcf7_posted_data_hash\" value=\"\" \/>\n<input type=\"hidden\" name=\"_wpcf7_recaptcha_response\" value=\"\" \/>\n<\/div>\n<div class=\"form_tipo2 buzon\">\n\t<p class=\"tmn-5\"><br \/>\n<label> Nombre* <span class=\"wpcf7-form-control-wrap\" data-name=\"your-name\"><input size=\"40\" maxlength=\"400\" class=\"wpcf7-form-control wpcf7-text wpcf7-validates-as-required\" aria-required=\"true\" aria-invalid=\"false\" placeholder=\"Nombre\" value=\"\" type=\"text\" name=\"your-name\" \/><\/span> <\/label>\n\t<\/p>\n\t<p class=\"tmn-7 ultimo\"><br \/>\n<label> Apellidos* <span class=\"wpcf7-form-control-wrap\" data-name=\"your-apellido\"><input size=\"40\" maxlength=\"400\" class=\"wpcf7-form-control wpcf7-text wpcf7-validates-as-required\" aria-required=\"true\" aria-invalid=\"false\" placeholder=\"Apellidos\" value=\"\" type=\"text\" name=\"your-apellido\" \/><\/span> <\/label>\n\t<\/p>\n\t<p class=\"tmn-4\"><br \/>\n<label> NIF* <span class=\"wpcf7-form-control-wrap\" data-name=\"your-nif\"><input size=\"40\" maxlength=\"400\" class=\"wpcf7-form-control wpcf7-text wpcf7-validates-as-required\" aria-required=\"true\" aria-invalid=\"false\" placeholder=\"NIF\" value=\"\" type=\"text\" name=\"your-nif\" \/><\/span> <\/label>\n\t<\/p>\n\t<p class=\"tmn-4\"><br \/>\n<label>Correo Electr\u00f3nico* <span class=\"wpcf7-form-control-wrap\" data-name=\"your-email\"><input size=\"40\" maxlength=\"400\" class=\"wpcf7-form-control wpcf7-email wpcf7-validates-as-required wpcf7-text wpcf7-validates-as-email\" aria-required=\"true\" aria-invalid=\"false\" placeholder=\"Email\" value=\"\" type=\"email\" name=\"your-email\" \/><\/span> <\/label>\n\t<\/p>\n\t<p class=\"tmn-4 ultimo\"><br \/>\n<label> Tel\u00e9fono* <span class=\"wpcf7-form-control-wrap\" data-name=\"your-tel\"><input size=\"40\" maxlength=\"400\" class=\"wpcf7-form-control wpcf7-tel wpcf7-validates-as-required wpcf7-text wpcf7-validates-as-tel\" aria-required=\"true\" aria-invalid=\"false\" placeholder=\"Tel\u00e9fono\" value=\"\" type=\"tel\" name=\"your-tel\" \/><\/span> <\/label>\n\t<\/p>\n\t<p class=\"tmn-12 ultimo\"><br \/>\n<label>Contenido de la solicitud <span class=\"wpcf7-form-control-wrap\" data-name=\"your-message\"><textarea cols=\"40\" rows=\"10\" maxlength=\"2000\" class=\"wpcf7-form-control wpcf7-textarea\" aria-invalid=\"false\" placeholder=\"Contenido de la solicitud\" name=\"your-message\"><\/textarea><\/span> <\/label>\n\t<\/p>\n\t<p><label>En cumplimiento de lo establecido en el art\u00edculo 13 del Reglamento 2.016\/679, de 27 de abril, relativo a la protecci\u00f3n de las personas f\u00edsicas en lo que respecta al tratamiento de datos personales y a la libre circulaci\u00f3n de estos datos y del art\u00edculo 11 de la Ley Org\u00e1nica 3\/2018, de 5 de diciembre, de Protecci\u00f3n de Datos de Car\u00e1cter Personal y Garant\u00eda de los Derechos Digitales le informamos de los siguientes extremos:<\/label>\n\t<\/p>\n\t<ul>\n\t\t<li>\n\t\t\t<p><strong>Responsable.<\/strong> Sociedad Regional de Promoci\u00f3n del Principado de Asturias, S.A., Parque Tecnol\u00f3gico de Asturias, C\/Ablanal, parcela 53, 33428 \u2013 Llanera (Principado de Asturias). Tel\u00e9fono: 985-980-096. Correo electr\u00f3nico: <a href=\"mailto:srp@srp.es\">srp@srp.es<\/a>.\n\t\t\t<\/p>\n\t\t<\/li>\n\t\t<li>\n\t\t\t<p><strong>Finalidad del tratamiento y plazos de conservaci\u00f3n.<\/strong> Gesti\u00f3n de los datos de los ciudadanos solicitantes de informaci\u00f3n al objeto ampliar y reforzar la transparencia de la actividad p\u00fablica, regular y garantizar el derecho de acceso a la informaci\u00f3n relativa a aquella actividad y establecer las obligaciones de buen gobierno que deben cumplir los responsables p\u00fablicos, as\u00ed como las consecuencias derivadas de su incumplimiento. Mantenimiento de un hist\u00f3rico de las solicitudes para mejorar el cumplimiento de las obligaciones establecidas en la Ley 19\/2.013, de 9 de septiembre, de transparencia, acceso a la informaci\u00f3n p\u00fablica y buen gobierno.\n\t\t\t<\/p>\n\t\t<\/li>\n\t\t<li>\n\t\t\t<p>Sus datos se mantendr\u00e1n con car\u00e1cter indefinido por mantenimiento de un hist\u00f3rico de las solicitudes para mejorar el cumplimiento de las obligaciones establecidas en la Ley 19\/2.013, de 9 de septiembre, de transparencia, acceso a la informaci\u00f3n p\u00fablica y buen gobierno.\n\t\t\t<\/p>\n\t\t<\/li>\n\t\t<li>\n\t\t\t<p><strong>Legitimaci\u00f3n y base legal para el tratamiento<\/strong>, consecuencia de no obtener los datos y destinatarios. Reglamento 2016\/679, art\u00edculo 6.1.a): el interesado dio su consentimiento para el tratamiento de sus datos personales para uno o varios fines espec\u00edficos y art\u00edculo 6.1.c): el tratamiento es necesario para el cumplimiento de una obligaci\u00f3n legal impuesta al Responsable del tratamiento. Ley 19\/2.013, de 9 de septiembre, de transparencia, acceso a la informaci\u00f3n p\u00fablica y buen gobierno.\n\t\t\t<\/p>\n\t\t<\/li>\n\t\t<li>\n\t\t\t<p>La negativa a facilitar los datos impedir\u00e1 tramitar su solicitud.\n\t\t\t<\/p>\n\t\t<\/li>\n\t\t<li>\n\t\t\t<p>Sus datos no se ceder\u00e1n o comunicar\u00e1n a terceros\n\t\t\t<\/p>\n\t\t<\/li>\n\t\t<li>\n\t\t\t<p><strong>Derechos.<\/strong> Cualquier persona tiene derecho a obtener confirmaci\u00f3n sobre si sus datos son tratados por la Sociedad Regional de Promoci\u00f3n del Principado de Asturias, S.A. Las personas interesadas tienen derecho a acceder a sus datos personales, as\u00ed como a solicitar la rectificaci\u00f3n de los datos inexactos o, en su caso, solicitar su supresi\u00f3n cuando, entre otros motivos, los datos ya no sean necesarios para los fines que fueron recogidos. As\u00ed mismo, le asisten los derechos de limitaci\u00f3n del tratamiento y portabilidad de sus datos. Podr\u00e1 ejercer sus derechos dirigi\u00e9ndose personalmente a la Sociedad Regional de Promoci\u00f3n del Principado de Asturias, S.A. bien de manera presencial, bien por correo postal a la direcci\u00f3n indicada identific\u00e1ndose de manera suficiente, o bien por correo electr\u00f3nico firmado con certificado digital a la direcci\u00f3n <a href=\"mailto:srp@srp.es\">srp@srp.es<\/a>. Si usted considerara que sus derechos no se han respetado podr\u00e1 dirigirse a la Agencia Espa\u00f1ola de Protecci\u00f3n de Datos, <a href=\"http:\/\/www.aepd.es\">www.aepd.es<\/a> y Calle Jorge Juan, 6, 28001 - Madrid, como Autoridad Independiente de Control en materia de protecci\u00f3n de datos de car\u00e1cter personal.\n\t\t\t<\/p>\n\t\t<\/li>\n\t<\/ul>\n<\/div>\n<p class=\"boton\"><br \/>\n<input class=\"wpcf7-form-control wpcf7-submit has-spinner\" type=\"submit\" value=\"Enviar\" \/>\n<\/p>\n<input class=\"wpcf7-form-control wpcf7-hidden\" value=\"\" type=\"hidden\" name=\"your-ip\" \/>\n<input class=\"wpcf7-form-control wpcf7-hidden\" value=\"\" type=\"hidden\" name=\"your-timestamp\" \/>\n<p><script>\n jQuery.get('https:\/\/jsonip.com\/', function(r){ jQuery(\"form input[name='your-ip']\").val(r.ip); });\n jQuery(\"form input[name='your-timestamp']\").val( (new Date).toGMTString() );\n<\/script>\n<\/p><div class=\"wpcf7-response-output\" aria-hidden=\"true\"><\/div>\n<\/form>\n<\/div>\n[\/vc_column_text][\/vc_column_inner][\/vc_row_inner][\/vc_column][\/vc_row]<\/p>\n","protected":false},"excerpt":{"rendered":"<p>[vc_row fullwidth=&#8221;yes&#8221; el_class=&#8221;cabecera&#8221;][vc_column][vc_row_inner][vc_column_inner el_class=&#8221;ancho100-l caja-overflow&#8221; width=&#8221;1\/2&#8243;][\/vc_column_inner][vc_column_inner el_class=&#8221;caja-cab ancho100-l&#8221; width=&#8221;1\/2&#8243;][\/vc_column_inner][\/vc_row_inner][\/vc_column][\/vc_row][vc_row fullwidth=&#8221;yes&#8221; el_id=&#8221;ancla&#8221;][vc_column width=&#8221;1\/3&#8243; el_class=&#8221;ancho100-m&#8221;][vc_row_inner][vc_column_inner][vc_widget_sidebar sidebar_id=&#8221;left-sidebar&#8221;][\/vc_column_inner][\/vc_row_inner][\/vc_column][vc_column width=&#8221;2\/3&#8243; el_class=&#8221;ancho100-m&#8221;][vc_row_inner el_class=&#8221;caja-tipo1&#8243;][vc_column_inner][vc_column_text el_class=&#8221;txt-dest tipo1&#8243;] Transparencia Solicitud de informaci\u00f3n [\/vc_column_text][\/vc_column_inner][\/vc_row_inner][vc_row_inner][vc_column_inner][vc_column_text][\/vc_column_text][\/vc_column_inner][\/vc_row_inner][\/vc_column][\/vc_row]<\/p>\n","protected":false},"author":1,"featured_media":0,"parent":0,"menu_order":0,"comment_status":"closed","ping_status":"closed","template":"page-fullwidth.php","meta":{"_acf_changed":false,"footnotes":""},"class_list":["post-2347","page","type-page","status-publish","hentry"],"acf":[],"yoast_head":"<!-- This site is optimized with the Yoast SEO plugin v23.7 - https:\/\/yoast.com\/wordpress\/plugins\/seo\/ -->\n<title>Solicitud de informaci\u00f3n - SRP<\/title>\n<meta name=\"description\" content=\"Financiaci\u00f3n p\u00fablico-privada para pymes y emprendedores en Asturias.\" \/>\n<meta name=\"robots\" content=\"index, follow, max-snippet:-1, max-image-preview:large, max-video-preview:-1\" \/>\n<link rel=\"canonical\" href=\"https:\/\/srp.es\/en\/solicitud-de-informacion\/\" \/>\n<meta property=\"og:locale\" content=\"en_US\" \/>\n<meta property=\"og:type\" content=\"article\" \/>\n<meta property=\"og:title\" content=\"Solicitud de informaci\u00f3n - SRP\" \/>\n<meta property=\"og:description\" content=\"Financiaci\u00f3n p\u00fablico-privada para pymes y emprendedores en Asturias.\" \/>\n<meta property=\"og:url\" content=\"https:\/\/srp.es\/solicitud-de-informacion\/\" \/>\n<meta property=\"og:site_name\" content=\"SRP\" \/>\n<meta property=\"article:publisher\" content=\"https:\/\/www.facebook.com\/SRPAsturias\" \/>\n<meta name=\"twitter:card\" content=\"summary_large_image\" \/>\n<meta name=\"twitter:site\" content=\"@SRPAsturias\" \/>\n<meta name=\"twitter:label1\" content=\"Est. reading time\" \/>\n\t<meta name=\"twitter:data1\" content=\"1 minute\" \/>\n<script type=\"application\/ld+json\" class=\"yoast-schema-graph\">{\"@context\":\"https:\/\/schema.org\",\"@graph\":[{\"@type\":\"WebPage\",\"@id\":\"https:\/\/srp.es\/solicitud-de-informacion\/\",\"url\":\"https:\/\/srp.es\/solicitud-de-informacion\/\",\"name\":\"Solicitud de informaci\u00f3n - SRP\",\"isPartOf\":{\"@id\":\"https:\/\/srp.es\/#website\"},\"datePublished\":\"2017-09-21T11:37:16+00:00\",\"dateModified\":\"2017-09-21T11:37:16+00:00\",\"description\":\"Financiaci\u00f3n p\u00fablico-privada para pymes y emprendedores en Asturias.\",\"breadcrumb\":{\"@id\":\"https:\/\/srp.es\/solicitud-de-informacion\/#breadcrumb\"},\"inLanguage\":\"en-US\",\"potentialAction\":[{\"@type\":\"ReadAction\",\"target\":[\"https:\/\/srp.es\/solicitud-de-informacion\/\"]}]},{\"@type\":\"BreadcrumbList\",\"@id\":\"https:\/\/srp.es\/solicitud-de-informacion\/#breadcrumb\",\"itemListElement\":[{\"@type\":\"ListItem\",\"position\":1,\"name\":\"Portada\",\"item\":\"https:\/\/srp.es\/en\/\"},{\"@type\":\"ListItem\",\"position\":2,\"name\":\"Solicitud de informaci\u00f3n\"}]},{\"@type\":\"WebSite\",\"@id\":\"https:\/\/srp.es\/#website\",\"url\":\"https:\/\/srp.es\/\",\"name\":\"SRP\",\"description\":\"\",\"publisher\":{\"@id\":\"https:\/\/srp.es\/#organization\"},\"potentialAction\":[{\"@type\":\"SearchAction\",\"target\":{\"@type\":\"EntryPoint\",\"urlTemplate\":\"https:\/\/srp.es\/?s={search_term_string}\"},\"query-input\":{\"@type\":\"PropertyValueSpecification\",\"valueRequired\":true,\"valueName\":\"search_term_string\"}}],\"inLanguage\":\"en-US\"},{\"@type\":\"Organization\",\"@id\":\"https:\/\/srp.es\/#organization\",\"name\":\"SRP - Sociedad Regional de Promoci\u00f3n del Principado de Asturias, S.A.\",\"url\":\"https:\/\/srp.es\/\",\"logo\":{\"@type\":\"ImageObject\",\"inLanguage\":\"en-US\",\"@id\":\"https:\/\/srp.es\/#\/schema\/logo\/image\/\",\"url\":\"https:\/\/srp.es\/wp-content\/uploads\/2018\/01\/logo-firma.jpg\",\"contentUrl\":\"https:\/\/srp.es\/wp-content\/uploads\/2018\/01\/logo-firma.jpg\",\"width\":99,\"height\":46,\"caption\":\"SRP - Sociedad Regional de Promoci\u00f3n del Principado de Asturias, S.A.\"},\"image\":{\"@id\":\"https:\/\/srp.es\/#\/schema\/logo\/image\/\"},\"sameAs\":[\"https:\/\/www.facebook.com\/SRPAsturias\",\"https:\/\/x.com\/SRPAsturias\",\"https:\/\/www.linkedin.com\/company\/958056\/admin\/\"]}]}<\/script>\n<!-- \/ Yoast SEO plugin. -->","yoast_head_json":{"title":"Solicitud de informaci\u00f3n - SRP","description":"Financiaci\u00f3n p\u00fablico-privada para pymes y emprendedores en Asturias.","robots":{"index":"index","follow":"follow","max-snippet":"max-snippet:-1","max-image-preview":"max-image-preview:large","max-video-preview":"max-video-preview:-1"},"canonical":"https:\/\/srp.es\/en\/solicitud-de-informacion\/","og_locale":"en_US","og_type":"article","og_title":"Solicitud de informaci\u00f3n - SRP","og_description":"Financiaci\u00f3n p\u00fablico-privada para pymes y emprendedores en Asturias.","og_url":"https:\/\/srp.es\/solicitud-de-informacion\/","og_site_name":"SRP","article_publisher":"https:\/\/www.facebook.com\/SRPAsturias","twitter_card":"summary_large_image","twitter_site":"@SRPAsturias","twitter_misc":{"Est. reading time":"1 minute"},"schema":{"@context":"https:\/\/schema.org","@graph":[{"@type":"WebPage","@id":"https:\/\/srp.es\/solicitud-de-informacion\/","url":"https:\/\/srp.es\/solicitud-de-informacion\/","name":"Solicitud de informaci\u00f3n - SRP","isPartOf":{"@id":"https:\/\/srp.es\/#website"},"datePublished":"2017-09-21T11:37:16+00:00","dateModified":"2017-09-21T11:37:16+00:00","description":"Financiaci\u00f3n p\u00fablico-privada para pymes y emprendedores en Asturias.","breadcrumb":{"@id":"https:\/\/srp.es\/solicitud-de-informacion\/#breadcrumb"},"inLanguage":"en-US","potentialAction":[{"@type":"ReadAction","target":["https:\/\/srp.es\/solicitud-de-informacion\/"]}]},{"@type":"BreadcrumbList","@id":"https:\/\/srp.es\/solicitud-de-informacion\/#breadcrumb","itemListElement":[{"@type":"ListItem","position":1,"name":"Portada","item":"https:\/\/srp.es\/en\/"},{"@type":"ListItem","position":2,"name":"Solicitud de informaci\u00f3n"}]},{"@type":"WebSite","@id":"https:\/\/srp.es\/#website","url":"https:\/\/srp.es\/","name":"SRP","description":"","publisher":{"@id":"https:\/\/srp.es\/#organization"},"potentialAction":[{"@type":"SearchAction","target":{"@type":"EntryPoint","urlTemplate":"https:\/\/srp.es\/?s={search_term_string}"},"query-input":{"@type":"PropertyValueSpecification","valueRequired":true,"valueName":"search_term_string"}}],"inLanguage":"en-US"},{"@type":"Organization","@id":"https:\/\/srp.es\/#organization","name":"SRP - Sociedad Regional de Promoci\u00f3n del Principado de Asturias, S.A.","url":"https:\/\/srp.es\/","logo":{"@type":"ImageObject","inLanguage":"en-US","@id":"https:\/\/srp.es\/#\/schema\/logo\/image\/","url":"https:\/\/srp.es\/wp-content\/uploads\/2018\/01\/logo-firma.jpg","contentUrl":"https:\/\/srp.es\/wp-content\/uploads\/2018\/01\/logo-firma.jpg","width":99,"height":46,"caption":"SRP - Sociedad Regional de Promoci\u00f3n del Principado de Asturias, S.A."},"image":{"@id":"https:\/\/srp.es\/#\/schema\/logo\/image\/"},"sameAs":["https:\/\/www.facebook.com\/SRPAsturias","https:\/\/x.com\/SRPAsturias","https:\/\/www.linkedin.com\/company\/958056\/admin\/"]}]}},"_links":{"self":[{"href":"https:\/\/srp.es\/en\/wp-json\/wp\/v2\/pages\/2347"}],"collection":[{"href":"https:\/\/srp.es\/en\/wp-json\/wp\/v2\/pages"}],"about":[{"href":"https:\/\/srp.es\/en\/wp-json\/wp\/v2\/types\/page"}],"author":[{"embeddable":true,"href":"https:\/\/srp.es\/en\/wp-json\/wp\/v2\/users\/1"}],"replies":[{"embeddable":true,"href":"https:\/\/srp.es\/en\/wp-json\/wp\/v2\/comments?post=2347"}],"version-history":[{"count":1,"href":"https:\/\/srp.es\/en\/wp-json\/wp\/v2\/pages\/2347\/revisions"}],"predecessor-version":[{"id":2348,"href":"https:\/\/srp.es\/en\/wp-json\/wp\/v2\/pages\/2347\/revisions\/2348"}],"wp:attachment":[{"href":"https:\/\/srp.es\/en\/wp-json\/wp\/v2\/media?parent=2347"}],"curies":[{"name":"wp","href":"https:\/\/api.w.org\/{rel}","templated":true}]}}