{"id":2428,"date":"2017-06-30T10:21:26","date_gmt":"2017-06-30T10:21:26","guid":{"rendered":"https:\/\/srp.es\/en\/?page_id=2428"},"modified":"2020-12-01T17:47:50","modified_gmt":"2020-12-01T15:47:50","slug":"legal-notice","status":"publish","type":"page","link":"https:\/\/srp.es\/en\/legal-notice\/","title":{"rendered":"Aviso legal"},"content":{"rendered":"<p>[vc_row][vc_column el_class=&#8221;no-padding&#8221;][vc_row_inner][vc_column_inner][vc_column_text]<\/p>\n<h1>Aviso legal<\/h1>\n<h2 class=\"h3\"><strong>Datos del titular de la p\u00e1gina.<\/strong><\/h2>\n<p>De conformidad con lo establecido en la Ley 34\/2002, de 11 de julio, de Servicios de la Sociedad de la Informaci\u00f3n y de Comercio Electr\u00f3nico se informa que <strong>Sociedad Regional de Promoci\u00f3n del Principado de Asturias, S.A. <\/strong>con CIF: A33055138 es la titular de la p\u00e1gina cuyo nombre de dominio es <a href=\"http:\/\/www.srpe.es\">www.srpe.es<\/a> y la direcci\u00f3n de correo electr\u00f3nico es <a href=\"mailto:srp@srp.es\">srp@srp.es<\/a>.<\/p>\n<p>La sede social de la <strong>Sociedad Regional de Promoci\u00f3n del Principado de Asturias, S.A.<\/strong> se ubica en Parque Tecnol\u00f3gico de Asturias (Edificio IDEPA), 33428 &#8211; Llanera (Principado de Asturias). Siendo su tel\u00e9fono: 985-980-096.<\/p>\n<p>La <strong>Sociedad Regional de Promoci\u00f3n del Principado de Asturias, S.A. <\/strong>se haya inscrita en el Registro Mercantil de Asturias Tomo: 508; Libro: 329; Folio: 24; Secci\u00f3n: 3\u00aa; Hoja: AS-1.257; Inscripci\u00f3n: 1\u00aa.<\/p>\n<p>La <strong>Sociedad Regional de Promoci\u00f3n del Principado de Asturias, S.A. <\/strong>es una sociedad p\u00fablico-privada que ofrece\u00a0<strong>financiaci\u00f3n<\/strong>\u00a0para pymes y emprendedores en Asturias desde 1984. Su actividad consiste en impulsar el desarrollo de proyectos de inversi\u00f3n ejecutados por empresas asturianas, por medio de dos instrumentos financieros: la participaci\u00f3n en su capital social o la concesi\u00f3n de pr\u00e9stamos participativos.<\/p>\n<h2 class=\"h3\"><strong> T\u00e9rminos y condiciones de uso.<\/strong><\/h2>\n<p>El acceso y utilizaci\u00f3n de este sitio web atribuye al visitante la condici\u00f3n de usuario. Ello supone que el usuario acepta las condiciones de uso vigentes en cada momento y se compromete a hacer uso adecuado de los contenidos de la p\u00e1gina web y a observar y cumplir rigurosamente cuanto se disponga en este aviso y en las normas que le sean de aplicaci\u00f3n.<\/p>\n<p>As\u00ed mismo, el usuario se compromete a:<\/p>\n<ol>\n<li>Suministrar informaci\u00f3n veraz sobre los datos de registro y mantenerlos actualizados.<\/li>\n<li>No difundir contenidos contrarios a la ley o a la dignidad de personas; que sean discriminatorios por raz\u00f3n de nacimiento, raza, sexo, religi\u00f3n, opini\u00f3n o cualquier otra condici\u00f3n o circunstancia personal o social; o que, de cualquier modo, sean contrarios a la ley o al orden p\u00fablico.<\/li>\n<\/ol>\n<p>Del mismo modo, el usuario conoce que queda prohibido el uso fraudulento, con fines ilegales o no autorizados, en concreto y sin car\u00e1cter exhaustivo:<\/p>\n<ol>\n<li>Cualquier forma de violaci\u00f3n de los derechos de terceros (derecho a la intimidad personal o familiar, derecho al honor, a la propia imagen, derechos de propiedad intelectual e industrial, etc.). Destruir, alterar, inutilizar o da\u00f1ar los datos, informaciones, programas o documentos electr\u00f3nicos de la Sociedad Regional de Promoci\u00f3n del Principado de Asturias, S.A., sus proveedores o terceros.<\/li>\n<li>Realizar, usando los contenidos de esta web, cualquier tipo de publicidad como env\u00edo de comunicaciones comerciales no consentidas (spam) o cualquier otro tipo de correos electr\u00f3nicos de similar o an\u00e1loga naturaleza.<\/li>\n<li>Introducir virus inform\u00e1ticos, archivos defectuosos, o cualquier otro software o programa inform\u00e1tico que pueda provocar da\u00f1os o alteraciones no autorizadas de los contenidos o sistemas accesibles a trav\u00e9s de esta p\u00e1gina web.<\/li>\n<li>Abstenerse de reproducir, copiar, distribuir, comunicar p\u00fablicamente o modificar los contenidos de la p\u00e1gina web salvo que se encuentre autorizado por la ley, por la Sociedad Regional de Promoci\u00f3n del Principado de Asturias, S.A. o por quien ostente la titularidad de los derechos sobre ellos.<\/li>\n<li>En el caso de cumplimentar formularios existentes en ella, queda prohibido facilitar informaci\u00f3n o identidades falsas, as\u00ed como suplantar la identidad de otros en el uso de la p\u00e1gina web.<\/li>\n<li>Propiedad intelectual e Industrial.<\/li>\n<\/ol>\n<p>El c\u00f3digo fuente, los dise\u00f1os gr\u00e1ficos, im\u00e1genes, fotograf\u00edas, sonidos, animaciones, software, textos, as\u00ed como la informaci\u00f3n y, en definitiva, los elementos contenidos en la p\u00e1gina web est\u00e1n protegidos por la legislaci\u00f3n espa\u00f1ola sobre los derechos de propiedad intelectual e industrial a favor de la <strong>Sociedad Regional de Promoci\u00f3n del Principado de Asturias, S.A.<\/strong>, quedando prohibida su utilizaci\u00f3n con fines comerciales y en consecuencia no estando permitida la reproducci\u00f3n y\/o publicaci\u00f3n, total o parcial, ni su tratamiento inform\u00e1tico, distribuci\u00f3n, difusi\u00f3n, modificaci\u00f3n, transformaci\u00f3n o descompilaci\u00f3n, etc., sin el permiso previo y por escrito del titular.<\/p>\n<p>El usuario, \u00fanicamente, puede utilizar el material que aparezca en esta p\u00e1gina web para su uso personal y privado, quedando prohibido su uso con fines comerciales o para incurrir en actividades il\u00edcitas. Todos los derechos derivados de la propiedad intelectual se encuentran expresamente reservados por <strong>Sociedad Regional de Promoci\u00f3n del Principado de Asturias, S.A.<\/strong><\/p>\n<p>La <strong>Sociedad Regional de Promoci\u00f3n del Principado de Asturias, S.A.<\/strong> velar\u00e1 por el cumplimiento de las anteriores condiciones como por la debida utilizaci\u00f3n de los contenidos presentados en sus p\u00e1ginas web, ejercitando todas las acciones civiles y penales que le correspondan en el caso de infracci\u00f3n o incumplimiento de estos derechos por parte del usuario.<\/p>\n<h2 class=\"h3\"><strong> Protecci\u00f3n de datos de car\u00e1cter personal.<\/strong><\/h2>\n<p>De conformidad con lo prevenido Reglamento (UE) 2016\/679 del Parlamento Europeo y del Consejo relativo a la protecci\u00f3n de las persona f\u00edsicas en lo respecta el tratamiento de datos personales y a la libre circulaci\u00f3n de estos datos (Reglamento Europeo de Protecci\u00f3n de Datos) y en la Ley Org\u00e1nica 3\/2018, de 5 de diciembre, de Protecci\u00f3n de Datos de Car\u00e1cter Personal y Garant\u00eda de los Derechos Digitales, se informa que determinadas \u00e1reas de la web solicitan al usuario una serie de datos de car\u00e1cter personal que se incorporan a los tratamientos creados y mantenidos bajo responsabilidad de la <strong>Sociedad Regional de Promoci\u00f3n del Principado de Asturias, S.A. <\/strong>con domicilio antedicho, ficheros cuya finalidad es gestionar, como sociedad mercantil, todas las actividades necesarias para el desarrollo de su actividad empresarial, desarrollo de estudios y estad\u00edsticas para trazar un perfil de las necesidades de los visitantes de su p\u00e1gina web, siendo los campos solicitados en cada formulario de obligado cumplimiento para el acceso a la informaci\u00f3n y\/o contenidos de las respectivas \u00e1reas que lo solicitan. Dichos datos son facilitados por el usuario quien responde de su veracidad y supone prestado el consentimiento para el tratamiento de los datos con las finalidades indicadas y propias de cada fichero.<\/p>\n<p>Dichos datos ser\u00e1n igualmente tratados de conformidad con las prevenciones impuestas por el Reglamento (UE) 2016\/679 del Parlamento Europeo y del Consejo relativo a la protecci\u00f3n de las persona f\u00edsicas en lo respecta el tratamiento de datos personales y a la libre circulaci\u00f3n de estos datos (Reglamento Europeo de Protecci\u00f3n de Datos) y en la Ley Org\u00e1nica 3\/2018, de 5 de diciembre, de Protecci\u00f3n de Datos de Car\u00e1cter Personal y Garant\u00eda de los Derechos Digitales en favor del interesado y salvo la cesi\u00f3n de los mismos a la autoridades cuando as\u00ed se exija en una Ley, dichos datos no ser\u00e1n cedidos ni comunicados sin el consentimiento previo del interesado, el cual podr\u00e1 acceder a dicho fichero, con la finalidad de obtener informaci\u00f3n, rectificarla, cancelarla u oponerse a ella dirigi\u00e9ndose a <strong>Sociedad Regional de Promoci\u00f3n del Principado de Asturias, S.A. <\/strong>en la siguiente direcci\u00f3n Parque Tecnol\u00f3gico de Asturias (Edificio IDEPA), 33428 &#8211; Llanera (Principado de Asturias) por correo postal acompa\u00f1ando fotocopia de su DNI o bien mediante correo electr\u00f3nico firmado digitalmente al objeto de acreditar su identidad dirigido a <a href=\"mailto:srp@srp.es\">srp@srp.es<\/a>.<\/p>\n<h2 class=\"h3\"><strong>Medidas t\u00e9cnicas y organizativas.<\/strong><\/h2>\n<p>La <strong>Sociedad Regional de Promoci\u00f3n del Principado de Asturias, S.A. <\/strong>ha adoptado las medidas t\u00e9cnicas y organizativas conforme a lo dispuesto en la normativa vigente, el Reglamento 2016\/679 General de Protecci\u00f3n de Datos y en la Ley Org\u00e1nica 3\/2018, de 5 de diciembre, de Protecci\u00f3n de Datos de Car\u00e1cter Personal y Garant\u00eda de los Derechos Digitales siendo los niveles de seguridad los adecuados a los datos que se facilitan y, adem\u00e1s, se han instalado todos los medios y medidas t\u00e9cnicas a su alcance para evitar la p\u00e9rdida, mal uso, alteraci\u00f3n y acceso no autorizado a los datos que nos facilitan.<\/p>\n<h2 class=\"h3\"><strong> Exenci\u00f3n de responsabilidad.<\/strong><\/h2>\n<p>La <strong>Sociedad Regional de Promoci\u00f3n del Principado de Asturias, S.A. <\/strong>no se hace responsable de cualquier p\u00e9rdida, directa o indirecta, irrogada como consecuencia de decisiones adoptadas en base a la informaci\u00f3n mostrada en la p\u00e1gina web de su titularidad, dado que, por dem\u00e1s, la misma, as\u00ed como sus contenidos pueden ser variados, modificados y\/o suprimidos en cualquier momento sin necesidad legal de previo aviso.<\/p>\n<p>As\u00ed mismo, no se hace responsable de los posibles da\u00f1os que se podr\u00edan derivar de interferencias, omisiones, interrupciones, virus inform\u00e1ticos, aver\u00edas telef\u00f3nicas o desconexiones en el funcionamiento operativo\u00a0 de los sistemas electr\u00f3nicos o inform\u00e1ticos, motivadas por causas ajenas al titular de esta p\u00e1gina web, de los retrasos o bloqueos en el uso de dichos sistemas causados por deficiencias o sobrecargas de l\u00edneas telef\u00f3nicas, sobrecargas en el sistema de Internet, o en otros sistemas electr\u00f3nicos.<\/p>\n<p>La <strong>Sociedad Regional de Promoci\u00f3n del Principado de Asturias, S.A.<\/strong> no se hace responsable del incumplimiento de cualquier norma aplicable en que pueda incurrir el usuario en su acceso a esta p\u00e1gina web.<\/p>\n<p>Tampoco se hace responsable del uso ileg\u00edtimo que terceras personas puedan hacer de los nombres de marca, nombres de producto, marcas comerciales que, no siendo propiedad de dicha entidad aparezcan en esta web.<\/p>\n<p>Tenemos enlaces y conexiones con otros lugares y p\u00e1ginas web sin que por ello podamos responder de la calidad, exactitud y veracidad de los contenidos de estas por lo que no se hace responsable de cualquier p\u00e9rdida, directa o indirecta, irrogada como consecuencia de decisiones adoptadas en base a la informaci\u00f3n insertada en las citadas p\u00e1ginas. Dichas p\u00e1ginas webs contienen sus propias cookies sobre las cuales no tenemos ning\u00fan control ni nos hacemos responsables de la informaci\u00f3n que puedan recabar.<\/p>\n<h2 class=\"h3\"><strong>Publicidad y comunicaciones comerciales.<\/strong><\/h2>\n<p>La <strong>Sociedad Regional de Promoci\u00f3n del Principado de Asturias, S.A. <\/strong>se compromete a no utilizar esta web para realizar publicidad enga\u00f1osa. No tendr\u00e1 la consideraci\u00f3n de publicidad enga\u00f1osa los errores formales o num\u00e9ricos que puedan encontrarse en las diversas secciones de la p\u00e1gina web ocasionados como consecuencia del mantenimiento o actualizaci\u00f3n incompleta o defectuosa de la informaci\u00f3n contenida en aquellas. Como consecuencia de lo indicado anteriormente, <strong>Sociedad Regional de Promoci\u00f3n del Principado de Asturias, S.A.<\/strong> se compromete a corregirlo tan pronto como tenga conocimiento de dichos errores.<\/p>\n<p>La <strong>Sociedad Regional de Promoci\u00f3n del Principado de Asturias, S.A.<\/strong> se compromete a no enviar comunicaciones comerciales sin identificarlas como tales, en cumplimiento de lo establecido en la Ley 34\/2.002, de 11 de julio, de Servicios de la Sociedad de la Informaci\u00f3n y del Comercio Electr\u00f3nico. A estos efectos, no tendr\u00e1 la consideraci\u00f3n de comunicaci\u00f3n comercial toda la informaci\u00f3n que se remita a los clientes de la <strong>Sociedad Regional de Promoci\u00f3n del Principado de Asturias, S.A.<\/strong> cuando tenga por finalidad el mantenimiento de la relaci\u00f3n contractual existente con aquellos, as\u00ed como el desarrollo de las actividades de informaci\u00f3n, formaci\u00f3n y cualesquiera otras propias del servicio que el cliente tenga contratado con la empresa.<\/p>\n<h2 class=\"h3\"><strong>Legislaci\u00f3n aplicable y Tribunales competentes.<\/strong><\/h2>\n<p>La legislaci\u00f3n aplicable es la espa\u00f1ola y se declara jurisdicci\u00f3n competente para la resoluci\u00f3n de cualquier tipo de controversia que se pudiera derivar de la utilizaci\u00f3n de esta web, as\u00ed como de la contrataci\u00f3n que se pudiera realizar a trav\u00e9s de ella a los Juzgado y Tribunales de Oviedo.<\/p>\n<h2 class=\"h3\"><strong>Cookies.<\/strong><\/h2>\n<p><a href=\"https:\/\/srp.es\">www.srp.es<\/a> utiliza Cookies con la finalidad de facilitar la navegaci\u00f3n por la p\u00e1gina web a sus visitantes y la realizaci\u00f3n de estad\u00edsticas de uso. Las cookies son peque\u00f1os archivos que se alojan en su ordenador, pero que no facilitan informaci\u00f3n sobre sus datos de car\u00e1cter personal. Cuando el destinatario de un servicio de la sociedad de la informaci\u00f3n navega por la p\u00e1gina web, el servidor donde se encuentra alojada \u00e9sta reconoce autom\u00e1ticamente la direcci\u00f3n IP del ordenador, el d\u00eda y hora en la que comienza la visita, as\u00ed como las distintas secciones visitadas de la p\u00e1gina web. Toda esta informaci\u00f3n es necesaria para poder comunicarse y enviarle la informaci\u00f3n solicitada y que pueda ser visionada a trav\u00e9s de su ordenador. Para m\u00e1s informaci\u00f3n sobre las cookies de la p\u00e1gina web puede visitar la Pol\u00edtica de Cookies.<\/p>\n<p>En caso de duda, sugerencia o comentario contacte con nosotros mediante el correo electr\u00f3nico a <a href=\"mailto:srp@srp.es\">srp@srp.es<\/a>.<\/p>\n<p><strong>SOCIEDAD REGIONAL DE PROMOCI\u00d3N DEL PRINCIPADO DE ASTURIAS, S.A.<\/strong><\/p>\n<p>2020 \u00a9 Todos los derechos reservados[\/vc_column_text][\/vc_column_inner][\/vc_row_inner][\/vc_column][\/vc_row]<\/p>\n","protected":false},"excerpt":{"rendered":"<p>[vc_row][vc_column el_class=&#8221;no-padding&#8221;][vc_row_inner][vc_column_inner][vc_column_text] Aviso legal Datos del titular de la p\u00e1gina. De conformidad con lo establecido en la Ley 34\/2002, de 11 de julio, de Servicios de la Sociedad de la Informaci\u00f3n y de Comercio Electr\u00f3nico se informa que Sociedad Regional de Promoci\u00f3n del Principado de Asturias, S.A. con CIF: A33055138 es la titular de la [&hellip;]<\/p>\n","protected":false},"author":1,"featured_media":0,"parent":0,"menu_order":0,"comment_status":"closed","ping_status":"closed","template":"","meta":{"_acf_changed":false,"footnotes":""},"categories":[],"class_list":["post-2428","page","type-page","status-publish","hentry"],"acf":[],"yoast_head":"<!-- This site is optimized with the Yoast SEO plugin v23.7 - https:\/\/yoast.com\/wordpress\/plugins\/seo\/ -->\n<title>Aviso legal - SRP<\/title>\n<meta name=\"description\" content=\"Financiaci\u00f3n p\u00fablico-privada para pymes y emprendedores en Asturias.\" \/>\n<meta name=\"robots\" content=\"index, follow, max-snippet:-1, max-image-preview:large, max-video-preview:-1\" \/>\n<link rel=\"canonical\" href=\"https:\/\/srp.es\/en\/aviso-legal\/\" \/>\n<meta property=\"og:locale\" content=\"en_US\" \/>\n<meta property=\"og:type\" content=\"article\" \/>\n<meta property=\"og:title\" content=\"Aviso legal - SRP\" \/>\n<meta property=\"og:description\" content=\"Financiaci\u00f3n p\u00fablico-privada para pymes y emprendedores en Asturias.\" \/>\n<meta property=\"og:url\" content=\"https:\/\/srp.es\/aviso-legal\/\" \/>\n<meta property=\"og:site_name\" content=\"SRP\" \/>\n<meta property=\"article:publisher\" content=\"https:\/\/www.facebook.com\/SRPAsturias\" \/>\n<meta property=\"article:modified_time\" content=\"2020-12-01T15:47:50+00:00\" \/>\n<meta name=\"twitter:card\" content=\"summary_large_image\" \/>\n<meta name=\"twitter:site\" content=\"@SRPAsturias\" \/>\n<meta name=\"twitter:label1\" content=\"Est. reading time\" \/>\n\t<meta name=\"twitter:data1\" content=\"11 minutes\" \/>\n<script type=\"application\/ld+json\" class=\"yoast-schema-graph\">{\"@context\":\"https:\/\/schema.org\",\"@graph\":[{\"@type\":\"WebPage\",\"@id\":\"https:\/\/srp.es\/aviso-legal\/\",\"url\":\"https:\/\/srp.es\/aviso-legal\/\",\"name\":\"Aviso legal - SRP\",\"isPartOf\":{\"@id\":\"https:\/\/srp.es\/#website\"},\"datePublished\":\"2017-06-30T10:21:26+00:00\",\"dateModified\":\"2020-12-01T15:47:50+00:00\",\"description\":\"Financiaci\u00f3n p\u00fablico-privada para pymes y emprendedores en Asturias.\",\"breadcrumb\":{\"@id\":\"https:\/\/srp.es\/aviso-legal\/#breadcrumb\"},\"inLanguage\":\"en-US\",\"potentialAction\":[{\"@type\":\"ReadAction\",\"target\":[\"https:\/\/srp.es\/aviso-legal\/\"]}]},{\"@type\":\"BreadcrumbList\",\"@id\":\"https:\/\/srp.es\/aviso-legal\/#breadcrumb\",\"itemListElement\":[{\"@type\":\"ListItem\",\"position\":1,\"name\":\"Portada\",\"item\":\"https:\/\/srp.es\/en\/\"},{\"@type\":\"ListItem\",\"position\":2,\"name\":\"Aviso legal\"}]},{\"@type\":\"WebSite\",\"@id\":\"https:\/\/srp.es\/#website\",\"url\":\"https:\/\/srp.es\/\",\"name\":\"SRP\",\"description\":\"\",\"publisher\":{\"@id\":\"https:\/\/srp.es\/#organization\"},\"potentialAction\":[{\"@type\":\"SearchAction\",\"target\":{\"@type\":\"EntryPoint\",\"urlTemplate\":\"https:\/\/srp.es\/?s={search_term_string}\"},\"query-input\":{\"@type\":\"PropertyValueSpecification\",\"valueRequired\":true,\"valueName\":\"search_term_string\"}}],\"inLanguage\":\"en-US\"},{\"@type\":\"Organization\",\"@id\":\"https:\/\/srp.es\/#organization\",\"name\":\"SRP - Sociedad Regional de Promoci\u00f3n del Principado de Asturias, S.A.\",\"url\":\"https:\/\/srp.es\/\",\"logo\":{\"@type\":\"ImageObject\",\"inLanguage\":\"en-US\",\"@id\":\"https:\/\/srp.es\/#\/schema\/logo\/image\/\",\"url\":\"https:\/\/srp.es\/wp-content\/uploads\/2018\/01\/logo-firma.jpg\",\"contentUrl\":\"https:\/\/srp.es\/wp-content\/uploads\/2018\/01\/logo-firma.jpg\",\"width\":99,\"height\":46,\"caption\":\"SRP - Sociedad Regional de Promoci\u00f3n del Principado de Asturias, S.A.\"},\"image\":{\"@id\":\"https:\/\/srp.es\/#\/schema\/logo\/image\/\"},\"sameAs\":[\"https:\/\/www.facebook.com\/SRPAsturias\",\"https:\/\/x.com\/SRPAsturias\",\"https:\/\/www.linkedin.com\/company\/958056\/admin\/\"]}]}<\/script>\n<!-- \/ Yoast SEO plugin. -->","yoast_head_json":{"title":"Aviso legal - SRP","description":"Financiaci\u00f3n p\u00fablico-privada para pymes y emprendedores en Asturias.","robots":{"index":"index","follow":"follow","max-snippet":"max-snippet:-1","max-image-preview":"max-image-preview:large","max-video-preview":"max-video-preview:-1"},"canonical":"https:\/\/srp.es\/en\/aviso-legal\/","og_locale":"en_US","og_type":"article","og_title":"Aviso legal - SRP","og_description":"Financiaci\u00f3n p\u00fablico-privada para pymes y emprendedores en Asturias.","og_url":"https:\/\/srp.es\/aviso-legal\/","og_site_name":"SRP","article_publisher":"https:\/\/www.facebook.com\/SRPAsturias","article_modified_time":"2020-12-01T15:47:50+00:00","twitter_card":"summary_large_image","twitter_site":"@SRPAsturias","twitter_misc":{"Est. reading time":"11 minutes"},"schema":{"@context":"https:\/\/schema.org","@graph":[{"@type":"WebPage","@id":"https:\/\/srp.es\/aviso-legal\/","url":"https:\/\/srp.es\/aviso-legal\/","name":"Aviso legal - SRP","isPartOf":{"@id":"https:\/\/srp.es\/#website"},"datePublished":"2017-06-30T10:21:26+00:00","dateModified":"2020-12-01T15:47:50+00:00","description":"Financiaci\u00f3n p\u00fablico-privada para pymes y emprendedores en Asturias.","breadcrumb":{"@id":"https:\/\/srp.es\/aviso-legal\/#breadcrumb"},"inLanguage":"en-US","potentialAction":[{"@type":"ReadAction","target":["https:\/\/srp.es\/aviso-legal\/"]}]},{"@type":"BreadcrumbList","@id":"https:\/\/srp.es\/aviso-legal\/#breadcrumb","itemListElement":[{"@type":"ListItem","position":1,"name":"Portada","item":"https:\/\/srp.es\/en\/"},{"@type":"ListItem","position":2,"name":"Aviso legal"}]},{"@type":"WebSite","@id":"https:\/\/srp.es\/#website","url":"https:\/\/srp.es\/","name":"SRP","description":"","publisher":{"@id":"https:\/\/srp.es\/#organization"},"potentialAction":[{"@type":"SearchAction","target":{"@type":"EntryPoint","urlTemplate":"https:\/\/srp.es\/?s={search_term_string}"},"query-input":{"@type":"PropertyValueSpecification","valueRequired":true,"valueName":"search_term_string"}}],"inLanguage":"en-US"},{"@type":"Organization","@id":"https:\/\/srp.es\/#organization","name":"SRP - Sociedad Regional de Promoci\u00f3n del Principado de Asturias, S.A.","url":"https:\/\/srp.es\/","logo":{"@type":"ImageObject","inLanguage":"en-US","@id":"https:\/\/srp.es\/#\/schema\/logo\/image\/","url":"https:\/\/srp.es\/wp-content\/uploads\/2018\/01\/logo-firma.jpg","contentUrl":"https:\/\/srp.es\/wp-content\/uploads\/2018\/01\/logo-firma.jpg","width":99,"height":46,"caption":"SRP - Sociedad Regional de Promoci\u00f3n del Principado de Asturias, S.A."},"image":{"@id":"https:\/\/srp.es\/#\/schema\/logo\/image\/"},"sameAs":["https:\/\/www.facebook.com\/SRPAsturias","https:\/\/x.com\/SRPAsturias","https:\/\/www.linkedin.com\/company\/958056\/admin\/"]}]}},"_links":{"self":[{"href":"https:\/\/srp.es\/en\/wp-json\/wp\/v2\/pages\/2428"}],"collection":[{"href":"https:\/\/srp.es\/en\/wp-json\/wp\/v2\/pages"}],"about":[{"href":"https:\/\/srp.es\/en\/wp-json\/wp\/v2\/types\/page"}],"author":[{"embeddable":true,"href":"https:\/\/srp.es\/en\/wp-json\/wp\/v2\/users\/1"}],"replies":[{"embeddable":true,"href":"https:\/\/srp.es\/en\/wp-json\/wp\/v2\/comments?post=2428"}],"version-history":[{"count":2,"href":"https:\/\/srp.es\/en\/wp-json\/wp\/v2\/pages\/2428\/revisions"}],"predecessor-version":[{"id":5933,"href":"https:\/\/srp.es\/en\/wp-json\/wp\/v2\/pages\/2428\/revisions\/5933"}],"wp:attachment":[{"href":"https:\/\/srp.es\/en\/wp-json\/wp\/v2\/media?parent=2428"}],"wp:term":[{"taxonomy":"category","embeddable":true,"href":"https:\/\/srp.es\/en\/wp-json\/wp\/v2\/categories?post=2428"}],"curies":[{"name":"wp","href":"https:\/\/api.w.org\/{rel}","templated":true}]}}