{"id":2432,"date":"2017-06-30T11:29:37","date_gmt":"2017-06-30T11:29:37","guid":{"rendered":"https:\/\/srp.es\/en\/?page_id=2432"},"modified":"2020-12-01T17:48:58","modified_gmt":"2020-12-01T15:48:58","slug":"privacy-policy","status":"publish","type":"page","link":"https:\/\/srp.es\/en\/privacy-policy\/","title":{"rendered":"Privacy Policy"},"content":{"rendered":"<p>[vc_row][vc_column el_class=&#8221;no-padding&#8221;][vc_row_inner][vc_column_inner][vc_column_text]<\/p>\n<h1>Pol\u00edtica de Privacidad<\/h1>\n<p>La visita a nuestra p\u00e1gina web, no supone que el usuario est\u00e9 obligado a facilitar ninguna informaci\u00f3n sobre su persona. Para el caso de que el usuario facilite alguna informaci\u00f3n de car\u00e1cter personal, los datos recogidos en esta p\u00e1gina web ser\u00e1n utilizados con la finalidad, en la forma y con las limitaciones y derechos que recoge el Reglamento (UE) 2016\/679 del Parlamento Europeo y del Consejo relativo a la protecci\u00f3n de las persona f\u00edsicas en lo respecta el tratamiento de datos personales y a la libre circulaci\u00f3n de estos datos (Reglamento Europeo de Protecci\u00f3n de Datos) y la Ley Org\u00e1nica 3\/2018, de 5 de diciembre, de Protecci\u00f3n de Datos de Car\u00e1cter Personal y Garant\u00eda de los Derechos Digitales.<\/p>\n<p>Los datos facilitados por los usuarios ser\u00e1n incorporados a los ficheros de car\u00e1cter personal de los que es responsable la <strong>Sociedad Regional de Promoci\u00f3n del Principado de Asturias, S.A.,<\/strong> siendo conservados en territorio espa\u00f1ol por el citado responsable del fichero.<\/p>\n<p>Los usuarios que faciliten datos de car\u00e1cter personal, consienten inequ\u00edvocamente la incorporaci\u00f3n de sus datos a los ficheros, que contengan datos de esta naturaleza, de los que sea responsable la <strong>Sociedad Regional de Promoci\u00f3n del Principado de Asturias, S.A.,<\/strong> as\u00ed como el tratamiento automatizado o parcialmente automatizado de los mismos con el fin de que puedan ser utilizados por la <strong>Sociedad Regional de Promoci\u00f3n del Principado de Asturias, S.A.,<\/strong> con la finalidad de desarrollar todas las actividades necesarias para el cumplimiento de sus fines. La <strong>Sociedad Regional de Promoci\u00f3n del Principado de Asturias, S.A.<\/strong> podr\u00e1 conservar sus datos, una vez finalizada toda la relaci\u00f3n con el usuario, durante el plazo de prescripci\u00f3n legalmente establecido para hacer frente a las responsabilidades que se pudieran derivar del tratamiento de datos realizado.<\/p>\n<p>La <strong>Sociedad Regional de Promoci\u00f3n del Principado de Asturias, S.A.<\/strong> queda autorizada, por el usuario, a hacer uso de los datos personales que del mismo dispone y a efectuar con ellos el tratamiento necesario para el desarrollo de sus actividades, reserv\u00e1ndose el derecho de dar de baja todos los datos pertenecientes a usuarios que no cumplan los criterios para el desarrollo de sus actividades institucionales y corporativas.<\/p>\n<p>En el caso de que los datos recogidos se utilizasen para una finalidad distinta para la cual hubiesen sido recabados o recogidos se requerir\u00e1 el consentimiento previo de los interesados.<\/p>\n<p>Los datos recogidos no ser\u00e1n objeto de cesi\u00f3n salvo que previamente se obtenga el consentimiento del interesado.<\/p>\n<p>La <strong>Sociedad Regional de Promoci\u00f3n del Principado de Asturias, S.A.<\/strong> ha adoptado las medidas t\u00e9cnicas y organizativas necesarias para garantizar la seguridad e integridad de los datos, as\u00ed como para evitar su alteraci\u00f3n, p\u00e9rdida, tratamiento o acceso no autorizado.<\/p>\n<p>Los usuarios podr\u00e1n revocar su consentimiento en cualquier momento aunque sin efectos retroactivos as\u00ed como ejercer gratuitamente los derechos de acceso, rectificaci\u00f3n, cancelaci\u00f3n, oposici\u00f3n y portabilidad de sus datos en los t\u00e9rminos se\u00f1alados en el Reglamento (UE) 2016\/679 del Parlamento Europeo y del Consejo relativo a la protecci\u00f3n de las persona f\u00edsicas en lo respecta el tratamiento de datos personales y a la libre circulaci\u00f3n de estos datos (Reglamento Europeo de Protecci\u00f3n de Datos) y en la Ley Org\u00e1nica 3\/2018, de 5 de diciembre, de Protecci\u00f3n de Datos de Car\u00e1cter Personal y Garant\u00eda de los Derechos Digitales, conforme al procedimiento legalmente establecido Estos derechos podr\u00e1n ser ejercitados dirigi\u00e9ndose por escrito a <strong>Sociedad Regional de Promoci\u00f3n del Principado de Asturias, S.A.<\/strong>, Parque Tecnol\u00f3gico de Asturias (Edificio IDEPA), 33428 &#8211; Llanera (Principado de Asturias) acompa\u00f1ando copia de su DNI o en la direcci\u00f3n de correo electr\u00f3nico <a href=\"mailto:srp@srp.es\">srp@srp.es<\/a> en cuyo caso su correo deber\u00e1 estar firmado digitalmente para acreditar su identidad.<\/p>\n<p>Cuando se proceda a la recogida de los datos se indicar\u00e1 el car\u00e1cter voluntario u obligatorio de las respuestas. La negativa a proporcionar los datos calificados como obligatorios supondr\u00e1 la no prestaci\u00f3n del servicio o informaci\u00f3n solicitada. As\u00ed mismo, podr\u00e1n facilitarse datos de modo voluntario con la finalidad de prestar del mejor modo el servicio demandado o la informaci\u00f3n solicitada.<\/p>\n<p>En el caso de que los usuarios de esta p\u00e1gina web debieran facilitar su direcci\u00f3n de correo electr\u00f3nico para acceder a algunos de los servicios o informaci\u00f3n demandados podr\u00e1 manifestar que no desean recibir ning\u00fan tipo de comunicaci\u00f3n que la <strong>Sociedad Regional de Promoci\u00f3n del Principado de Asturias, S.A.<\/strong> pudiese enviar. La <strong>Sociedad Regional de Promoci\u00f3n del Principado de Asturias, S.A.<\/strong> pondr\u00e1 a disposici\u00f3n de los usuarios que se hubiesen inscrito en alg\u00fan tipo de lista de correo dentro de esta p\u00e1gina web los mecanismos adecuados para darse de baja de esta.[\/vc_column_text][\/vc_column_inner][\/vc_row_inner][\/vc_column][\/vc_row]<\/p>\n","protected":false},"excerpt":{"rendered":"<p>[vc_row][vc_column el_class=&#8221;no-padding&#8221;][vc_row_inner][vc_column_inner][vc_column_text] Pol\u00edtica de Privacidad La visita a nuestra p\u00e1gina web, no supone que el usuario est\u00e9 obligado a facilitar ninguna informaci\u00f3n sobre su persona. Para el caso de que el usuario facilite alguna informaci\u00f3n de car\u00e1cter personal, los datos recogidos en esta p\u00e1gina web ser\u00e1n utilizados con la finalidad, en la forma y con [&hellip;]<\/p>\n","protected":false},"author":1,"featured_media":0,"parent":0,"menu_order":0,"comment_status":"closed","ping_status":"closed","template":"","meta":{"_acf_changed":false,"footnotes":""},"categories":[],"class_list":["post-2432","page","type-page","status-publish","hentry"],"acf":[],"yoast_head":"<!-- This site is optimized with the Yoast SEO plugin v23.7 - https:\/\/yoast.com\/wordpress\/plugins\/seo\/ -->\n<title>Privacy Policy - SRP<\/title>\n<meta name=\"description\" content=\"Financiaci\u00f3n p\u00fablico-privada para pymes y emprendedores en Asturias.\" \/>\n<meta name=\"robots\" content=\"index, follow, max-snippet:-1, max-image-preview:large, max-video-preview:-1\" \/>\n<link rel=\"canonical\" href=\"https:\/\/srp.es\/en\/privacy-policy\/\" \/>\n<meta property=\"og:locale\" content=\"en_US\" \/>\n<meta property=\"og:type\" content=\"article\" \/>\n<meta property=\"og:title\" content=\"Privacy Policy - SRP\" \/>\n<meta property=\"og:description\" content=\"Financiaci\u00f3n p\u00fablico-privada para pymes y emprendedores en Asturias.\" \/>\n<meta property=\"og:url\" content=\"https:\/\/srp.es\/en\/privacy-policy\/\" \/>\n<meta property=\"og:site_name\" content=\"SRP\" \/>\n<meta property=\"article:publisher\" content=\"https:\/\/www.facebook.com\/SRPAsturias\" \/>\n<meta property=\"article:modified_time\" content=\"2020-12-01T15:48:58+00:00\" \/>\n<meta name=\"twitter:card\" content=\"summary_large_image\" \/>\n<meta name=\"twitter:site\" content=\"@SRPAsturias\" \/>\n<meta name=\"twitter:label1\" content=\"Est. reading time\" \/>\n\t<meta name=\"twitter:data1\" content=\"4 minutes\" \/>\n<script type=\"application\/ld+json\" class=\"yoast-schema-graph\">{\"@context\":\"https:\/\/schema.org\",\"@graph\":[{\"@type\":\"WebPage\",\"@id\":\"https:\/\/srp.es\/en\/privacy-policy\/\",\"url\":\"https:\/\/srp.es\/en\/privacy-policy\/\",\"name\":\"Privacy Policy - SRP\",\"isPartOf\":{\"@id\":\"https:\/\/srp.es\/#website\"},\"datePublished\":\"2017-06-30T11:29:37+00:00\",\"dateModified\":\"2020-12-01T15:48:58+00:00\",\"description\":\"Financiaci\u00f3n p\u00fablico-privada para pymes y emprendedores en Asturias.\",\"breadcrumb\":{\"@id\":\"https:\/\/srp.es\/en\/privacy-policy\/#breadcrumb\"},\"inLanguage\":\"en-US\",\"potentialAction\":[{\"@type\":\"ReadAction\",\"target\":[\"https:\/\/srp.es\/en\/privacy-policy\/\"]}]},{\"@type\":\"BreadcrumbList\",\"@id\":\"https:\/\/srp.es\/en\/privacy-policy\/#breadcrumb\",\"itemListElement\":[{\"@type\":\"ListItem\",\"position\":1,\"name\":\"Portada\",\"item\":\"https:\/\/srp.es\/en\/\"},{\"@type\":\"ListItem\",\"position\":2,\"name\":\"Privacy Policy\"}]},{\"@type\":\"WebSite\",\"@id\":\"https:\/\/srp.es\/#website\",\"url\":\"https:\/\/srp.es\/\",\"name\":\"SRP\",\"description\":\"\",\"publisher\":{\"@id\":\"https:\/\/srp.es\/#organization\"},\"potentialAction\":[{\"@type\":\"SearchAction\",\"target\":{\"@type\":\"EntryPoint\",\"urlTemplate\":\"https:\/\/srp.es\/?s={search_term_string}\"},\"query-input\":{\"@type\":\"PropertyValueSpecification\",\"valueRequired\":true,\"valueName\":\"search_term_string\"}}],\"inLanguage\":\"en-US\"},{\"@type\":\"Organization\",\"@id\":\"https:\/\/srp.es\/#organization\",\"name\":\"SRP - Sociedad Regional de Promoci\u00f3n del Principado de Asturias, S.A.\",\"url\":\"https:\/\/srp.es\/\",\"logo\":{\"@type\":\"ImageObject\",\"inLanguage\":\"en-US\",\"@id\":\"https:\/\/srp.es\/#\/schema\/logo\/image\/\",\"url\":\"https:\/\/srp.es\/wp-content\/uploads\/2018\/01\/logo-firma.jpg\",\"contentUrl\":\"https:\/\/srp.es\/wp-content\/uploads\/2018\/01\/logo-firma.jpg\",\"width\":99,\"height\":46,\"caption\":\"SRP - Sociedad Regional de Promoci\u00f3n del Principado de Asturias, S.A.\"},\"image\":{\"@id\":\"https:\/\/srp.es\/#\/schema\/logo\/image\/\"},\"sameAs\":[\"https:\/\/www.facebook.com\/SRPAsturias\",\"https:\/\/x.com\/SRPAsturias\",\"https:\/\/www.linkedin.com\/company\/958056\/admin\/\"]}]}<\/script>\n<!-- \/ Yoast SEO plugin. -->","yoast_head_json":{"title":"Privacy Policy - SRP","description":"Financiaci\u00f3n p\u00fablico-privada para pymes y emprendedores en Asturias.","robots":{"index":"index","follow":"follow","max-snippet":"max-snippet:-1","max-image-preview":"max-image-preview:large","max-video-preview":"max-video-preview:-1"},"canonical":"https:\/\/srp.es\/en\/privacy-policy\/","og_locale":"en_US","og_type":"article","og_title":"Privacy Policy - SRP","og_description":"Financiaci\u00f3n p\u00fablico-privada para pymes y emprendedores en Asturias.","og_url":"https:\/\/srp.es\/en\/privacy-policy\/","og_site_name":"SRP","article_publisher":"https:\/\/www.facebook.com\/SRPAsturias","article_modified_time":"2020-12-01T15:48:58+00:00","twitter_card":"summary_large_image","twitter_site":"@SRPAsturias","twitter_misc":{"Est. reading time":"4 minutes"},"schema":{"@context":"https:\/\/schema.org","@graph":[{"@type":"WebPage","@id":"https:\/\/srp.es\/en\/privacy-policy\/","url":"https:\/\/srp.es\/en\/privacy-policy\/","name":"Privacy Policy - SRP","isPartOf":{"@id":"https:\/\/srp.es\/#website"},"datePublished":"2017-06-30T11:29:37+00:00","dateModified":"2020-12-01T15:48:58+00:00","description":"Financiaci\u00f3n p\u00fablico-privada para pymes y emprendedores en Asturias.","breadcrumb":{"@id":"https:\/\/srp.es\/en\/privacy-policy\/#breadcrumb"},"inLanguage":"en-US","potentialAction":[{"@type":"ReadAction","target":["https:\/\/srp.es\/en\/privacy-policy\/"]}]},{"@type":"BreadcrumbList","@id":"https:\/\/srp.es\/en\/privacy-policy\/#breadcrumb","itemListElement":[{"@type":"ListItem","position":1,"name":"Portada","item":"https:\/\/srp.es\/en\/"},{"@type":"ListItem","position":2,"name":"Privacy Policy"}]},{"@type":"WebSite","@id":"https:\/\/srp.es\/#website","url":"https:\/\/srp.es\/","name":"SRP","description":"","publisher":{"@id":"https:\/\/srp.es\/#organization"},"potentialAction":[{"@type":"SearchAction","target":{"@type":"EntryPoint","urlTemplate":"https:\/\/srp.es\/?s={search_term_string}"},"query-input":{"@type":"PropertyValueSpecification","valueRequired":true,"valueName":"search_term_string"}}],"inLanguage":"en-US"},{"@type":"Organization","@id":"https:\/\/srp.es\/#organization","name":"SRP - Sociedad Regional de Promoci\u00f3n del Principado de Asturias, S.A.","url":"https:\/\/srp.es\/","logo":{"@type":"ImageObject","inLanguage":"en-US","@id":"https:\/\/srp.es\/#\/schema\/logo\/image\/","url":"https:\/\/srp.es\/wp-content\/uploads\/2018\/01\/logo-firma.jpg","contentUrl":"https:\/\/srp.es\/wp-content\/uploads\/2018\/01\/logo-firma.jpg","width":99,"height":46,"caption":"SRP - Sociedad Regional de Promoci\u00f3n del Principado de Asturias, S.A."},"image":{"@id":"https:\/\/srp.es\/#\/schema\/logo\/image\/"},"sameAs":["https:\/\/www.facebook.com\/SRPAsturias","https:\/\/x.com\/SRPAsturias","https:\/\/www.linkedin.com\/company\/958056\/admin\/"]}]}},"_links":{"self":[{"href":"https:\/\/srp.es\/en\/wp-json\/wp\/v2\/pages\/2432"}],"collection":[{"href":"https:\/\/srp.es\/en\/wp-json\/wp\/v2\/pages"}],"about":[{"href":"https:\/\/srp.es\/en\/wp-json\/wp\/v2\/types\/page"}],"author":[{"embeddable":true,"href":"https:\/\/srp.es\/en\/wp-json\/wp\/v2\/users\/1"}],"replies":[{"embeddable":true,"href":"https:\/\/srp.es\/en\/wp-json\/wp\/v2\/comments?post=2432"}],"version-history":[{"count":3,"href":"https:\/\/srp.es\/en\/wp-json\/wp\/v2\/pages\/2432\/revisions"}],"predecessor-version":[{"id":5935,"href":"https:\/\/srp.es\/en\/wp-json\/wp\/v2\/pages\/2432\/revisions\/5935"}],"wp:attachment":[{"href":"https:\/\/srp.es\/en\/wp-json\/wp\/v2\/media?parent=2432"}],"wp:term":[{"taxonomy":"category","embeddable":true,"href":"https:\/\/srp.es\/en\/wp-json\/wp\/v2\/categories?post=2432"}],"curies":[{"name":"wp","href":"https:\/\/api.w.org\/{rel}","templated":true}]}}