{"id":2456,"date":"2017-09-22T09:06:44","date_gmt":"2017-09-22T09:06:44","guid":{"rendered":"https:\/\/srp.es\/en\/?page_id=2456"},"modified":"2020-12-01T17:51:47","modified_gmt":"2020-12-01T15:51:47","slug":"cookies","status":"publish","type":"page","link":"https:\/\/srp.es\/en\/cookies\/","title":{"rendered":"Cookies"},"content":{"rendered":"<p>[vc_row][vc_column el_class=&#8221;no-padding&#8221;][vc_row_inner][vc_column_inner][vc_column_text]<\/p>\n<h2>COOKIES<\/h2>\n<h3><strong>Pol\u00edtica de Cookies de la p\u00e1gina web (<a href=\"https:\/\/srp.es\/\">www.srp.es<\/a>) de la Sociedad Regional de Promoci\u00f3n del Principado de Asturias, S.A.<\/strong><\/h3>\n<a id=\"wt-cli-settings-btn\" tabindex=\"0\" role='button' style=\"border-bottom:1px solid; text-decoration:none;\"class=\"wt-cli-element cli_settings_button\"  >Configurar<\/a>\n<p>&nbsp;<\/p>\n<p>SRP podr\u00e1 utilizar cookies durante la navegaci\u00f3n del usuario. Cookie es un fichero que se descarga en su ordenador al acceder a la P\u00e1ginas Web. Entre otras cosas, las cookies permiten a una p\u00e1gina web, almacenar y recuperar informaci\u00f3n sobre los h\u00e1bitos de navegaci\u00f3n de un usuario o de su equipo y, dependiendo de la informaci\u00f3n que contengan y de la forma en que utilice su equipo, pueden utilizarse para reconocer al usuario. El navegador del usuario memoriza cookies en el disco duro solamente durante la sesi\u00f3n actual ocupando un espacio de memoria m\u00ednimo y no perjudicando al ordenador. Las cookies no contienen ninguna clase de informaci\u00f3n personal espec\u00edfica, y la mayor\u00eda de las mismas se borran del disco duro al finalizar la sesi\u00f3n de navegador (las denominadas cookies de sesi\u00f3n). La mayor\u00eda de los navegadores aceptan como est\u00e1ndar a las cookies y, con independencia de las mismas, permiten o impiden en los ajustes de seguridad las cookies temporales o memorizadas. Sin su expreso consentimiento \u2013mediante la activaci\u00f3n de las cookies en su navegador\u2013 SRP no enlazar\u00e1 en las cookies los datos memorizados con sus datos personales proporcionados.<br \/>\nSRP utiliza los siguientes tipos de cookies:<\/p>\n<ul>\n<li>Cookies t\u00e9cnicas: Son aqu\u00e9llas que permiten al usuario la navegaci\u00f3n a trav\u00e9s de una p\u00e1gina web, plataforma o aplicaci\u00f3n y la utilizaci\u00f3n de las diferentes opciones o servicios que en ella existan como, por ejemplo, controlar el tr\u00e1fico y la comunicaci\u00f3n de datos, realizar las solicitudes de contacto, de estudio de un proyecto de inversi\u00f3n o de informaci\u00f3n, utilizar elementos de seguridad durante la navegaci\u00f3n, almacenar contenidos para la difusi\u00f3n de videos o sonido o compartir contenidos a trav\u00e9s de redes sociales.<\/li>\n<li>Cookies de personalizaci\u00f3n: Son aqu\u00e9llas que permiten al usuario acceder al servicio con algunas caracter\u00edsticas de car\u00e1cter general predefinidas en funci\u00f3n de una serie de criterios en el terminal del usuario como por ejemplo serian el idioma, el tipo de navegador a trav\u00e9s del cual accede al servicio, la configuraci\u00f3n regional desde donde accede al servicio, etc.<\/li>\n<li>Cookies de an\u00e1lisis: Son aqu\u00e9llas que permiten cuantificar el n\u00famero de usuarios y as\u00ed realizar la medici\u00f3n y an\u00e1lisis estad\u00edstico de la utilizaci\u00f3n que hacen los usuarios del servicio ofertado. Para ello se analiza su navegaci\u00f3n en nuestra p\u00e1gina web con el fin de mejorar la oferta de productos o servicios que le ofrecemos.<\/li>\n<li>Cookies publicitarias: Son aqu\u00e9llas que permiten gestionar de la forma m\u00e1s eficaz posible la oferta de los espacios publicitarios que hay en la p\u00e1gina web, adecuando el contenido del anuncio al contenido del servicio solicitado o al uso que realice de nuestra p\u00e1gina web. Para ello podemos analizar sus h\u00e1bitos de navegaci\u00f3n en Internet y podemos mostrarle publicidad relacionada con su perfil de navegaci\u00f3n.<\/li>\n<li>Cookies de publicidad comportamental: Son aqu\u00e9llas que permiten la gesti\u00f3n, de la forma m\u00e1s eficaz posible, de los espacios publicitarios que, en su caso, se hayan incluido en una p\u00e1gina web, aplicaci\u00f3n o plataforma desde la que presta el servicio solicitado. Estas cookies almacenan informaci\u00f3n del comportamiento de los usuarios obtenida a trav\u00e9s de la observaci\u00f3n continuada de sus h\u00e1bitos de navegaci\u00f3n, lo que permite desarrollar un perfil espec\u00edfico para mostrar publicidad en funci\u00f3n del mismo.<\/li>\n<li>Cookies de terceros: Son aquellas que se env\u00edan al equipo terminal del usuario desde un equipo o dominio que no es gestionado por la SRP, sino por otra entidad que trata los datos obtenidos a trav\u00e9s del as cookies. La Web de SRP puede utilizar servicios de terceros que, por cuenta de SRP, recopilaran informaci\u00f3n con fines estad\u00edsticos, de uso del Site por parte del usuario y para la prestaci\u00f3n de otros servicios relacionados con la actividad del Website y otros servicios de Internet.<\/li>\n<\/ul>\n<p><strong>A continuaci\u00f3n puede ver el listado detallado de Cookies:<\/strong><br \/>\n<table class=\"wt-cli-element cookielawinfo-classic cookielawinfo-row-cat-table\"><thead><tr><th scope=\"col\" class=\"cookielawinfo-column-1\">Cookie<\/th><th scope=\"col\" class=\"cookielawinfo-column-2\">Type<\/th><th scope=\"col\" class=\"cookielawinfo-column-3\">Duration<\/th><th scope=\"col\" class=\"cookielawinfo-column-4\">Description<\/th><\/thead><tbody><tr class=\"cookielawinfo-row-cat-title\"><th colspan=\"4\" class=\"cookielawinfo-row-cat-title-head\">Analytic<\/th><\/tr><tr class=\"cookielawinfo-row\"><td class=\"cookielawinfo-column-1\">_gid<\/td><td class=\"cookielawinfo-column-2\">0<\/td><td class=\"cookielawinfo-column-3\">1 day<\/td><td class=\"cookielawinfo-column-4\">Esta cookie es instalada por Google Analytics. La cookie se utiliza para almacenar informaci\u00f3n sobre c\u00f3mo los visitantes usan un sitio web y ayuda a crear un informe anal\u00edtico de c\u00f3mo est\u00e1 funcionando el sitio web. Los datos recopilados, incluido el n\u00famero de visitantes, la fuente de donde provienen y las p\u00e1ginas, se muestran de forma an\u00f3nima.\r\n<\/td><\/tr><tr class=\"cookielawinfo-row\"><td class=\"cookielawinfo-column-1\">_ga<\/td><td class=\"cookielawinfo-column-2\">0<\/td><td class=\"cookielawinfo-column-3\">2 years<\/td><td class=\"cookielawinfo-column-4\">This cookie is installed by Google Analytics. The cookie is used to calculate visitor, session, camapign data and keep track of site usage for the site's analytics report. The cookies store information anonymously and assigns a randoly generated number to identify unique visitors.<\/td><\/tr><tr class=\"cookielawinfo-row-cat-title\"><th colspan=\"4\" class=\"cookielawinfo-row-cat-title-head\">Necessary<\/th><\/tr><tr class=\"cookielawinfo-row\"><td class=\"cookielawinfo-column-1\">viewed_cookie_policy<\/td><td class=\"cookielawinfo-column-2\">0<\/td><td class=\"cookielawinfo-column-3\">11 months<\/td><td class=\"cookielawinfo-column-4\">La cookie est\u00e1 configurada por el complemento de consentimiento de cookies de GDPR y se utiliza para almacenar si el usuario ha dado su consentimiento o no para el uso de cookies. No almacena ning\u00fan dato personal.<\/td><\/tr><tr class=\"cookielawinfo-row\"><td class=\"cookielawinfo-column-1\">cookielawinfo-checkbox-necessary<\/td><td class=\"cookielawinfo-column-2\">0<\/td><td class=\"cookielawinfo-column-3\">11 months<\/td><td class=\"cookielawinfo-column-4\">Esta cookie est\u00e1 configurada por el complemento de consentimiento de cookies de GDPR. Las cookies se utilizan para almacenar el consentimiento del usuario para las cookies en la categor\u00eda \"Necesarias\".<\/td><\/tr><tr class=\"cookielawinfo-row\"><td class=\"cookielawinfo-column-1\">cookielawinfo-checkbox-non-necessary<\/td><td class=\"cookielawinfo-column-2\">0<\/td><td class=\"cookielawinfo-column-3\">11 months<\/td><td class=\"cookielawinfo-column-4\">Esta cookie est\u00e1 configurada por el complemento de consentimiento de cookies de GDPR. Las cookies se utilizan para almacenar el consentimiento del usuario para las cookies en la categor\u00eda \"No necesarias\".<\/td><\/tr><tr class=\"cookielawinfo-row-cat-title\"><th colspan=\"4\" class=\"cookielawinfo-row-cat-title-head\">Non necessary<\/th><\/tr><tr class=\"cookielawinfo-row\"><td class=\"cookielawinfo-column-1\">test_cookie<\/td><td class=\"cookielawinfo-column-2\">0<\/td><td class=\"cookielawinfo-column-3\">11 months<\/td><td class=\"cookielawinfo-column-4\"><\/td><\/tr><tr class=\"cookielawinfo-row-cat-title\"><th colspan=\"4\" class=\"cookielawinfo-row-cat-title-head\">Performance<\/th><\/tr><tr class=\"cookielawinfo-row\"><td class=\"cookielawinfo-column-1\">_gat<\/td><td class=\"cookielawinfo-column-2\">0<\/td><td class=\"cookielawinfo-column-3\">1 minute<\/td><td class=\"cookielawinfo-column-4\">Google Universal Analytics instala estas cookies para acelerar la tasa de solicitud y limitar la recopilaci\u00f3n de datos en sitios de alto tr\u00e1fico.\r\n<\/td><\/tr><\/tbody><\/table><\/p>\n<p>En particular, este sitio Web utiliza Google Analytics. Se trata de un servicio anal\u00edtico de web prestado por Google, Inc. con domicilio en los Estados Unidos con sede central en 1600 Amphitheatre Parkway, Mountain View, California 94043. La informaci\u00f3n que genera la cookie acerca de su uso del sitio web (incluyendo su direcci\u00f3n IP) ser\u00e1 directamente transmitida y archivada por Google en los servidores de Estados Unidos. Google usar\u00e1 esta informaci\u00f3n por cuenta de SRP con el prop\u00f3sito de realizar un seguimiento de su uso del sitio web. Esto incluye la posibilidad de transmitir dicha informaci\u00f3n a terceros cuando as\u00ed lo imponga la Ley o cuando dichos terceros procesen la informaci\u00f3n por cuenta de Google. Google no asociar\u00e1 su direcci\u00f3n IP con ning\u00fan otro dato que disponga.<\/p>\n<p>La P\u00e1gina web es accesible sin necesidad de que est\u00e9n activadas las opciones referentes a los archivos cookie, si bien pueden impedir el correcto funcionamiento de determinados mecanismos de seguridad.<\/p>\n<p>El usuario, debidamente informado acerca de la existencia de cookies, al marcar la casilla de aceptaci\u00f3n de este Aviso Legal (figura al pie del mismo en el bot\u00f3n \u201cAceptar\u201d) o al marcar la que figura en el banner que enlaza a la \u201cPol\u00edtica de Cookies\u201d que aparece cada vez que se inicia la P\u00e1gina Web, consiente la instalaci\u00f3n y la utilizaci\u00f3n de las cookies antes descritas incluido su almacenamiento en servidores de Estados Unidos. Asimismo, se asume que se acepta el uso de Cookies al continuar navegando por esta p\u00e1gina web tras la aparici\u00f3n del banner sobre la informaci\u00f3n sobre la Pol\u00edtica de cookies.<\/p>\n<p>El usuario tiene la posibilidad de permitir, bloquear o eliminar las cookies instaladas en su equipo mediante la configuraci\u00f3n de las opciones de su navegador. Para m\u00e1s informaci\u00f3n acerca del manejo de las cookies a trav\u00e9s de sus navegadores, SRP pone a su disposici\u00f3n los siguientes links:<\/p>\n<ul>\n<li>Internet Explorer: <a href=\"http:\/\/windows.microsoft.com\/es-ES\/windows7\/How-to-manage-cookies-in-Internet-Explorer-9\" target=\"_blank\" rel=\"noopener noreferrer\">http:\/\/windows.microsoft.com\/es-ES\/windows7\/How-to-manage-cookies-in-Internet-Explorer-9<\/a><\/li>\n<li>Mozilla Firefox: <a href=\"http:\/\/support.mozilla.org\/es\/kb\/habilitar-y-deshabilitar-cookies-que-los-sitios-we\" target=\"_blank\" rel=\"noopener noreferrer\">http:\/\/support.mozilla.org\/es\/kb\/habilitar-y-deshabilitar-cookies-que-los-sitios-we<\/a><\/li>\n<li>GoogleChrome:<a href=\"http:\/\/support.google.com\/chrome\/bin\/answer.py?hl=es&amp;answer=95647\" target=\"_blank\" rel=\"noopener noreferrer\">http:\/\/support.google.com\/chrome\/bin\/answer.py?hl=es&amp;answer=95647<\/a><\/li>\n<li>Safari:<a href=\"http:\/\/support.apple.com\/kb\/HT1677?viewlocale=es_ES&amp;locale=es_ES\" target=\"_blank\" rel=\"noopener noreferrer\"> http:\/\/support.apple.com\/kb\/HT1677?viewlocale=es_ES&amp;locale=es_ES<\/a><\/li>\n<\/ul>\n<p>Si desea salir y borrar las cookies siga el siguiente enlace: <a class='cookielawinfo-cookie-delete wt-cli-element'>Borrar cookies<\/a><br \/>\n[\/vc_column_text][\/vc_column_inner][\/vc_row_inner][\/vc_column][\/vc_row]<\/p>\n","protected":false},"excerpt":{"rendered":"<p>[vc_row][vc_column el_class=&#8221;no-padding&#8221;][vc_row_inner][vc_column_inner][vc_column_text] COOKIES Pol\u00edtica de Cookies de la p\u00e1gina web (www.srp.es) de la Sociedad Regional de Promoci\u00f3n del Principado de Asturias, S.A. &nbsp; SRP podr\u00e1 utilizar cookies durante la navegaci\u00f3n del usuario. Cookie es un fichero que se descarga en su ordenador al acceder a la P\u00e1ginas Web. Entre otras cosas, las cookies permiten a [&hellip;]<\/p>\n","protected":false},"author":1,"featured_media":0,"parent":0,"menu_order":0,"comment_status":"closed","ping_status":"closed","template":"","meta":{"_acf_changed":false,"footnotes":""},"categories":[],"class_list":["post-2456","page","type-page","status-publish","hentry"],"acf":[],"yoast_head":"<!-- This site is optimized with the Yoast SEO plugin v23.7 - https:\/\/yoast.com\/wordpress\/plugins\/seo\/ -->\n<title>Cookies - SRP<\/title>\n<meta name=\"description\" content=\"Financiaci\u00f3n p\u00fablico-privada para pymes y emprendedores en Asturias.\" \/>\n<meta name=\"robots\" content=\"index, follow, max-snippet:-1, max-image-preview:large, max-video-preview:-1\" \/>\n<link rel=\"canonical\" href=\"https:\/\/srp.es\/en\/cookies\/\" \/>\n<meta property=\"og:locale\" content=\"en_US\" \/>\n<meta property=\"og:type\" content=\"article\" \/>\n<meta property=\"og:title\" content=\"Cookies - SRP\" \/>\n<meta property=\"og:description\" content=\"Financiaci\u00f3n p\u00fablico-privada para pymes y emprendedores en Asturias.\" \/>\n<meta property=\"og:url\" content=\"https:\/\/srp.es\/cookies\/\" \/>\n<meta property=\"og:site_name\" content=\"SRP\" \/>\n<meta property=\"article:publisher\" content=\"https:\/\/www.facebook.com\/SRPAsturias\" \/>\n<meta property=\"article:modified_time\" content=\"2020-12-01T15:51:47+00:00\" \/>\n<meta name=\"twitter:card\" content=\"summary_large_image\" \/>\n<meta name=\"twitter:site\" content=\"@SRPAsturias\" \/>\n<meta name=\"twitter:label1\" content=\"Est. reading time\" \/>\n\t<meta name=\"twitter:data1\" content=\"6 minutes\" \/>\n<script type=\"application\/ld+json\" class=\"yoast-schema-graph\">{\"@context\":\"https:\/\/schema.org\",\"@graph\":[{\"@type\":\"WebPage\",\"@id\":\"https:\/\/srp.es\/cookies\/\",\"url\":\"https:\/\/srp.es\/cookies\/\",\"name\":\"Cookies - SRP\",\"isPartOf\":{\"@id\":\"https:\/\/srp.es\/#website\"},\"datePublished\":\"2017-09-22T09:06:44+00:00\",\"dateModified\":\"2020-12-01T15:51:47+00:00\",\"description\":\"Financiaci\u00f3n p\u00fablico-privada para pymes y emprendedores en Asturias.\",\"breadcrumb\":{\"@id\":\"https:\/\/srp.es\/cookies\/#breadcrumb\"},\"inLanguage\":\"en-US\",\"potentialAction\":[{\"@type\":\"ReadAction\",\"target\":[\"https:\/\/srp.es\/cookies\/\"]}]},{\"@type\":\"BreadcrumbList\",\"@id\":\"https:\/\/srp.es\/cookies\/#breadcrumb\",\"itemListElement\":[{\"@type\":\"ListItem\",\"position\":1,\"name\":\"Portada\",\"item\":\"https:\/\/srp.es\/en\/\"},{\"@type\":\"ListItem\",\"position\":2,\"name\":\"Cookies\"}]},{\"@type\":\"WebSite\",\"@id\":\"https:\/\/srp.es\/#website\",\"url\":\"https:\/\/srp.es\/\",\"name\":\"SRP\",\"description\":\"\",\"publisher\":{\"@id\":\"https:\/\/srp.es\/#organization\"},\"potentialAction\":[{\"@type\":\"SearchAction\",\"target\":{\"@type\":\"EntryPoint\",\"urlTemplate\":\"https:\/\/srp.es\/?s={search_term_string}\"},\"query-input\":{\"@type\":\"PropertyValueSpecification\",\"valueRequired\":true,\"valueName\":\"search_term_string\"}}],\"inLanguage\":\"en-US\"},{\"@type\":\"Organization\",\"@id\":\"https:\/\/srp.es\/#organization\",\"name\":\"SRP - Sociedad Regional de Promoci\u00f3n del Principado de Asturias, S.A.\",\"url\":\"https:\/\/srp.es\/\",\"logo\":{\"@type\":\"ImageObject\",\"inLanguage\":\"en-US\",\"@id\":\"https:\/\/srp.es\/#\/schema\/logo\/image\/\",\"url\":\"https:\/\/srp.es\/wp-content\/uploads\/2018\/01\/logo-firma.jpg\",\"contentUrl\":\"https:\/\/srp.es\/wp-content\/uploads\/2018\/01\/logo-firma.jpg\",\"width\":99,\"height\":46,\"caption\":\"SRP - Sociedad Regional de Promoci\u00f3n del Principado de Asturias, S.A.\"},\"image\":{\"@id\":\"https:\/\/srp.es\/#\/schema\/logo\/image\/\"},\"sameAs\":[\"https:\/\/www.facebook.com\/SRPAsturias\",\"https:\/\/x.com\/SRPAsturias\",\"https:\/\/www.linkedin.com\/company\/958056\/admin\/\"]}]}<\/script>\n<!-- \/ Yoast SEO plugin. -->","yoast_head_json":{"title":"Cookies - SRP","description":"Financiaci\u00f3n p\u00fablico-privada para pymes y emprendedores en Asturias.","robots":{"index":"index","follow":"follow","max-snippet":"max-snippet:-1","max-image-preview":"max-image-preview:large","max-video-preview":"max-video-preview:-1"},"canonical":"https:\/\/srp.es\/en\/cookies\/","og_locale":"en_US","og_type":"article","og_title":"Cookies - SRP","og_description":"Financiaci\u00f3n p\u00fablico-privada para pymes y emprendedores en Asturias.","og_url":"https:\/\/srp.es\/cookies\/","og_site_name":"SRP","article_publisher":"https:\/\/www.facebook.com\/SRPAsturias","article_modified_time":"2020-12-01T15:51:47+00:00","twitter_card":"summary_large_image","twitter_site":"@SRPAsturias","twitter_misc":{"Est. reading time":"6 minutes"},"schema":{"@context":"https:\/\/schema.org","@graph":[{"@type":"WebPage","@id":"https:\/\/srp.es\/cookies\/","url":"https:\/\/srp.es\/cookies\/","name":"Cookies - SRP","isPartOf":{"@id":"https:\/\/srp.es\/#website"},"datePublished":"2017-09-22T09:06:44+00:00","dateModified":"2020-12-01T15:51:47+00:00","description":"Financiaci\u00f3n p\u00fablico-privada para pymes y emprendedores en Asturias.","breadcrumb":{"@id":"https:\/\/srp.es\/cookies\/#breadcrumb"},"inLanguage":"en-US","potentialAction":[{"@type":"ReadAction","target":["https:\/\/srp.es\/cookies\/"]}]},{"@type":"BreadcrumbList","@id":"https:\/\/srp.es\/cookies\/#breadcrumb","itemListElement":[{"@type":"ListItem","position":1,"name":"Portada","item":"https:\/\/srp.es\/en\/"},{"@type":"ListItem","position":2,"name":"Cookies"}]},{"@type":"WebSite","@id":"https:\/\/srp.es\/#website","url":"https:\/\/srp.es\/","name":"SRP","description":"","publisher":{"@id":"https:\/\/srp.es\/#organization"},"potentialAction":[{"@type":"SearchAction","target":{"@type":"EntryPoint","urlTemplate":"https:\/\/srp.es\/?s={search_term_string}"},"query-input":{"@type":"PropertyValueSpecification","valueRequired":true,"valueName":"search_term_string"}}],"inLanguage":"en-US"},{"@type":"Organization","@id":"https:\/\/srp.es\/#organization","name":"SRP - Sociedad Regional de Promoci\u00f3n del Principado de Asturias, S.A.","url":"https:\/\/srp.es\/","logo":{"@type":"ImageObject","inLanguage":"en-US","@id":"https:\/\/srp.es\/#\/schema\/logo\/image\/","url":"https:\/\/srp.es\/wp-content\/uploads\/2018\/01\/logo-firma.jpg","contentUrl":"https:\/\/srp.es\/wp-content\/uploads\/2018\/01\/logo-firma.jpg","width":99,"height":46,"caption":"SRP - Sociedad Regional de Promoci\u00f3n del Principado de Asturias, S.A."},"image":{"@id":"https:\/\/srp.es\/#\/schema\/logo\/image\/"},"sameAs":["https:\/\/www.facebook.com\/SRPAsturias","https:\/\/x.com\/SRPAsturias","https:\/\/www.linkedin.com\/company\/958056\/admin\/"]}]}},"_links":{"self":[{"href":"https:\/\/srp.es\/en\/wp-json\/wp\/v2\/pages\/2456"}],"collection":[{"href":"https:\/\/srp.es\/en\/wp-json\/wp\/v2\/pages"}],"about":[{"href":"https:\/\/srp.es\/en\/wp-json\/wp\/v2\/types\/page"}],"author":[{"embeddable":true,"href":"https:\/\/srp.es\/en\/wp-json\/wp\/v2\/users\/1"}],"replies":[{"embeddable":true,"href":"https:\/\/srp.es\/en\/wp-json\/wp\/v2\/comments?post=2456"}],"version-history":[{"count":4,"href":"https:\/\/srp.es\/en\/wp-json\/wp\/v2\/pages\/2456\/revisions"}],"predecessor-version":[{"id":5936,"href":"https:\/\/srp.es\/en\/wp-json\/wp\/v2\/pages\/2456\/revisions\/5936"}],"wp:attachment":[{"href":"https:\/\/srp.es\/en\/wp-json\/wp\/v2\/media?parent=2456"}],"wp:term":[{"taxonomy":"category","embeddable":true,"href":"https:\/\/srp.es\/en\/wp-json\/wp\/v2\/categories?post=2456"}],"curies":[{"name":"wp","href":"https:\/\/api.w.org\/{rel}","templated":true}]}}