{"id":4495,"date":"2023-06-15T13:11:45","date_gmt":"2023-06-15T11:11:45","guid":{"rendered":"https:\/\/srp.es\/?page_id=4495"},"modified":"2023-06-15T13:12:38","modified_gmt":"2023-06-15T11:12:38","slug":"quality-policy-3","status":"publish","type":"page","link":"https:\/\/srp.es\/en\/quality-policy-3\/","title":{"rendered":"Quality Policy"},"content":{"rendered":"<p>[vc_row fullwidth=&#8221;yes&#8221; el_class=&#8221;cabecera&#8221;][vc_column][vc_row_inner][vc_column_inner el_class=&#8221;ancho100-l caja-overflow&#8221; width=&#8221;1\/2&#8243;]<img loading=\"lazy\" decoding=\"async\" width=\"863\" height=\"600\" src=\"https:\/\/srp.es\/wp-content\/uploads\/2017\/08\/cab-calidad.jpg\" class=\"fullwidth-image attachment-\" alt=\"Pol\u00edtica de calidad\" srcset=\"https:\/\/srp.es\/wp-content\/uploads\/2017\/08\/cab-calidad.jpg 863w, https:\/\/srp.es\/wp-content\/uploads\/2017\/08\/cab-calidad-300x209.jpg 300w, https:\/\/srp.es\/wp-content\/uploads\/2017\/08\/cab-calidad-768x534.jpg 768w\" sizes=\"(max-width: 863px) 100vw, 863px\" \/>[\/vc_column_inner][vc_column_inner el_class=&#8221;caja-cab ancho100-l&#8221; width=&#8221;1\/2&#8243;]<h1 class=\" text-left   \" style=\" margin-bottom: px; \">Quality Policy<\/h1>[\/vc_column_inner][\/vc_row_inner][\/vc_column][\/vc_row][vc_row fullwidth=&#8221;yes&#8221;][vc_column][vc_row_inner][vc_column_inner el_class=&#8221;ancho100-l caja-calidad&#8221; width=&#8221;1\/2&#8243;]<h2 class=\" text-left   \" style=\" margin-bottom: px; \">Mission <\/h2>[vc_column_text]To provide funding to business initiatives located in the Principality of Asturias, with the aim of improving the social and economic environment and promoting job creation in the region.[\/vc_column_text][\/vc_column_inner][vc_column_inner el_class=&#8221;oculto-l&#8221; width=&#8221;1\/2&#8243;]<img loading=\"lazy\" decoding=\"async\" width=\"660\" height=\"333\" src=\"https:\/\/srp.es\/wp-content\/uploads\/2017\/08\/mision.jpg\" class=\"fullwidth-image attachment-\" alt=\"\" srcset=\"https:\/\/srp.es\/wp-content\/uploads\/2017\/08\/mision.jpg 660w, https:\/\/srp.es\/wp-content\/uploads\/2017\/08\/mision-300x151.jpg 300w\" sizes=\"(max-width: 660px) 100vw, 660px\" \/>[\/vc_column_inner][\/vc_row_inner][\/vc_column][\/vc_row][vc_row fullwidth=&#8221;yes&#8221;][vc_column][vc_row_inner][vc_column_inner width=&#8221;1\/2&#8243;]<img loading=\"lazy\" decoding=\"async\" width=\"660\" height=\"333\" src=\"https:\/\/srp.es\/wp-content\/uploads\/2017\/08\/vision.jpg\" class=\"fullwidth-image attachment-\" alt=\"\" srcset=\"https:\/\/srp.es\/wp-content\/uploads\/2017\/08\/vision.jpg 660w, https:\/\/srp.es\/wp-content\/uploads\/2017\/08\/vision-300x151.jpg 300w\" sizes=\"(max-width: 660px) 100vw, 660px\" \/>[\/vc_column_inner][vc_column_inner el_class=&#8221;caja-calidad&#8221; width=&#8221;1\/2&#8243;]<h2 class=\" text-left   \" style=\" margin-bottom: px; \">Vision<\/h2>[vc_column_text]To be the public-private entity of reference in Asturias for the financing of projects of Asturian entrepreneurs and companies.[\/vc_column_text][\/vc_column_inner][\/vc_row_inner][\/vc_column][\/vc_row][vc_row fullwidth=&#8221;yes&#8221;][vc_column][vc_row_inner][vc_column_inner el_class=&#8221;caja-calidad&#8221; width=&#8221;1\/2&#8243;]<h2 class=\" text-left   \" style=\" margin-bottom: px; \">Values<\/h2>[vc_column_text]The in-depth knowledge and professionalism of our team guarantee our services.<br \/>\nIntegrity, commitment and transparency guide our actions, both individually and collectively.<br \/>\nWe understand the work of financing as an expert and close accompaniment to our clients in the development of their projects.<br \/>\nThe incorporation of sustainable criteria in our actions and decisions leads us to achieve a better future for the territory and the population of the Principality of Asturias.[\/vc_column_text][\/vc_column_inner][vc_column_inner width=&#8221;1\/2&#8243;]<img loading=\"lazy\" decoding=\"async\" width=\"660\" height=\"330\" src=\"https:\/\/srp.es\/wp-content\/uploads\/2017\/08\/valores.jpg\" class=\"fullwidth-image attachment-\" alt=\"valores\" srcset=\"https:\/\/srp.es\/wp-content\/uploads\/2017\/08\/valores.jpg 660w, https:\/\/srp.es\/wp-content\/uploads\/2017\/08\/valores-300x150.jpg 300w\" sizes=\"(max-width: 660px) 100vw, 660px\" \/>[\/vc_column_inner][\/vc_row_inner][\/vc_column][\/vc_row][vc_row fullwidth=&#8221;yes&#8221; el_class=&#8221;bloque-tit&#8221;][vc_column][vc_row_inner][vc_column_inner el_class=&#8221;heading-centrar ancho100-l&#8221; width=&#8221;1\/2&#8243;]<h2 class=\" text-left   \" style=\" margin-bottom: px; \">What quality means to the SRP<\/h2><img loading=\"lazy\" decoding=\"async\" width=\"500\" height=\"448\" src=\"https:\/\/srp.es\/wp-content\/uploads\/2017\/08\/calidad.jpg\" class=\"fullwidth-image attachment-full\" alt=\"Calidad\" srcset=\"https:\/\/srp.es\/wp-content\/uploads\/2017\/08\/calidad.jpg 500w, https:\/\/srp.es\/wp-content\/uploads\/2017\/08\/calidad-300x269.jpg 300w\" sizes=\"(max-width: 500px) 100vw, 500px\" \/>[\/vc_column_inner][vc_column_inner el_class=&#8221;ancho100-l&#8221; width=&#8221;1\/2&#8243;][vc_column_text]A trav\u00e9s de la presente Pol\u00edtica Integrada de Gesti\u00f3n, SRP se compromete a trabajar de forma constante para asegurar la m\u00e1xima calidad en nuestro servicio, atendiendo a las necesidades y expectativas de nuestros grupos de inter\u00e9s. Para ello, marcamos las siguientes premisas sobre las que se articulan nuestra cultura y m\u00e9todos internos de trabajo:<\/p>\n<ul>\n<li>SPR se compromete a cumplir con los requisitos legales aplicables en cualquier \u00e1mbito, tanto los aplicables a nuestra actividad como los recogidos en nuestro Modelo de prevenci\u00f3n y detecci\u00f3n de delitos (Corporate Compliance).<\/li>\n<li>Nos marcamos los m\u00e1s altos est\u00e1ndares de calidad en nuestros servicios, en continua revisi\u00f3n y adaptaci\u00f3n, en una b\u00fasqueda constante de crecimiento y satisfacci\u00f3n de los colectivos sobre los que actuamos.<\/li>\n<li>Contamos con los mejores profesionales, que constituyen la esencia de nuestra compa\u00f1\u00eda y para los que procuramos proporcionar las mejores condiciones de trabajo, formaci\u00f3n continuada y crecimiento profesional.<\/li>\n<li>Estamos comprometidos con la sostenibilidad en nuestro entorno, por lo que buscamos tanto interna como externamente las mejores pr\u00e1cticas y soluciones para favorecer el cumplimiento de los Objetivos de Desarrollo Sostenible. En este marco de actuaci\u00f3n, apoyamos a aquellas iniciativas empresariales alineadas con la agenda 2030.<\/li>\n<\/ul>\n<p>AENOR Certificate ISO 9001:2015[\/vc_column_text][\/vc_column_inner][\/vc_row_inner][\/vc_column][\/vc_row]<\/p>\n","protected":false},"excerpt":{"rendered":"<p>[vc_row fullwidth=&#8221;yes&#8221; el_class=&#8221;cabecera&#8221;][vc_column][vc_row_inner][vc_column_inner el_class=&#8221;ancho100-l caja-overflow&#8221; width=&#8221;1\/2&#8243;][\/vc_column_inner][vc_column_inner el_class=&#8221;caja-cab ancho100-l&#8221; width=&#8221;1\/2&#8243;][\/vc_column_inner][\/vc_row_inner][\/vc_column][\/vc_row][vc_row fullwidth=&#8221;yes&#8221;][vc_column][vc_row_inner][vc_column_inner el_class=&#8221;ancho100-l caja-calidad&#8221; width=&#8221;1\/2&#8243;][vc_column_text]To provide funding to business initiatives located in the Principality of Asturias, with the aim of improving the social and economic environment and promoting job creation in the region.[\/vc_column_text][\/vc_column_inner][vc_column_inner el_class=&#8221;oculto-l&#8221; width=&#8221;1\/2&#8243;][\/vc_column_inner][\/vc_row_inner][\/vc_column][\/vc_row][vc_row fullwidth=&#8221;yes&#8221;][vc_column][vc_row_inner][vc_column_inner width=&#8221;1\/2&#8243;][\/vc_column_inner][vc_column_inner el_class=&#8221;caja-calidad&#8221; width=&#8221;1\/2&#8243;][vc_column_text]To be the public-private entity of reference in Asturias [&hellip;]<\/p>\n","protected":false},"author":1,"featured_media":0,"parent":0,"menu_order":0,"comment_status":"closed","ping_status":"closed","template":"page-fullwidth.php","meta":{"_acf_changed":false,"footnotes":""},"categories":[],"class_list":["post-4495","page","type-page","status-publish","hentry"],"acf":[],"yoast_head":"<!-- This site is optimized with the Yoast SEO plugin v23.7 - https:\/\/yoast.com\/wordpress\/plugins\/seo\/ -->\n<title>Quality Policy - SRP<\/title>\n<meta name=\"description\" content=\"Financiaci\u00f3n p\u00fablico-privada para pymes y emprendedores en Asturias.\" \/>\n<meta name=\"robots\" content=\"index, follow, max-snippet:-1, max-image-preview:large, max-video-preview:-1\" \/>\n<link rel=\"canonical\" href=\"https:\/\/srp.es\/en\/quality-policy-3\/\" \/>\n<meta property=\"og:locale\" content=\"en_US\" \/>\n<meta property=\"og:type\" content=\"article\" \/>\n<meta property=\"og:title\" content=\"Quality Policy - SRP\" \/>\n<meta property=\"og:description\" content=\"Financiaci\u00f3n p\u00fablico-privada para pymes y emprendedores en Asturias.\" \/>\n<meta property=\"og:url\" content=\"https:\/\/srp.es\/en\/quality-policy-3\/\" \/>\n<meta property=\"og:site_name\" content=\"SRP\" \/>\n<meta property=\"article:publisher\" content=\"https:\/\/www.facebook.com\/SRPAsturias\" \/>\n<meta property=\"article:modified_time\" content=\"2023-06-15T11:12:38+00:00\" \/>\n<meta name=\"twitter:card\" content=\"summary_large_image\" \/>\n<meta name=\"twitter:site\" content=\"@SRPAsturias\" \/>\n<meta name=\"twitter:label1\" content=\"Est. reading time\" \/>\n\t<meta name=\"twitter:data1\" content=\"3 minutes\" \/>\n<script type=\"application\/ld+json\" class=\"yoast-schema-graph\">{\"@context\":\"https:\/\/schema.org\",\"@graph\":[{\"@type\":\"WebPage\",\"@id\":\"https:\/\/srp.es\/en\/quality-policy-3\/\",\"url\":\"https:\/\/srp.es\/en\/quality-policy-3\/\",\"name\":\"Quality Policy - SRP\",\"isPartOf\":{\"@id\":\"https:\/\/srp.es\/#website\"},\"datePublished\":\"2023-06-15T11:11:45+00:00\",\"dateModified\":\"2023-06-15T11:12:38+00:00\",\"description\":\"Financiaci\u00f3n p\u00fablico-privada para pymes y emprendedores en Asturias.\",\"breadcrumb\":{\"@id\":\"https:\/\/srp.es\/en\/quality-policy-3\/#breadcrumb\"},\"inLanguage\":\"en-US\",\"potentialAction\":[{\"@type\":\"ReadAction\",\"target\":[\"https:\/\/srp.es\/en\/quality-policy-3\/\"]}]},{\"@type\":\"BreadcrumbList\",\"@id\":\"https:\/\/srp.es\/en\/quality-policy-3\/#breadcrumb\",\"itemListElement\":[{\"@type\":\"ListItem\",\"position\":1,\"name\":\"Portada\",\"item\":\"https:\/\/srp.es\/en\/\"},{\"@type\":\"ListItem\",\"position\":2,\"name\":\"Quality Policy\"}]},{\"@type\":\"WebSite\",\"@id\":\"https:\/\/srp.es\/#website\",\"url\":\"https:\/\/srp.es\/\",\"name\":\"SRP\",\"description\":\"\",\"publisher\":{\"@id\":\"https:\/\/srp.es\/#organization\"},\"potentialAction\":[{\"@type\":\"SearchAction\",\"target\":{\"@type\":\"EntryPoint\",\"urlTemplate\":\"https:\/\/srp.es\/?s={search_term_string}\"},\"query-input\":{\"@type\":\"PropertyValueSpecification\",\"valueRequired\":true,\"valueName\":\"search_term_string\"}}],\"inLanguage\":\"en-US\"},{\"@type\":\"Organization\",\"@id\":\"https:\/\/srp.es\/#organization\",\"name\":\"SRP - Sociedad Regional de Promoci\u00f3n del Principado de Asturias, S.A.\",\"url\":\"https:\/\/srp.es\/\",\"logo\":{\"@type\":\"ImageObject\",\"inLanguage\":\"en-US\",\"@id\":\"https:\/\/srp.es\/#\/schema\/logo\/image\/\",\"url\":\"https:\/\/srp.es\/wp-content\/uploads\/2018\/01\/logo-firma.jpg\",\"contentUrl\":\"https:\/\/srp.es\/wp-content\/uploads\/2018\/01\/logo-firma.jpg\",\"width\":99,\"height\":46,\"caption\":\"SRP - Sociedad Regional de Promoci\u00f3n del Principado de Asturias, S.A.\"},\"image\":{\"@id\":\"https:\/\/srp.es\/#\/schema\/logo\/image\/\"},\"sameAs\":[\"https:\/\/www.facebook.com\/SRPAsturias\",\"https:\/\/x.com\/SRPAsturias\",\"https:\/\/www.linkedin.com\/company\/958056\/admin\/\"]}]}<\/script>\n<!-- \/ Yoast SEO plugin. -->","yoast_head_json":{"title":"Quality Policy - SRP","description":"Financiaci\u00f3n p\u00fablico-privada para pymes y emprendedores en Asturias.","robots":{"index":"index","follow":"follow","max-snippet":"max-snippet:-1","max-image-preview":"max-image-preview:large","max-video-preview":"max-video-preview:-1"},"canonical":"https:\/\/srp.es\/en\/quality-policy-3\/","og_locale":"en_US","og_type":"article","og_title":"Quality Policy - SRP","og_description":"Financiaci\u00f3n p\u00fablico-privada para pymes y emprendedores en Asturias.","og_url":"https:\/\/srp.es\/en\/quality-policy-3\/","og_site_name":"SRP","article_publisher":"https:\/\/www.facebook.com\/SRPAsturias","article_modified_time":"2023-06-15T11:12:38+00:00","twitter_card":"summary_large_image","twitter_site":"@SRPAsturias","twitter_misc":{"Est. reading time":"3 minutes"},"schema":{"@context":"https:\/\/schema.org","@graph":[{"@type":"WebPage","@id":"https:\/\/srp.es\/en\/quality-policy-3\/","url":"https:\/\/srp.es\/en\/quality-policy-3\/","name":"Quality Policy - SRP","isPartOf":{"@id":"https:\/\/srp.es\/#website"},"datePublished":"2023-06-15T11:11:45+00:00","dateModified":"2023-06-15T11:12:38+00:00","description":"Financiaci\u00f3n p\u00fablico-privada para pymes y emprendedores en Asturias.","breadcrumb":{"@id":"https:\/\/srp.es\/en\/quality-policy-3\/#breadcrumb"},"inLanguage":"en-US","potentialAction":[{"@type":"ReadAction","target":["https:\/\/srp.es\/en\/quality-policy-3\/"]}]},{"@type":"BreadcrumbList","@id":"https:\/\/srp.es\/en\/quality-policy-3\/#breadcrumb","itemListElement":[{"@type":"ListItem","position":1,"name":"Portada","item":"https:\/\/srp.es\/en\/"},{"@type":"ListItem","position":2,"name":"Quality Policy"}]},{"@type":"WebSite","@id":"https:\/\/srp.es\/#website","url":"https:\/\/srp.es\/","name":"SRP","description":"","publisher":{"@id":"https:\/\/srp.es\/#organization"},"potentialAction":[{"@type":"SearchAction","target":{"@type":"EntryPoint","urlTemplate":"https:\/\/srp.es\/?s={search_term_string}"},"query-input":{"@type":"PropertyValueSpecification","valueRequired":true,"valueName":"search_term_string"}}],"inLanguage":"en-US"},{"@type":"Organization","@id":"https:\/\/srp.es\/#organization","name":"SRP - Sociedad Regional de Promoci\u00f3n del Principado de Asturias, S.A.","url":"https:\/\/srp.es\/","logo":{"@type":"ImageObject","inLanguage":"en-US","@id":"https:\/\/srp.es\/#\/schema\/logo\/image\/","url":"https:\/\/srp.es\/wp-content\/uploads\/2018\/01\/logo-firma.jpg","contentUrl":"https:\/\/srp.es\/wp-content\/uploads\/2018\/01\/logo-firma.jpg","width":99,"height":46,"caption":"SRP - Sociedad Regional de Promoci\u00f3n del Principado de Asturias, S.A."},"image":{"@id":"https:\/\/srp.es\/#\/schema\/logo\/image\/"},"sameAs":["https:\/\/www.facebook.com\/SRPAsturias","https:\/\/x.com\/SRPAsturias","https:\/\/www.linkedin.com\/company\/958056\/admin\/"]}]}},"_links":{"self":[{"href":"https:\/\/srp.es\/en\/wp-json\/wp\/v2\/pages\/4495"}],"collection":[{"href":"https:\/\/srp.es\/en\/wp-json\/wp\/v2\/pages"}],"about":[{"href":"https:\/\/srp.es\/en\/wp-json\/wp\/v2\/types\/page"}],"author":[{"embeddable":true,"href":"https:\/\/srp.es\/en\/wp-json\/wp\/v2\/users\/1"}],"replies":[{"embeddable":true,"href":"https:\/\/srp.es\/en\/wp-json\/wp\/v2\/comments?post=4495"}],"version-history":[{"count":2,"href":"https:\/\/srp.es\/en\/wp-json\/wp\/v2\/pages\/4495\/revisions"}],"predecessor-version":[{"id":10230,"href":"https:\/\/srp.es\/en\/wp-json\/wp\/v2\/pages\/4495\/revisions\/10230"}],"wp:attachment":[{"href":"https:\/\/srp.es\/en\/wp-json\/wp\/v2\/media?parent=4495"}],"wp:term":[{"taxonomy":"category","embeddable":true,"href":"https:\/\/srp.es\/en\/wp-json\/wp\/v2\/categories?post=4495"}],"curies":[{"name":"wp","href":"https:\/\/api.w.org\/{rel}","templated":true}]}}