{"id":656,"date":"2017-08-17T10:47:13","date_gmt":"2017-08-17T10:47:13","guid":{"rendered":"https:\/\/srp.es\/?page_id=656"},"modified":"2018-02-14T18:20:27","modified_gmt":"2018-02-14T16:20:27","slug":"confecciones-novatex","status":"publish","type":"page","link":"https:\/\/srp.es\/en\/empresas\/empresas-consolidadas\/confecciones-novatex\/","title":{"rendered":"Confecciones Novatex, S.L."},"content":{"rendered":"<p>[vc_row el_class=&#8221;caja-empresas&#8221;][vc_column][vc_row_inner][vc_column_inner]<h1 class=\" text-left   \" style=\" margin-bottom: px; \">Confecciones Novatex, S.L.<\/h1>[\/vc_column_inner][\/vc_row_inner][vc_row_inner][vc_column_inner el_class=&#8221;ancho100-m&#8221; width=&#8221;1\/2&#8243;][vc_column_text el_class=&#8221;dir&#8221;]<\/p>\n<ul>\n<li><strong>Direcci\u00f3n:<\/strong><br \/>\nPol.Ind.La Consolaci\u00f3n-Parcela A<br \/>\nLos Campos- Corvera 33416<\/li>\n<li><strong>Tel\u00e9fono:<\/strong><br \/>\n<a href=\"tel:985 514 629\">985 514 629<\/a><\/li>\n<li><strong>Sitio web:<\/strong><br \/>\n<a href=\"http:\/\/www.novatexsl.es\/\" target=\"_blank\" rel=\"noopener\">http:\/\/www.novatexsl.es\/<\/a><\/li>\n<\/ul>\n<p>[\/vc_column_text][vc_column_text]<strong>Actividad<\/strong>:<br \/>\nTransformaci\u00f3n, dise\u00f1o, fabricaci\u00f3n y comercializaci\u00f3n de ropa de trabajo, equipos de protecci\u00f3n individual (EPIS) y productos textiles de un solo uso o nonwovens, desechables de alto rendimiento elaborados a partir de fibras innovadoras, biodegradables y reciclables, destinadas a la industria, comercio, transporte, sanidad, asistencia, hosteler\u00eda, restauraci\u00f3n, turismo, cuidado personal y est\u00e9tica.[\/vc_column_text][\/vc_column_inner][vc_column_inner el_class=&#8221;ancho100-m&#8221; width=&#8221;1\/2&#8243;][vc_column_text]<iframe loading=\"lazy\" style=\"border: 0;\" src=\"https:\/\/www.google.com\/maps\/embed?pb=!1m18!1m12!1m3!1d2892.491958029523!2d-5.886866684357676!3d43.53378597912548!2m3!1f0!2f0!3f0!3m2!1i1024!2i768!4f13.1!3m3!1m2!1s0xd3684db30f4dc2d%3A0xd19dada35e8cf2da!2sConfecciones+Novatex+SL!5e0!3m2!1ses!2ses!4v1502973276557\" width=\"600\" height=\"450\" frameborder=\"0\" allowfullscreen=\"allowfullscreen\"><\/iframe>[\/vc_column_text][\/vc_column_inner][\/vc_row_inner][\/vc_column][\/vc_row][vc_row][vc_column][vc_row_inner][vc_column_inner]<div class=\"more-bottom text-center\"><a class=\"btn   btn-primary  primary-typo\" target=\"_self\" style=\"margin-bottom: px; margin-top: px;\" href=\"https:\/\/srp.es\/empresas\/\"> Ver todas las empresas<\/a><\/div>[\/vc_column_inner][\/vc_row_inner][\/vc_column][\/vc_row]<\/p>\n","protected":false},"excerpt":{"rendered":"<p>[vc_row el_class=&#8221;caja-empresas&#8221;][vc_column][vc_row_inner][vc_column_inner][\/vc_column_inner][\/vc_row_inner][vc_row_inner][vc_column_inner el_class=&#8221;ancho100-m&#8221; width=&#8221;1\/2&#8243;][vc_column_text el_class=&#8221;dir&#8221;] Direcci\u00f3n: Pol.Ind.La Consolaci\u00f3n-Parcela A Los Campos- Corvera 33416 Tel\u00e9fono: 985 514 629 Sitio web: http:\/\/www.novatexsl.es\/ [\/vc_column_text][vc_column_text]Actividad: Transformaci\u00f3n, dise\u00f1o, fabricaci\u00f3n y comercializaci\u00f3n de ropa de trabajo, equipos de protecci\u00f3n individual (EPIS) y productos textiles de un solo uso o nonwovens, desechables de alto rendimiento elaborados a partir de fibras innovadoras, biodegradables [&hellip;]<\/p>\n","protected":false},"author":1,"featured_media":612,"parent":398,"menu_order":0,"comment_status":"closed","ping_status":"closed","template":"","meta":{"_acf_changed":false,"footnotes":""},"categories":[],"class_list":["post-656","page","type-page","status-publish","has-post-thumbnail","hentry"],"acf":[],"yoast_head":"<!-- This site is optimized with the Yoast SEO plugin v23.7 - https:\/\/yoast.com\/wordpress\/plugins\/seo\/ -->\n<title>Confecciones Novatex, S.L. - SRP<\/title>\n<meta name=\"description\" content=\"Financiaci\u00f3n p\u00fablico-privada para pymes y emprendedores en Asturias.\" \/>\n<meta name=\"robots\" content=\"index, follow, max-snippet:-1, max-image-preview:large, max-video-preview:-1\" \/>\n<link rel=\"canonical\" href=\"https:\/\/srp.es\/en\/empresas\/empresas-consolidadas\/confecciones-novatex\/\" \/>\n<meta property=\"og:locale\" content=\"en_US\" \/>\n<meta property=\"og:type\" content=\"article\" \/>\n<meta property=\"og:title\" content=\"Confecciones Novatex, S.L. - SRP\" \/>\n<meta property=\"og:description\" content=\"Financiaci\u00f3n p\u00fablico-privada para pymes y emprendedores en Asturias.\" \/>\n<meta property=\"og:url\" content=\"https:\/\/srp.es\/en\/empresas\/empresas-consolidadas\/confecciones-novatex\/\" \/>\n<meta property=\"og:site_name\" content=\"SRP\" \/>\n<meta property=\"article:publisher\" content=\"https:\/\/www.facebook.com\/SRPAsturias\" \/>\n<meta property=\"article:modified_time\" content=\"2018-02-14T16:20:27+00:00\" \/>\n<meta property=\"og:image\" content=\"https:\/\/srp.es\/wp-content\/uploads\/2017\/08\/Novatex.jpg\" \/>\n\t<meta property=\"og:image:width\" content=\"150\" \/>\n\t<meta property=\"og:image:height\" content=\"102\" \/>\n\t<meta property=\"og:image:type\" content=\"image\/jpeg\" \/>\n<meta name=\"twitter:card\" content=\"summary_large_image\" \/>\n<meta name=\"twitter:site\" content=\"@SRPAsturias\" \/>\n<meta name=\"twitter:label1\" content=\"Est. reading time\" \/>\n\t<meta name=\"twitter:data1\" content=\"1 minute\" \/>\n<script type=\"application\/ld+json\" class=\"yoast-schema-graph\">{\"@context\":\"https:\/\/schema.org\",\"@graph\":[{\"@type\":\"WebPage\",\"@id\":\"https:\/\/srp.es\/en\/empresas\/empresas-consolidadas\/confecciones-novatex\/\",\"url\":\"https:\/\/srp.es\/en\/empresas\/empresas-consolidadas\/confecciones-novatex\/\",\"name\":\"Confecciones Novatex, S.L. - SRP\",\"isPartOf\":{\"@id\":\"https:\/\/srp.es\/#website\"},\"primaryImageOfPage\":{\"@id\":\"https:\/\/srp.es\/en\/empresas\/empresas-consolidadas\/confecciones-novatex\/#primaryimage\"},\"image\":{\"@id\":\"https:\/\/srp.es\/en\/empresas\/empresas-consolidadas\/confecciones-novatex\/#primaryimage\"},\"thumbnailUrl\":\"https:\/\/srp.es\/wp-content\/uploads\/2017\/08\/Novatex.jpg\",\"datePublished\":\"2017-08-17T10:47:13+00:00\",\"dateModified\":\"2018-02-14T16:20:27+00:00\",\"description\":\"Financiaci\u00f3n p\u00fablico-privada para pymes y emprendedores en Asturias.\",\"breadcrumb\":{\"@id\":\"https:\/\/srp.es\/en\/empresas\/empresas-consolidadas\/confecciones-novatex\/#breadcrumb\"},\"inLanguage\":\"en-US\",\"potentialAction\":[{\"@type\":\"ReadAction\",\"target\":[\"https:\/\/srp.es\/en\/empresas\/empresas-consolidadas\/confecciones-novatex\/\"]}]},{\"@type\":\"ImageObject\",\"inLanguage\":\"en-US\",\"@id\":\"https:\/\/srp.es\/en\/empresas\/empresas-consolidadas\/confecciones-novatex\/#primaryimage\",\"url\":\"https:\/\/srp.es\/wp-content\/uploads\/2017\/08\/Novatex.jpg\",\"contentUrl\":\"https:\/\/srp.es\/wp-content\/uploads\/2017\/08\/Novatex.jpg\",\"width\":150,\"height\":102,\"caption\":\"Novatex\"},{\"@type\":\"BreadcrumbList\",\"@id\":\"https:\/\/srp.es\/en\/empresas\/empresas-consolidadas\/confecciones-novatex\/#breadcrumb\",\"itemListElement\":[{\"@type\":\"ListItem\",\"position\":1,\"name\":\"Portada\",\"item\":\"https:\/\/srp.es\/en\/\"},{\"@type\":\"ListItem\",\"position\":2,\"name\":\"Empresas\",\"item\":\"https:\/\/srp.es\/empresas\/\"},{\"@type\":\"ListItem\",\"position\":3,\"name\":\"Empresas consolidadas\",\"item\":\"https:\/\/srp.es\/empresas\/empresas-consolidadas\/\"},{\"@type\":\"ListItem\",\"position\":4,\"name\":\"Confecciones Novatex, S.L.\"}]},{\"@type\":\"WebSite\",\"@id\":\"https:\/\/srp.es\/#website\",\"url\":\"https:\/\/srp.es\/\",\"name\":\"SRP\",\"description\":\"\",\"publisher\":{\"@id\":\"https:\/\/srp.es\/#organization\"},\"potentialAction\":[{\"@type\":\"SearchAction\",\"target\":{\"@type\":\"EntryPoint\",\"urlTemplate\":\"https:\/\/srp.es\/?s={search_term_string}\"},\"query-input\":{\"@type\":\"PropertyValueSpecification\",\"valueRequired\":true,\"valueName\":\"search_term_string\"}}],\"inLanguage\":\"en-US\"},{\"@type\":\"Organization\",\"@id\":\"https:\/\/srp.es\/#organization\",\"name\":\"SRP - Sociedad Regional de Promoci\u00f3n del Principado de Asturias, S.A.\",\"url\":\"https:\/\/srp.es\/\",\"logo\":{\"@type\":\"ImageObject\",\"inLanguage\":\"en-US\",\"@id\":\"https:\/\/srp.es\/#\/schema\/logo\/image\/\",\"url\":\"https:\/\/srp.es\/wp-content\/uploads\/2018\/01\/logo-firma.jpg\",\"contentUrl\":\"https:\/\/srp.es\/wp-content\/uploads\/2018\/01\/logo-firma.jpg\",\"width\":99,\"height\":46,\"caption\":\"SRP - Sociedad Regional de Promoci\u00f3n del Principado de Asturias, S.A.\"},\"image\":{\"@id\":\"https:\/\/srp.es\/#\/schema\/logo\/image\/\"},\"sameAs\":[\"https:\/\/www.facebook.com\/SRPAsturias\",\"https:\/\/x.com\/SRPAsturias\",\"https:\/\/www.linkedin.com\/company\/958056\/admin\/\"]}]}<\/script>\n<!-- \/ Yoast SEO plugin. -->","yoast_head_json":{"title":"Confecciones Novatex, S.L. - SRP","description":"Financiaci\u00f3n p\u00fablico-privada para pymes y emprendedores en Asturias.","robots":{"index":"index","follow":"follow","max-snippet":"max-snippet:-1","max-image-preview":"max-image-preview:large","max-video-preview":"max-video-preview:-1"},"canonical":"https:\/\/srp.es\/en\/empresas\/empresas-consolidadas\/confecciones-novatex\/","og_locale":"en_US","og_type":"article","og_title":"Confecciones Novatex, S.L. - SRP","og_description":"Financiaci\u00f3n p\u00fablico-privada para pymes y emprendedores en Asturias.","og_url":"https:\/\/srp.es\/en\/empresas\/empresas-consolidadas\/confecciones-novatex\/","og_site_name":"SRP","article_publisher":"https:\/\/www.facebook.com\/SRPAsturias","article_modified_time":"2018-02-14T16:20:27+00:00","og_image":[{"width":150,"height":102,"url":"https:\/\/srp.es\/wp-content\/uploads\/2017\/08\/Novatex.jpg","type":"image\/jpeg"}],"twitter_card":"summary_large_image","twitter_site":"@SRPAsturias","twitter_misc":{"Est. reading time":"1 minute"},"schema":{"@context":"https:\/\/schema.org","@graph":[{"@type":"WebPage","@id":"https:\/\/srp.es\/en\/empresas\/empresas-consolidadas\/confecciones-novatex\/","url":"https:\/\/srp.es\/en\/empresas\/empresas-consolidadas\/confecciones-novatex\/","name":"Confecciones Novatex, S.L. - SRP","isPartOf":{"@id":"https:\/\/srp.es\/#website"},"primaryImageOfPage":{"@id":"https:\/\/srp.es\/en\/empresas\/empresas-consolidadas\/confecciones-novatex\/#primaryimage"},"image":{"@id":"https:\/\/srp.es\/en\/empresas\/empresas-consolidadas\/confecciones-novatex\/#primaryimage"},"thumbnailUrl":"https:\/\/srp.es\/wp-content\/uploads\/2017\/08\/Novatex.jpg","datePublished":"2017-08-17T10:47:13+00:00","dateModified":"2018-02-14T16:20:27+00:00","description":"Financiaci\u00f3n p\u00fablico-privada para pymes y emprendedores en Asturias.","breadcrumb":{"@id":"https:\/\/srp.es\/en\/empresas\/empresas-consolidadas\/confecciones-novatex\/#breadcrumb"},"inLanguage":"en-US","potentialAction":[{"@type":"ReadAction","target":["https:\/\/srp.es\/en\/empresas\/empresas-consolidadas\/confecciones-novatex\/"]}]},{"@type":"ImageObject","inLanguage":"en-US","@id":"https:\/\/srp.es\/en\/empresas\/empresas-consolidadas\/confecciones-novatex\/#primaryimage","url":"https:\/\/srp.es\/wp-content\/uploads\/2017\/08\/Novatex.jpg","contentUrl":"https:\/\/srp.es\/wp-content\/uploads\/2017\/08\/Novatex.jpg","width":150,"height":102,"caption":"Novatex"},{"@type":"BreadcrumbList","@id":"https:\/\/srp.es\/en\/empresas\/empresas-consolidadas\/confecciones-novatex\/#breadcrumb","itemListElement":[{"@type":"ListItem","position":1,"name":"Portada","item":"https:\/\/srp.es\/en\/"},{"@type":"ListItem","position":2,"name":"Empresas","item":"https:\/\/srp.es\/empresas\/"},{"@type":"ListItem","position":3,"name":"Empresas consolidadas","item":"https:\/\/srp.es\/empresas\/empresas-consolidadas\/"},{"@type":"ListItem","position":4,"name":"Confecciones Novatex, S.L."}]},{"@type":"WebSite","@id":"https:\/\/srp.es\/#website","url":"https:\/\/srp.es\/","name":"SRP","description":"","publisher":{"@id":"https:\/\/srp.es\/#organization"},"potentialAction":[{"@type":"SearchAction","target":{"@type":"EntryPoint","urlTemplate":"https:\/\/srp.es\/?s={search_term_string}"},"query-input":{"@type":"PropertyValueSpecification","valueRequired":true,"valueName":"search_term_string"}}],"inLanguage":"en-US"},{"@type":"Organization","@id":"https:\/\/srp.es\/#organization","name":"SRP - Sociedad Regional de Promoci\u00f3n del Principado de Asturias, S.A.","url":"https:\/\/srp.es\/","logo":{"@type":"ImageObject","inLanguage":"en-US","@id":"https:\/\/srp.es\/#\/schema\/logo\/image\/","url":"https:\/\/srp.es\/wp-content\/uploads\/2018\/01\/logo-firma.jpg","contentUrl":"https:\/\/srp.es\/wp-content\/uploads\/2018\/01\/logo-firma.jpg","width":99,"height":46,"caption":"SRP - Sociedad Regional de Promoci\u00f3n del Principado de Asturias, S.A."},"image":{"@id":"https:\/\/srp.es\/#\/schema\/logo\/image\/"},"sameAs":["https:\/\/www.facebook.com\/SRPAsturias","https:\/\/x.com\/SRPAsturias","https:\/\/www.linkedin.com\/company\/958056\/admin\/"]}]}},"_links":{"self":[{"href":"https:\/\/srp.es\/en\/wp-json\/wp\/v2\/pages\/656"}],"collection":[{"href":"https:\/\/srp.es\/en\/wp-json\/wp\/v2\/pages"}],"about":[{"href":"https:\/\/srp.es\/en\/wp-json\/wp\/v2\/types\/page"}],"author":[{"embeddable":true,"href":"https:\/\/srp.es\/en\/wp-json\/wp\/v2\/users\/1"}],"replies":[{"embeddable":true,"href":"https:\/\/srp.es\/en\/wp-json\/wp\/v2\/comments?post=656"}],"version-history":[{"count":5,"href":"https:\/\/srp.es\/en\/wp-json\/wp\/v2\/pages\/656\/revisions"}],"predecessor-version":[{"id":2606,"href":"https:\/\/srp.es\/en\/wp-json\/wp\/v2\/pages\/656\/revisions\/2606"}],"up":[{"embeddable":true,"href":"https:\/\/srp.es\/en\/wp-json\/wp\/v2\/pages\/398"}],"wp:featuredmedia":[{"embeddable":true,"href":"https:\/\/srp.es\/en\/wp-json\/wp\/v2\/media\/612"}],"wp:attachment":[{"href":"https:\/\/srp.es\/en\/wp-json\/wp\/v2\/media?parent=656"}],"wp:term":[{"taxonomy":"category","embeddable":true,"href":"https:\/\/srp.es\/en\/wp-json\/wp\/v2\/categories?post=656"}],"curies":[{"name":"wp","href":"https:\/\/api.w.org\/{rel}","templated":true}]}}